{"id":13194,"date":"2021-12-03T08:40:27","date_gmt":"2021-12-03T08:40:27","guid":{"rendered":"https:\/\/www.grillsymbol.com\/shop\/sin%20categor\u00eda\/grillsymbol-paella-cooking-set-basic-960-o-96-cm\/"},"modified":"2023-10-13T08:56:58","modified_gmt":"2023-10-13T08:56:58","slug":"grillsymbol-barbacoa-paellero-basic-960-o-96-cm","status":"publish","type":"product","link":"https:\/\/www.grillsymbol.com\/es\/shop\/barbacoas-paellero\/grillsymbol-barbacoa-paellero-basic-960-o-96-cm\/","title":{"rendered":"GrillSymbol Barbacoa paellero Basic-960, \u00f8 96 cm"},"content":{"rendered":"<p>&nbsp;<\/p>\n<ul>\n<li><span class=\"VIiyi\" lang=\"en\"><span class=\"JLqJ4b ChMk0b\" data-language-for-alternatives=\"en\" data-language-to-translate-into=\"sv\" data-phrase-index=\"2\" data-number-of-phrases=\"29\">Di\u00e1metro: 96 cm<\/span><\/span><\/li>\n<li><span class=\"VIiyi\" lang=\"en\"><span class=\"JLqJ4b ChMk0b\" data-language-for-alternatives=\"en\" data-language-to-translate-into=\"sv\" data-phrase-index=\"4\" data-number-of-phrases=\"29\">Di\u00e1metro de la base: 85 cm<\/span><\/span><\/li>\n<li><span class=\"VIiyi\" lang=\"en\"><span class=\"JLqJ4b ChMk0b\" data-language-for-alternatives=\"en\" data-language-to-translate-into=\"sv\" data-phrase-index=\"6\" data-number-of-phrases=\"29\">Capacidad: 50-80 porciones<\/span><\/span><\/li>\n<li><span class=\"VIiyi\" lang=\"en\"><span class=\"JLqJ4b ChMk0b\" data-language-for-alternatives=\"en\" data-language-to-translate-into=\"sv\" data-phrase-index=\"8\" data-number-of-phrases=\"29\">Altura: 85 cm<\/span><\/span><\/li>\n<li>Altura del borde de la sart\u00e9n: 5 cm<\/li>\n<li><span class=\"VIiyi\" lang=\"en\"><span class=\"JLqJ4b ChMk0b\" data-language-for-alternatives=\"en\" data-language-to-translate-into=\"sv\" data-phrase-index=\"12\" data-number-of-phrases=\"29\">Peso: La sart\u00e9n<\/span><\/span><span class=\"VIiyi\" lang=\"en\"><span class=\"JLqJ4b ChMk0b\" data-language-for-alternatives=\"en\" data-language-to-translate-into=\"sv\" data-phrase-index=\"12\" data-number-of-phrases=\"29\"> 19 kg, el kit completo 35 kg<\/span> (peso ligero, bueno para transportar)<\/span><\/li>\n<li>La sart\u00e9n est\u00e1 hecha de acero de 3 mm<\/li>\n<li><span class=\"VIiyi\" lang=\"en\"><span class=\"JLqJ4b ChMk0b\" data-language-for-alternatives=\"en\" data-language-to-translate-into=\"sv\" data-phrase-index=\"17\" data-number-of-phrases=\"29\">Quemador: 21 kW, di\u00e1metro de 600 mm (Garcima)<\/span><\/span><\/li>\n<li>Los tres circuitos del quemador se pueden ajustar por separado<\/li>\n<li>Consumo de gas a plena capacidad 1,5 kg\/h, en circunstancias normales desde 0,5 hasta 1 kg\/h<\/li>\n<li>Las patas se desmontan y montan con tornillos (mariposa)<\/li>\n<\/ul>\n<p>&nbsp;<\/p>\n<p>\u00a1NB! La boquilla adecuada se monta en f\u00e1brica seg\u00fan el pa\u00eds de destino del pedido.<\/p>\n<p>\u00a1NB! El regulador de gas, la manguera de gas y la tapa no est\u00e1n incluidos en el set.<\/p>\n","protected":false},"excerpt":{"rendered":"<p><span class=\"VIiyi\" lang=\"en\"><span class=\"JLqJ4b ChMk0b\" data-language-for-alternatives=\"en\" data-language-to-translate-into=\"sv\" data-phrase-index=\"0\" data-number-of-phrases=\"8\">Sart\u00e9n de acero con borde alto y muy buenas caracter\u00edsticas para cociar, ideal para freir. La sart\u00e9n esta hecha en acero de 3 mm, es <strong>f\u00e1cil de transportar<\/strong> y montar. El peso de una sart\u00e9n de hasta un metro es de solo 19 kg y el peso del conjunto es de 35 kg.<\/span><\/span><\/p>\n<p><strong>Basic-960 <\/strong>permite alimentar a grandes multitudes muy r\u00e1pidamente: de 50 a 200 porciones por hora, seg\u00fan la comida y la demanda.<\/p>\n<p><strong>Basic-960<\/strong> permite preparar diversos platos con ingredientes tanto crudos como precocinados. En la sart\u00e9n caben 50-80 porciones, dependiendo de lo que se prepare en la sart\u00e9n. El borde de la sart\u00e9n de 5 cm de altura, permite guisar y cocer al vapor los alimentos (debajo de la tapa), lo que es una gran ventaja en comparaci\u00f3n con una sart\u00e9n con el borde bajo.<\/p>\n","protected":false},"featured_media":18121,"comment_status":"open","ping_status":"closed","template":"","meta":{"footnotes":""},"class_list":["post-13194","product","type-product","status-publish","has-post-thumbnail","hentry","product_cat-barbacoas-paellero"],"_links":{"self":[{"href":"https:\/\/www.grillsymbol.com\/es\/wp-json\/wp\/v2\/product\/13194","targetHints":{"allow":["GET"]}}],"collection":[{"href":"https:\/\/www.grillsymbol.com\/es\/wp-json\/wp\/v2\/product"}],"about":[{"href":"https:\/\/www.grillsymbol.com\/es\/wp-json\/wp\/v2\/types\/product"}],"replies":[{"embeddable":true,"href":"https:\/\/www.grillsymbol.com\/es\/wp-json\/wp\/v2\/comments?post=13194"}],"version-history":[{"count":0,"href":"https:\/\/www.grillsymbol.com\/es\/wp-json\/wp\/v2\/product\/13194\/revisions"}],"wp:featuredmedia":[{"embeddable":true,"href":"https:\/\/www.grillsymbol.com\/es\/wp-json\/wp\/v2\/media\/18121"}],"wp:attachment":[{"href":"https:\/\/www.grillsymbol.com\/es\/wp-json\/wp\/v2\/media?parent=13194"}],"curies":[{"name":"wp","href":"https:\/\/api.w.org\/{rel}","templated":true}]}}