{"id":13226,"date":"2021-12-03T08:49:38","date_gmt":"2021-12-03T08:49:38","guid":{"rendered":"https:\/\/www.grillsymbol.com\/shop\/sin%20categor\u00eda\/grillsymbol-wok-solution-545-inox\/"},"modified":"2022-04-20T17:24:33","modified_gmt":"2022-04-20T17:24:33","slug":"grillsymbol-sarten-wok-545-inox","status":"publish","type":"product","link":"https:\/\/www.grillsymbol.com\/es\/shop\/paelleras-y-sartenes-wok\/grillsymbol-sarten-wok-545-inox\/","title":{"rendered":"GrillSymbol sart\u00e9n wok 545 inox"},"content":{"rendered":"<ul>\n<li>Di\u00e1metro: 54 cm<\/li>\n<li>Capacidad: 20 porciones<\/li>\n<li>Profundidad: 10 cm<\/li>\n<li>Peso: 10 kg<\/li>\n<li>La sart\u00e9n esta hecha de acero de 3 mm<\/li>\n<li>Incluye el adaptador<\/li>\n<\/ul>\n","protected":false},"excerpt":{"rendered":"<p><strong>WS-545i<\/strong>\u00a0se puede instalar\u00a0 en los modelos PRO-580 y PRO-580 inox y en la estufa de gas TW-580\/ TW-580i. Si lo combinas con la soluci\u00f3n de wok, obtienes un juego de sartenes multifuncional, donde puedes preparar una amplia variedad de platos cambiando la sart\u00e9n.<\/p>\n<p>El wok de acero inoxidable, profundo y de fondo grueso (3mm) es espacioso. La forma convexa de la sart\u00e9n permite utilizarla tambi\u00e9n como freidora: Churros, bu\u00f1uelos, tempura, rollitos de primavera, etc. En la sart\u00e9n de acero inoxidable se pueden hacer tambi\u00e9n diversas sopas.<\/p>\n<p>Disponible tapa ligera de aluminio L545.<\/p>\n","protected":false},"featured_media":14029,"comment_status":"open","ping_status":"closed","template":"","meta":{"footnotes":""},"class_list":["post-13226","product","type-product","status-publish","has-post-thumbnail","hentry","product_cat-paelleras-y-sartenes-wok"],"_links":{"self":[{"href":"https:\/\/www.grillsymbol.com\/es\/wp-json\/wp\/v2\/product\/13226","targetHints":{"allow":["GET"]}}],"collection":[{"href":"https:\/\/www.grillsymbol.com\/es\/wp-json\/wp\/v2\/product"}],"about":[{"href":"https:\/\/www.grillsymbol.com\/es\/wp-json\/wp\/v2\/types\/product"}],"replies":[{"embeddable":true,"href":"https:\/\/www.grillsymbol.com\/es\/wp-json\/wp\/v2\/comments?post=13226"}],"version-history":[{"count":0,"href":"https:\/\/www.grillsymbol.com\/es\/wp-json\/wp\/v2\/product\/13226\/revisions"}],"wp:featuredmedia":[{"embeddable":true,"href":"https:\/\/www.grillsymbol.com\/es\/wp-json\/wp\/v2\/media\/14029"}],"wp:attachment":[{"href":"https:\/\/www.grillsymbol.com\/es\/wp-json\/wp\/v2\/media?parent=13226"}],"curies":[{"name":"wp","href":"https:\/\/api.w.org\/{rel}","templated":true}]}}