{"id":13259,"date":"2021-12-03T08:57:17","date_gmt":"2021-12-03T08:57:17","guid":{"rendered":"https:\/\/www.grillsymbol.com\/shop\/sin%20categor\u00eda\/grillsymbol-cataplana-panadapter-ws-545-cat\/"},"modified":"2022-04-24T05:59:36","modified_gmt":"2022-04-24T05:59:36","slug":"sarten-grillsymbol-cataplana-adaptador-ws-545-cat","status":"publish","type":"product","link":"https:\/\/www.grillsymbol.com\/es\/shop\/paelleras-y-sartenes-wok\/sarten-grillsymbol-cataplana-adaptador-ws-545-cat\/","title":{"rendered":"Sart\u00e9n GrillSymbol Cataplana + adaptador WS-545 CAT"},"content":{"rendered":"<ul>\n<li>Di\u00e1metro: 54 cm<\/li>\n<li>Profundidad: 10 cm<\/li>\n<li>Capacidad: 20 porciones<\/li>\n<li>Peso: 10 kg<\/li>\n<li>El set incluye un adaptador de refuerzo<\/li>\n<li>Hecha de acero de 3 mm<\/li>\n<\/ul>\n","protected":false},"excerpt":{"rendered":"<p><strong>El set de WS-545-CAT incluye una sart\u00e9n Cataplana GrillSymbol grande y espaciosa con el adaptador.<\/strong>\u00a0\u00a0Una sarten wok, que con la tapa convexa, funciona exactamente como una sart\u00e9n Cataplana tradicional. Las sartenes Cataplana GrillSymbol no tienen soportes de montaje en la tapa, por lo que es f\u00e1cil cambiar el prop\u00f3sito de la sart\u00e9n. Se puede instalar en los modelos<strong> PRO-580\/ PRO-580\u00a0inox<\/strong> y en la cocina de gas\u00a0<strong>TW-580.<\/strong><\/p>\n<p>La sart\u00e9n de acero, profunda y de fondo grueso (3 mm) con una tapa ligera de aluminio funciona como una cataplana y sin tapa como una sart\u00e9n wok. Gracias a su concavidad, se puede cocinar una gran variedad de alimentos, desde la cocina mediterr\u00e1nea hasta la japonesa. La forma convexa de la sart\u00e9n permite utilizarla tambi\u00e9n como freidora: Churros, bu\u00f1uelos, tempura, rollitos de primavera, etc.<\/p>\n","protected":false},"featured_media":13562,"comment_status":"open","ping_status":"closed","template":"","meta":{"footnotes":""},"class_list":["post-13259","product","type-product","status-publish","has-post-thumbnail","hentry","product_cat-paelleras-y-sartenes-wok"],"_links":{"self":[{"href":"https:\/\/www.grillsymbol.com\/es\/wp-json\/wp\/v2\/product\/13259","targetHints":{"allow":["GET"]}}],"collection":[{"href":"https:\/\/www.grillsymbol.com\/es\/wp-json\/wp\/v2\/product"}],"about":[{"href":"https:\/\/www.grillsymbol.com\/es\/wp-json\/wp\/v2\/types\/product"}],"replies":[{"embeddable":true,"href":"https:\/\/www.grillsymbol.com\/es\/wp-json\/wp\/v2\/comments?post=13259"}],"version-history":[{"count":0,"href":"https:\/\/www.grillsymbol.com\/es\/wp-json\/wp\/v2\/product\/13259\/revisions"}],"wp:featuredmedia":[{"embeddable":true,"href":"https:\/\/www.grillsymbol.com\/es\/wp-json\/wp\/v2\/media\/13562"}],"wp:attachment":[{"href":"https:\/\/www.grillsymbol.com\/es\/wp-json\/wp\/v2\/media?parent=13259"}],"curies":[{"name":"wp","href":"https:\/\/api.w.org\/{rel}","templated":true}]}}