{"id":13316,"date":"2021-12-03T10:27:38","date_gmt":"2021-12-03T10:27:38","guid":{"rendered":"https:\/\/www.grillsymbol.com\/shop\/sin%20categor\u00eda\/grillsymbol-wok-pan-wp-450-o-45-cm\/"},"modified":"2022-04-20T16:23:01","modified_gmt":"2022-04-20T16:23:01","slug":"grillsymbol-sarten-wok-wp-450-o-45-cm","status":"publish","type":"product","link":"https:\/\/www.grillsymbol.com\/es\/shop\/paelleras-y-sartenes-wok\/grillsymbol-sarten-wok-wp-450-o-45-cm\/","title":{"rendered":"GrillSymbol sart\u00e9n wok WP-450, \u00f8 45 cm"},"content":{"rendered":"<ul>\n<li>Di\u00e1metro: 45 cm<\/li>\n<li>Capacidad: 10-12 porciones<\/li>\n<li>Profundidad: 10 cm<\/li>\n<li>Peso: 5 kg<\/li>\n<li>La sart\u00e9n est\u00e1 hecha de acero de 3 mm<\/li>\n<\/ul>\n","protected":false},"excerpt":{"rendered":"<p><strong>WP-450<\/strong> es un wok de acero cl\u00e1sico con buenas caracter\u00edsticas para cocinar. La sart\u00e9n profunda, de fondo grueso (3 mm) y 45 cm de di\u00e1metro,\u00a0 tiene una gran capacidad. La forma curva de la sart\u00e9n (adem\u00e1s de para hacer platos al wok) permite utilizarla como freidora: Churros, bu\u00f1uelos, tempura, rollitos de primavera, etc.<\/p>\n<p>Si tienes el set de sartenes GrillSymbol PRO-460 o PRO-460 inox, te recomendamos que compres el wok de acero con adaptador, es decir, el producto WS-450, y te llevas un set de sartenes multifuncional, donde cambiando de sart\u00e9n, podr\u00e1s hacer una gran variedad de platos.<\/p>\n<p>Disponible tambi\u00e9n la tapa ligera de aluminio L450.<\/p>\n","protected":false},"featured_media":16209,"comment_status":"open","ping_status":"closed","template":"","meta":{"footnotes":""},"class_list":["post-13316","product","type-product","status-publish","has-post-thumbnail","hentry","product_cat-paelleras-y-sartenes-wok"],"_links":{"self":[{"href":"https:\/\/www.grillsymbol.com\/es\/wp-json\/wp\/v2\/product\/13316","targetHints":{"allow":["GET"]}}],"collection":[{"href":"https:\/\/www.grillsymbol.com\/es\/wp-json\/wp\/v2\/product"}],"about":[{"href":"https:\/\/www.grillsymbol.com\/es\/wp-json\/wp\/v2\/types\/product"}],"replies":[{"embeddable":true,"href":"https:\/\/www.grillsymbol.com\/es\/wp-json\/wp\/v2\/comments?post=13316"}],"version-history":[{"count":0,"href":"https:\/\/www.grillsymbol.com\/es\/wp-json\/wp\/v2\/product\/13316\/revisions"}],"wp:featuredmedia":[{"embeddable":true,"href":"https:\/\/www.grillsymbol.com\/es\/wp-json\/wp\/v2\/media\/16209"}],"wp:attachment":[{"href":"https:\/\/www.grillsymbol.com\/es\/wp-json\/wp\/v2\/media?parent=13316"}],"curies":[{"name":"wp","href":"https:\/\/api.w.org\/{rel}","templated":true}]}}