{"id":13321,"date":"2021-12-03T10:27:18","date_gmt":"2021-12-03T10:27:18","guid":{"rendered":"https:\/\/www.grillsymbol.com\/shop\/sin%20categor\u00eda\/grillsymbol-bbq-smoker-smoky-beast-silver\/"},"modified":"2026-04-29T06:07:14","modified_gmt":"2026-04-29T06:07:14","slug":"grillsymbol-horno-ahumador-smoky-beast-silver","status":"publish","type":"product","link":"https:\/\/www.grillsymbol.com\/es\/shop\/barbacoas-ahumadora-y-barbacoas-de-carbon\/grillsymbol-horno-ahumador-smoky-beast-silver\/","title":{"rendered":"GrillSymbol horno ahumador Smoky Beast Silver"},"content":{"rendered":"<p><strong>Smoky Beast<\/strong>\u00a0tiene una mayor capacidad que los modelos m\u00e1s grandes de barbacoa de cer\u00e1mica Kamado. (etiquetado como XL, Big Joe \/ Pro Joe). El \u00e1rea total de las dos rejillas es de 5865 cm2.<\/p>\n<p>La Barbacoa no necesita almacenarse ni cubrirse bajo techo durante el invierno, ya que Cor-Ten y el acero inoxidable pueden soportar cualquier clima. El acero tambi\u00e9n soporta bien las fluctuaciones de temperatura: no hay peligro de rotura o agrietamiento.<\/p>\n<p>&nbsp;<\/p>\n<p>El precio incluye: ba\u00f1o de carb\u00f3n, m\u00f3dulo para briquetas de barbacoa, estantes laterales.<\/p>\n<p>&nbsp;<\/p>\n<ul>\n<li>La parrilla BBQ est\u00e1 fabricada en acero inoxidable de 3 mm<\/li>\n<li>La parte de la calefacci\u00f3n est\u00e1 hecha en acero Cor-Ten de 3 mm<\/li>\n<li>Peso del horno ahumador: 95 kg (todas las partes juntas)<\/li>\n<li>La parte del horneado y la calefacci\u00f3n se pueden separar uno de otro, as\u00ed como tambi\u00e9n se pueden separar las chimeneas<\/li>\n<li>La barbacoa no se pinta<\/li>\n<li>Bisagras irrompibles (acero inoxidable de 5 mm)<\/li>\n<li>La parte del horneado mide 70 x 50 cm<\/li>\n<li>Dos rejillas de acero inoxidable para hornear en diferentes niveles con dimensiones: 68 x 49 cm y 68 x 34 cm<\/li>\n<li><strong>Capacidad:\u00a0<\/strong>dos rejillas pueden contener aprox 20 kg de costillas culinarias a la vez<\/li>\n<li>Las chimeneas en ambos lados aseguran una distribuci\u00f3n uniforme del calor<\/li>\n<li>El agua se agrega al ba\u00f1o de agua a trav\u00e9s de un tubo especial y no es necesario abrir el horno<\/li>\n<li>La grasa sale del horno a trav\u00e9s del ba\u00f1o inclinado y gotea en un cubo especial<\/li>\n<li>Los ba\u00f1os de grasa, agua y carb\u00f3n est\u00e1n fabricados en acero inoxidable<\/li>\n<li>En la parte superior de las chimeneas hay amortiguadores que se pueden usar para regular la temperatura del horno<\/li>\n<li>La barbacoa tiene un term\u00f3metro externo (escala 0-300 C)<\/li>\n<li>La profundidad del horno 48 cm, rejilla del fondo de hierro fundido<\/li>\n<li>La parte frontal del horno tiene una placa de 20 x 20 cm, donde se pueden calentar salsas<\/li>\n<li>La puerta del horno tiene doble pared y es m\u00e1s resistente al calor<\/li>\n<\/ul>\n<p>&nbsp;<\/p>\n<p>\u00a1Las superficies de acero inoxidable Smoky Beast Silver hechas a mano y el horno de acero Cor-Ten son una excelente combinaci\u00f3n de un buen horno ahumador para barbacoa y dise\u00f1o n\u00f3rdico!<\/p>\n","protected":false},"excerpt":{"rendered":"<p>Un cl\u00e1sico <strong>horno ahumador BBQ<\/strong> de dos chimeneas, con el que podr\u00e1s obtener la mejor experiencia de sabores. Fabricado artesanalmente en <strong>acero inoxidable<\/strong> y <strong>acero Cor-Ten<\/strong>. Para hornear barbacoas, el horno se puede calentar tanto con le\u00f1a como con briquetas de barbacoa. Tambi\u00e9n se puede utilizar como barbacoa de carb\u00f3n<strong>.<\/strong>\u00a0Si la barbacoa est\u00e1 caliente para cocinar o ahumar, hay un ba\u00f1o de carb\u00f3n especial para asar a la parrilla, que se instala debajo de las rejillas.<\/p>\n<p><strong>Smoky Beast Silver<\/strong> est\u00e1 hecho 100% de acero inoxidable. Las superficies de acero inoxidable hechas a mano y el horno de acero Cor-Ten son una combinaci\u00f3n llamativa.<\/p>\n","protected":false},"featured_media":16560,"comment_status":"open","ping_status":"closed","template":"","meta":{"footnotes":""},"class_list":["post-13321","product","type-product","status-publish","has-post-thumbnail","hentry","product_cat-barbacoas-ahumadora-y-barbacoas-de-carbon"],"_links":{"self":[{"href":"https:\/\/www.grillsymbol.com\/es\/wp-json\/wp\/v2\/product\/13321","targetHints":{"allow":["GET"]}}],"collection":[{"href":"https:\/\/www.grillsymbol.com\/es\/wp-json\/wp\/v2\/product"}],"about":[{"href":"https:\/\/www.grillsymbol.com\/es\/wp-json\/wp\/v2\/types\/product"}],"replies":[{"embeddable":true,"href":"https:\/\/www.grillsymbol.com\/es\/wp-json\/wp\/v2\/comments?post=13321"}],"version-history":[{"count":1,"href":"https:\/\/www.grillsymbol.com\/es\/wp-json\/wp\/v2\/product\/13321\/revisions"}],"predecessor-version":[{"id":35574,"href":"https:\/\/www.grillsymbol.com\/es\/wp-json\/wp\/v2\/product\/13321\/revisions\/35574"}],"wp:featuredmedia":[{"embeddable":true,"href":"https:\/\/www.grillsymbol.com\/es\/wp-json\/wp\/v2\/media\/16560"}],"wp:attachment":[{"href":"https:\/\/www.grillsymbol.com\/es\/wp-json\/wp\/v2\/media?parent=13321"}],"curies":[{"name":"wp","href":"https:\/\/api.w.org\/{rel}","templated":true}]}}