{"id":13341,"date":"2021-12-03T10:49:35","date_gmt":"2021-12-03T10:49:35","guid":{"rendered":"https:\/\/www.grillsymbol.com\/shop\/sin%20categor\u00eda\/grillsymbol-cataplana-lid-for-pro-545\/"},"modified":"2024-04-03T11:08:12","modified_gmt":"2024-04-03T11:08:12","slug":"tapa-grillsymbol-wok-cataplana-para-modelo-pro-545","status":"publish","type":"product","link":"https:\/\/www.grillsymbol.com\/es\/shop\/tapas-para-paelleras\/tapa-grillsymbol-wok-cataplana-para-modelo-pro-545\/","title":{"rendered":"Tapa GrillSymbol Wok-Cataplana para modelo PRO-545"},"content":{"rendered":"<ul>\n<li>Di\u00e1metro: 52 cm<\/li>\n<li>Fabricado en aluminio de 2 mm<\/li>\n<li>Peso: 1.5 kg<\/li>\n<li>Gancho para colgar incluido<\/li>\n<li>El mango es f\u00e1cil de instalar\/ quitar<\/li>\n<\/ul>\n<p>&nbsp;<\/p>\n<p>\u00a1NB! Puede haber restos de \u00f3xido de aluminio, es decir, manchas blancas en el interior de la tapa. Esta es una caracter\u00edstica especial del material y no tiene ning\u00fan efecto en t\u00e9rminos de uso. Visualmente tambi\u00e9n desaparecen bastante r\u00e1pido, ya que durante el cocinado la superficie interior de la tapa se cubre de salpicaduras de grasa.<\/p>\n","protected":false},"excerpt":{"rendered":"<p>Tapa ligera de aluminio, apta para juegos de wok PRO-545\/ PRO-545 inox. Adem\u00e1s tambi\u00e9n para las sartenes WP-545\/ WP-545i\/ WS-545\/ WS-545i.<\/p>\n","protected":false},"featured_media":13490,"comment_status":"open","ping_status":"closed","template":"","meta":{"footnotes":""},"class_list":["post-13341","product","type-product","status-publish","has-post-thumbnail","hentry","product_cat-tapas-para-paelleras"],"_links":{"self":[{"href":"https:\/\/www.grillsymbol.com\/es\/wp-json\/wp\/v2\/product\/13341","targetHints":{"allow":["GET"]}}],"collection":[{"href":"https:\/\/www.grillsymbol.com\/es\/wp-json\/wp\/v2\/product"}],"about":[{"href":"https:\/\/www.grillsymbol.com\/es\/wp-json\/wp\/v2\/types\/product"}],"replies":[{"embeddable":true,"href":"https:\/\/www.grillsymbol.com\/es\/wp-json\/wp\/v2\/comments?post=13341"}],"version-history":[{"count":0,"href":"https:\/\/www.grillsymbol.com\/es\/wp-json\/wp\/v2\/product\/13341\/revisions"}],"wp:featuredmedia":[{"embeddable":true,"href":"https:\/\/www.grillsymbol.com\/es\/wp-json\/wp\/v2\/media\/13490"}],"wp:attachment":[{"href":"https:\/\/www.grillsymbol.com\/es\/wp-json\/wp\/v2\/media?parent=13341"}],"curies":[{"name":"wp","href":"https:\/\/api.w.org\/{rel}","templated":true}]}}