{"id":13347,"date":"2021-12-03T10:49:49","date_gmt":"2021-12-03T10:49:49","guid":{"rendered":"https:\/\/www.grillsymbol.com\/shop\/sin%20categor\u00eda\/grillsymbol-wok-pan-wp-545-inox-o-54-cm\/"},"modified":"2023-12-14T10:18:49","modified_gmt":"2023-12-14T10:18:49","slug":"grillsymbol-sarten-wok-wp-545-inox-o-54-cm","status":"publish","type":"product","link":"https:\/\/www.grillsymbol.com\/es\/shop\/paelleras-y-sartenes-wok\/grillsymbol-sarten-wok-wp-545-inox-o-54-cm\/","title":{"rendered":"GrillSymbol sart\u00e9n wok WP-545 inox, \u00f8 54 cm"},"content":{"rendered":"<ul>\n<li>Di\u00e1metro: 54 cm<\/li>\n<li>Capacidad: 20 porciones<\/li>\n<li>Profundidad: 10 cm<\/li>\n<li>Peso: 9 kg<\/li>\n<li>La sart\u00e9n esta hecha de acero inoxidable de 3 mm<\/li>\n<\/ul>\n","protected":false},"excerpt":{"rendered":"<p>La sart\u00e9n profunda, de acero inoxidable y fondo grueso (3 mm), permite preparar una amplia variedad de platos, desde la cocina mediterr\u00e1nea hasta la japonesa.\u00a0 La forma curva de la sart\u00e9n permite utilizarla como freidora: Churros, bu\u00f1uelos, tempura, rollitos de primavera, etc. En la sart\u00e9n de acero inoxidable, se pueden preparar tambi\u00e9n distintas sopas.<\/p>\n<p>Si tienes el set de sartenes GrillSymbol PRO-580 o PRO-580 inox, te recomendamos comprar la sart\u00e9n wok con adaptador, es decir, el producto WS-545i, y te llevas un set de sartenes multifuncional, donde cambiando de sart\u00e9n, podr\u00e1s hacer una gran variedad de platos.<\/p>\n<p>Disponible tambi\u00e9n la tapa ligera de aluminio L545.<\/p>\n","protected":false},"featured_media":16245,"comment_status":"open","ping_status":"closed","template":"","meta":{"footnotes":""},"class_list":{"0":"post-13347","1":"product","2":"type-product","3":"status-publish","4":"has-post-thumbnail","5":"hentry","6":"product_cat-paelleras-y-sartenes-wok","10":"product_cat-paelleras-y-wok-de-acero-inoxidable"},"_links":{"self":[{"href":"https:\/\/www.grillsymbol.com\/es\/wp-json\/wp\/v2\/product\/13347","targetHints":{"allow":["GET"]}}],"collection":[{"href":"https:\/\/www.grillsymbol.com\/es\/wp-json\/wp\/v2\/product"}],"about":[{"href":"https:\/\/www.grillsymbol.com\/es\/wp-json\/wp\/v2\/types\/product"}],"replies":[{"embeddable":true,"href":"https:\/\/www.grillsymbol.com\/es\/wp-json\/wp\/v2\/comments?post=13347"}],"version-history":[{"count":0,"href":"https:\/\/www.grillsymbol.com\/es\/wp-json\/wp\/v2\/product\/13347\/revisions"}],"wp:featuredmedia":[{"embeddable":true,"href":"https:\/\/www.grillsymbol.com\/es\/wp-json\/wp\/v2\/media\/16245"}],"wp:attachment":[{"href":"https:\/\/www.grillsymbol.com\/es\/wp-json\/wp\/v2\/media?parent=13347"}],"curies":[{"name":"wp","href":"https:\/\/api.w.org\/{rel}","templated":true}]}}