{"id":18795,"date":"2022-09-21T09:35:31","date_gmt":"2022-09-21T09:35:32","guid":{"rendered":"https:\/\/www.grillsymbol.com\/?post_type=product&#038;p=18795"},"modified":"2023-12-21T08:36:58","modified_gmt":"2023-12-21T08:36:58","slug":"juego-de-soportes-para-lena-grillsymbol-woodstock-set-sm","status":"publish","type":"product","link":"https:\/\/www.grillsymbol.com\/es\/shop\/soportes-de-lena\/juego-de-soportes-para-lena-grillsymbol-woodstock-set-sm\/","title":{"rendered":"Juego de soportes para le\u00f1a GrillSymbol WoodStock Set S+M"},"content":{"rendered":"<ul>\n<li>Material: acero Cor-Ten de 2 mm<\/li>\n<li>Peso en total: 40 kg<\/li>\n<li>Capacidad: 0,37 m\u00b3 de le\u00f1a<\/li>\n<li>El set incluye soportes de montaje para fijar (madera, piedra, etc.)<\/li>\n<\/ul>\n<p>&nbsp;<\/p>\n<p><strong>El set incluye 2 estantes diferentes con las siguientes dimensiones:<\/strong><\/p>\n<p>&nbsp;<\/p>\n<ul>\n<li><strong>S:<\/strong> ancho 60 cm, profundidad 37 cm, altura 53 cm, peso 16 kg, capacidad 0,12 m\u00b3<\/li>\n<li><strong>M: <\/strong>ancho 60 cm, profundidad 37 cm, altura 106 cm, peso 24 kg, capacidad 0,25 m\u00b3<\/li>\n<\/ul>\n<ul>\n<li>Se transporta en partes<\/li>\n<li>Tiempo de montaje: 1 hora<\/li>\n<\/ul>\n<p>&nbsp;<\/p>\n<p><strong>\u00a1NB! Para garantizar la seguridad, el soporte de le\u00f1a debe fijarse al suelo. Elementos de fijaci\u00f3n adecuados: anclajes para hormig\u00f3n M8 (para hormig\u00f3n) o tornillos m\u00e1s grandes para superficies de madera.<\/strong><\/p>\n<p>&nbsp;<\/p>\n<p><strong>\u00a1NB!<\/strong> Los productos de acero Cor-Ten se entregan con una superficie sin tratar. El acero Cor-Ten completamente nuevo es de color gris como el acero laminado en caliente convencional. Puede encontrar las instrucciones de envejecimiento en nuestro sitio web o puede escanear directamente desde el producto.<\/p>\n<p>&nbsp;<\/p>\n<h5><a href=\"https:\/\/www.grillsymbol.com\/es\/instructions\/instrucciones-para-productos-cor-ten\/\" target=\"_blank\" rel=\"noopener\">Mira aqu\u00ed: Instrucciones para productos Cor-Ten<\/a><\/h5>\n","protected":false},"excerpt":{"rendered":"<p><strong>El set WoodStock es un estante modular para el almacenamiento de le\u00f1a.<\/strong> El conjunto incluye 2 estantes de diferentes tama\u00f1os (S, M), los m\u00f3dulos adicionales se pueden comprar por separado. Una soluci\u00f3n llamativa y de r\u00e1pida instalaci\u00f3n para almacenar le\u00f1a y separar zonas.<\/p>\n<p>El acero Cor-Ten es acero al carb\u00f3n casi puro, pero tratado para crear una capa protectora resistente a la intemperie en su superficie. La capa superficial es inicialmente gris\u00e1cea, luego se vuelve marr\u00f3n rojiza (un tono similar al \u00f3xido), y se oscurece a\u00fan m\u00e1s con el tiempo. Usado correctamente, el acero Cor-Ten es expresivo, duradero y libre de mantenimiento. Resiste el tiempo de una manera \u00f9nica.<\/p>\n<p><strong>Dise\u00f1o: Petteri Wiimaa<\/strong><\/p>\n","protected":false},"featured_media":18804,"comment_status":"open","ping_status":"closed","template":"","meta":{"footnotes":""},"class_list":["post-18795","product","type-product","status-publish","has-post-thumbnail","hentry","product_cat-soportes-de-lena"],"_links":{"self":[{"href":"https:\/\/www.grillsymbol.com\/es\/wp-json\/wp\/v2\/product\/18795","targetHints":{"allow":["GET"]}}],"collection":[{"href":"https:\/\/www.grillsymbol.com\/es\/wp-json\/wp\/v2\/product"}],"about":[{"href":"https:\/\/www.grillsymbol.com\/es\/wp-json\/wp\/v2\/types\/product"}],"replies":[{"embeddable":true,"href":"https:\/\/www.grillsymbol.com\/es\/wp-json\/wp\/v2\/comments?post=18795"}],"version-history":[{"count":0,"href":"https:\/\/www.grillsymbol.com\/es\/wp-json\/wp\/v2\/product\/18795\/revisions"}],"wp:featuredmedia":[{"embeddable":true,"href":"https:\/\/www.grillsymbol.com\/es\/wp-json\/wp\/v2\/media\/18804"}],"wp:attachment":[{"href":"https:\/\/www.grillsymbol.com\/es\/wp-json\/wp\/v2\/media?parent=18795"}],"curies":[{"name":"wp","href":"https:\/\/api.w.org\/{rel}","templated":true}]}}