{"id":19765,"date":"2023-02-14T14:18:26","date_gmt":"2023-02-14T14:18:27","guid":{"rendered":"https:\/\/www.grillsymbol.com\/?post_type=product&#038;p=19765"},"modified":"2023-10-20T10:16:46","modified_gmt":"2023-10-20T10:16:46","slug":"horno-de-lena-pizzo","status":"publish","type":"product","link":"https:\/\/www.grillsymbol.com\/es\/shop\/hornos-para-pizza-y-equipamiento-adicional\/horno-de-lena-pizzo\/","title":{"rendered":"Horno de le\u00f1a Pizzo GrillSymbol"},"content":{"rendered":"<ul>\n<li>Medidas: 80 x 81 x 96 cm (anchura * profundidad * altura con chimenea)<\/li>\n<li>Peso: 76 kg aprox<\/li>\n<li>Material: interior de acero inoxidable, exterior de acero Cor-Ten<\/li>\n<li>Aislamiento t\u00e9rmico: lana de roca de 10 cm (en techo y paredes)<\/li>\n<li>Superficie de piedra: 60 x 60 cm (capacidad para 2 porciones de pizza de aprox 30 cm al mismo tiempo)<\/li>\n<li>Las piedras para pizzas (fabricadas en Italia) est\u00e1n hechas de una mezcla de arcilla refractaria y \u00f3xido de aluminio, lo que garantiza un calentamiento r\u00e1pido y un resultado de horneado muy bueno.<\/li>\n<li>La puerta es de doble capa, con una placa reflectora que refleja el calor hacia el interior del horno<\/li>\n<li>El term\u00f3metro del horno tiene una escala de 0-500 C<\/li>\n<li>En el horno cabe una olla baja o sart\u00e9n\u00a0 de 30 x 59 x 11 cm (anchura * profundidad * altura)<\/li>\n<li>Tiene agujeros en la parte inferior para que el agua de condensaci\u00f3n pueda gotear fuera del horno, si es necesario<\/li>\n<li>Se transporta por partes<\/li>\n<li>Tiempo de montaje 15-20 min aprox<\/li>\n<li>Para uso exterior<\/li>\n<li>\u00a1No dejarlo desatendido si hay materiales inflamables alrededor!<\/li>\n<li>Bajo la influencia del calor, la chimenea de acero inoxidable del producto se puede volver violeta, lo que no cambia las propiedades del producto<\/li>\n<\/ul>\n<p>&nbsp;<\/p>\n<p>\u00a1NB! Las instrucciones detalladas de montaje y mantenimiento se pueden encontrar en el manual de usuario del producto.<\/p>\n<p>&nbsp;<\/p>\n<p><strong>\u00a1NB!<\/strong>\u00a0Los productos de acero Cor-Ten se entregan con una superficie sin tratar. El acero COR-TEN\u00ae completamente nuevo es de color gris como el acero laminado en caliente convencional. Puede encontrar las instrucciones de envejecimiento en nuestro sitio web o puede escanear directamente desde el producto.<\/p>\n<p>&nbsp;<\/p>\n<h5><a href=\"https:\/\/www.grillsymbol.com\/es\/instructions\/instrucciones-para-productos-cor-ten\/\" target=\"_blank\" rel=\"noopener\">Mira aqu\u00ed: Instrucciones para productos Cor-Ten<\/a><\/h5>\n<p>&nbsp;<\/p>\n","protected":false},"excerpt":{"rendered":"<p>Pizzo es un horno cl\u00e1sico de le\u00f1a para pizza. Ideal para uso dom\u00e9stico por su tama\u00f1o y productividad. Dado que las pizzas est\u00e1n listas en minutos, la preparaci\u00f3n de 10 a 20 pizzas tambi\u00e9n es r\u00e1pida, e incluso durante una fiesta en casa m\u00e1s grande, \u00a1ninguno de los invitados tiene que esperar por la comida! Y el sabor de la pizza hecha en horno de le\u00f1a ser\u00e1 recordado por mucho tiempo.<\/p>\n<p>El horno para pizzas Pizzo-inox no solo est\u00e1 dise\u00f1ado para hacer pizzas, sino que puede hornear una variedad de panes y productos de panificaci\u00f3n: pan, pan negro, ciabatta, etc. Gracias al buen aislamiento t\u00e9rmico, el horno se mantiene caliente durante mucho tiempo y le permite preparar varias comidas.<\/p>\n<p>Fabricado en Estonia.<\/p>\n<p>Fabricado en acero Cor-Ten. Cuando se usa correctamente, el acero Cor-Ten es llamativo, duradero y libre de mantenimiento, y resiste el paso del tiempo de una manera \u00fanica. La capa superficial es inicialmente gris\u00e1cea, luego se vuelve marr\u00f3n rojiza (un tono similar al \u00f3xido), y se oscurece a\u00fan m\u00e1s con el tiempo.<\/p>\n<p>&nbsp;<\/p>\n","protected":false},"featured_media":20160,"comment_status":"open","ping_status":"closed","template":"","meta":{"footnotes":""},"class_list":["post-19765","product","type-product","status-publish","has-post-thumbnail","hentry","product_cat-hornos-para-pizza-y-equipamiento-adicional"],"_links":{"self":[{"href":"https:\/\/www.grillsymbol.com\/es\/wp-json\/wp\/v2\/product\/19765","targetHints":{"allow":["GET"]}}],"collection":[{"href":"https:\/\/www.grillsymbol.com\/es\/wp-json\/wp\/v2\/product"}],"about":[{"href":"https:\/\/www.grillsymbol.com\/es\/wp-json\/wp\/v2\/types\/product"}],"replies":[{"embeddable":true,"href":"https:\/\/www.grillsymbol.com\/es\/wp-json\/wp\/v2\/comments?post=19765"}],"version-history":[{"count":0,"href":"https:\/\/www.grillsymbol.com\/es\/wp-json\/wp\/v2\/product\/19765\/revisions"}],"wp:featuredmedia":[{"embeddable":true,"href":"https:\/\/www.grillsymbol.com\/es\/wp-json\/wp\/v2\/media\/20160"}],"wp:attachment":[{"href":"https:\/\/www.grillsymbol.com\/es\/wp-json\/wp\/v2\/media?parent=19765"}],"curies":[{"name":"wp","href":"https:\/\/api.w.org\/{rel}","templated":true}]}}