{"id":19782,"date":"2023-02-14T14:22:46","date_gmt":"2023-02-14T14:22:48","guid":{"rendered":"https:\/\/www.grillsymbol.com\/?post_type=product&#038;p=19782"},"modified":"2024-01-25T08:35:22","modified_gmt":"2024-01-25T08:35:22","slug":"grillsymbol-paellera-para-fuego-de-lena-stark-set-o-96-cm","status":"publish","type":"product","link":"https:\/\/www.grillsymbol.com\/es\/shop\/paelleras-y-sartenes-wok\/grillsymbol-paellera-para-fuego-de-lena-stark-set-o-96-cm\/","title":{"rendered":"GrillSymbol paellera para fuego de le\u00f1a Stark Set, \u00f8 96 cm"},"content":{"rendered":"<ul>\n<li>Di\u00e1metro: 96 cm<\/li>\n<li>Capacidad: 50-80 porciones<\/li>\n<li>Peso: 19 kg<\/li>\n<li>la sart\u00e9n est\u00e1 hecha de acero de 3 mm<\/li>\n<li>Material de la base del marco: acero Cor-Ten de 3 mm resistente a la intemperie que se oxida de manera uniforme y elegante con el tiempo<\/li>\n<li>F\u00e1cil de montar: se monta en una sola vez en 5-10 min.<\/li>\n<li>Las patas son f\u00e1ciles de montar y desmontar<\/li>\n<li>Manual de instrucciones incluido en el paquete.<\/li>\n<li>La sart\u00e9n Stark-960 se puede utilizar en quemadores de gas B600 o B700.<\/li>\n<li>La base del marco est\u00e1 lista para fijar el quemador de gas (herramientas de fijaci\u00f3n incluidas en el paquete)<\/li>\n<\/ul>\n<p>&nbsp;<\/p>\n<p>El producto no debe instalarse sobre una superficie de madera, ya que la base se calentar\u00e1 cuando se haga el fuego. Hay agujeros en el fondo de la hoguera y pueden caer peque\u00f1os trozos de carb\u00f3n. Los orificios en el fondo act\u00faan como desag\u00fces para evitar que se acumule agua estancada dentro de la hoguera.<\/p>\n","protected":false},"excerpt":{"rendered":"<p>Sart\u00e9n de acero con borde alto y muy buenas caracter\u00edsticas para cocinar. Perfecta para cocinar carnes, pescados, verduras y arroces variados. La sart\u00e9n tambi\u00e9n es adecuada para hacer deliciosas tortitas. \u00a1Usa tu imaginaci\u00f3n y cocina en la sart\u00e9n el plato m\u00e1s deseado!<\/p>\n<p>La superficie plana de la sart\u00e9n, permite preparar bien los alimentos y mantenerlos calientes. Esta soluci\u00f3n hace que sea imposible que el l\u00edquido fluya hacia el centro de la sart\u00e9n y que el resto de la comida se seque. Cuando se calienta, la superficie de la sart\u00e9n se vuelve ligeramente c\u00f3ncava en el medio. Ideal para usar en la cocina al aire libre, fogata o quemador de gas.<\/p>\n<p>Stark-960 tambi\u00e9n se puede usar como base de la fogata.<\/p>\n<p>Las patas son desmontables para facilitar el transporte.<\/p>\n","protected":false},"featured_media":20691,"comment_status":"open","ping_status":"closed","template":"","meta":{"footnotes":""},"class_list":["post-19782","product","type-product","status-publish","has-post-thumbnail","hentry","product_cat-paelleras-y-sartenes-wok"],"_links":{"self":[{"href":"https:\/\/www.grillsymbol.com\/es\/wp-json\/wp\/v2\/product\/19782","targetHints":{"allow":["GET"]}}],"collection":[{"href":"https:\/\/www.grillsymbol.com\/es\/wp-json\/wp\/v2\/product"}],"about":[{"href":"https:\/\/www.grillsymbol.com\/es\/wp-json\/wp\/v2\/types\/product"}],"replies":[{"embeddable":true,"href":"https:\/\/www.grillsymbol.com\/es\/wp-json\/wp\/v2\/comments?post=19782"}],"version-history":[{"count":0,"href":"https:\/\/www.grillsymbol.com\/es\/wp-json\/wp\/v2\/product\/19782\/revisions"}],"wp:featuredmedia":[{"embeddable":true,"href":"https:\/\/www.grillsymbol.com\/es\/wp-json\/wp\/v2\/media\/20691"}],"wp:attachment":[{"href":"https:\/\/www.grillsymbol.com\/es\/wp-json\/wp\/v2\/media?parent=19782"}],"curies":[{"name":"wp","href":"https:\/\/api.w.org\/{rel}","templated":true}]}}