{"id":19806,"date":"2023-02-15T14:10:59","date_gmt":"2023-02-15T14:11:00","guid":{"rendered":"https:\/\/www.grillsymbol.com\/?post_type=product&#038;p=19806"},"modified":"2023-10-20T10:19:25","modified_gmt":"2023-10-20T10:19:25","slug":"pizzo-set","status":"publish","type":"product","link":"https:\/\/www.grillsymbol.com\/es\/shop\/hornos-para-pizza-y-equipamiento-adicional\/pizzo-set\/","title":{"rendered":"Horno para pizza GrillSymbol con placa base Pizzo-set"},"content":{"rendered":"<p><strong>Horno para pizza Pizzo:<\/strong><\/p>\n<ul>\n<li>Medidas (horno de pizza por separado): 80 x 81 x 96 cm (anchura * profundidad * altura con chimenea)<\/li>\n<li><strong>Medidas con la base Baso: <\/strong>100 x 81 x 182 cm (anchura * profundidad * altura con chimenea)<\/li>\n<li>Peso: Horno 76 kg aprox, con la base 107 kg<\/li>\n<li>Material: interior de acero inoxidable, exterior de acero Cor-Ten<\/li>\n<li>Aislamiento t\u00e9rmico: lana de roca de 10 cm (en techo y paredes)<\/li>\n<li>Superficie de piedra: 60 x 60 cm (capacidad para 2 porciones de pizza de aprox 30 cm al mismo tiempo)<\/li>\n<li>Las piedras para pizzas (fabricadas en Italia) est\u00e1n hechas de una mezcla de arcilla refractaria y \u00f3xido de aluminio, lo que garantiza un calentamiento r\u00e1pido y un resultado de horneado muy bueno.<\/li>\n<li>La puerta es de doble capa, con una placa reflectora que refleja el calor hacia el interior del horno<\/li>\n<li>El term\u00f3metro del horno tiene una escala de 0-500 C<\/li>\n<li>En el horno cabe una olla baja o sart\u00e9n\u00a0 de 30 x 59 x 11 cm (anchura * profundidad * altura)<\/li>\n<li>Tiene agujeros en la parte inferior para que el agua de condensaci\u00f3n pueda gotear fuera del horno, si es necesario<\/li>\n<li>Se transporta por partes<\/li>\n<li>Tiempo de montaje 15-20 min aprox (con la base Baso 1h aprox)<\/li>\n<li>Para uso exterior<\/li>\n<li>\u00a1No dejarlo desatendido si hay materiales inflamables alrededor!<\/li>\n<li>\u00a1NB! Bajo la influencia del calor, la chimenea de acero inoxidable del producto se puede volver violeta, lo que no cambia las propiedades del producto<\/li>\n<\/ul>\n<p>&nbsp;<\/p>\n<p><strong>Placa base Baso:<\/strong><\/p>\n<ul>\n<li>Medidas: 100 x 70 x 85 cm (anchura * profundidad * altura)<\/li>\n<li>Peso aproximado: 31 kg (con horno de pizza aprox 107 kg)<\/li>\n<li>Material: Cor-Ten y acero inoxidable<\/li>\n<li>Tiempo de montaje 30 min aprox<\/li>\n<li>\u00a0Casilla para le\u00f1a y complementos<\/li>\n<li><strong>Posibilidad para poner ruedas,<\/strong>\u00a0<strong>las ruedas est\u00e1n disponibles como equipamiento adicional\u00a0<\/strong>(c\u00f3digo del producto: Wheels-100)<\/li>\n<li>La altura de las patas es regulable en dos posiciones para que la superficie de trabajo quede a la misma altura (85 cm) con y sin ruedas<\/li>\n<\/ul>\n<p>&nbsp;<\/p>\n<p><strong>\u00a1NB!<\/strong>\u00a0Los productos de acero Cor-Ten se entregan con una superficie sin tratar. El acero COR-TEN\u00ae completamente nuevo es de color gris como el acero laminado en caliente convencional. Puede encontrar las instrucciones de envejecimiento en nuestro sitio web o puede escanear directamente desde el producto.<\/p>\n<p>&nbsp;<\/p>\n<h5><a href=\"https:\/\/www.grillsymbol.com\/es\/instructions\/instrucciones-para-productos-cor-ten\/\" target=\"_blank\" rel=\"noopener\">Mira aqu\u00ed: Instrucciones para productos Cor-Ten<\/a><\/h5>\n<p>&nbsp;<\/p>\n","protected":false},"excerpt":{"rendered":"<p><strong>Pizzo Set<\/strong>\u00a0incluye un horno de pizza<strong> Pizzo<\/strong>\u00a0y una base\u00a0<strong>Baso<\/strong>. Es una gran combinaci\u00f3n de contenido italiano y dise\u00f1o pr\u00e1ctico n\u00f3rdico. \u00a1Aquellos que han comido pizza hecha en un horno de le\u00f1a saben qu\u00e9 esperar! Gracias a la alta temperatura, hasta 400C, las pizzas est\u00e1n listas en minutos.<\/p>\n<p>El horno para pizzas Pizzo no s\u00f3lo est\u00e1 destinado a la elaboraci\u00f3n de pizzas, sino que puede hornear muchos productos de panader\u00eda y pasteler\u00eda: pan, ciabatta, etc. Gracias al buen aislamiento t\u00e9rmico, el horno se mantiene caliente durante mucho tiempo y permite preparar varios alimentos.<\/p>\n<p><strong>La base tiene posibilidad para poner ruedas, las ruedas est\u00e1n disponibles como equipamiento adicional.<\/strong><\/p>\n<p>Fabricado en Estonia.<\/p>\n<p>Fabricado en acero Cor-Ten. Cuando se usa correctamente, el acero Cor-Ten es llamativo, duradero y libre de mantenimiento, y resiste el paso del tiempo de una manera \u00fanica. La capa superficial es inicialmente gris\u00e1cea, luego se vuelve marr\u00f3n rojiza (un tono similar al \u00f3xido), y se oscurece a\u00fan m\u00e1s con el tiempo.<\/p>\n<p>&nbsp;<\/p>\n","protected":false},"featured_media":20328,"comment_status":"open","ping_status":"closed","template":"","meta":{"footnotes":""},"class_list":["post-19806","product","type-product","status-publish","has-post-thumbnail","hentry","product_cat-hornos-para-pizza-y-equipamiento-adicional"],"_links":{"self":[{"href":"https:\/\/www.grillsymbol.com\/es\/wp-json\/wp\/v2\/product\/19806","targetHints":{"allow":["GET"]}}],"collection":[{"href":"https:\/\/www.grillsymbol.com\/es\/wp-json\/wp\/v2\/product"}],"about":[{"href":"https:\/\/www.grillsymbol.com\/es\/wp-json\/wp\/v2\/types\/product"}],"replies":[{"embeddable":true,"href":"https:\/\/www.grillsymbol.com\/es\/wp-json\/wp\/v2\/comments?post=19806"}],"version-history":[{"count":0,"href":"https:\/\/www.grillsymbol.com\/es\/wp-json\/wp\/v2\/product\/19806\/revisions"}],"wp:featuredmedia":[{"embeddable":true,"href":"https:\/\/www.grillsymbol.com\/es\/wp-json\/wp\/v2\/media\/20328"}],"wp:attachment":[{"href":"https:\/\/www.grillsymbol.com\/es\/wp-json\/wp\/v2\/media?parent=19806"}],"curies":[{"name":"wp","href":"https:\/\/api.w.org\/{rel}","templated":true}]}}