{"id":19901,"date":"2023-02-20T09:59:38","date_gmt":"2023-02-20T09:59:39","guid":{"rendered":"https:\/\/www.grillsymbol.com\/?post_type=product&#038;p=19901"},"modified":"2023-10-20T10:46:29","modified_gmt":"2023-10-20T10:46:29","slug":"grillsymbol-baso-inox","status":"publish","type":"product","link":"https:\/\/www.grillsymbol.com\/es\/shop\/hornos-para-pizza-y-equipamiento-adicional\/grillsymbol-baso-inox\/","title":{"rendered":"Placa base para horno de pizza GrillSymbol Baso-inox"},"content":{"rendered":"<ul>\n<li>Medidas: 100 x 70 x 85 cm (anchura * profundidad * altura)<\/li>\n<li>Peso: 31 kg aprox<\/li>\n<li>Material: acero inoxidable<\/li>\n<li>Tiempo de montaje: 30 min aprox<\/li>\n<li>Dos niveles para le\u00f1a y complementos<\/li>\n<li><strong>La base tiene posibilidad para poner ruedas, las ruedas est\u00e1n disponibles como equipamiento adicional<\/strong> (c\u00f3digo del producto: Wheels-100)<\/li>\n<li>La altura de las patas es regulable en dos posiciones para que la superficie de trabajo quede a la misma altura (85 cm) con y sin ruedas<\/li>\n<\/ul>\n","protected":false},"excerpt":{"rendered":"<p>La mesa base Baso-inox est\u00e1 dise\u00f1ada bas\u00e1ndose principalmente en la practicidad. Fabricado en acero inoxidable. La mesa tiene diferentes niveles para almacenar le\u00f1a y colocar accesorios.<\/p>\n<p><strong>Apto para modelos: Pizzo y Pizzo-inox.<\/strong><\/p>\n<p>La mesa base Baso-inox se puede utilizar con un horno de pizza de otro fabricante. Es importante que las dimensiones del fondo del horno sean las siguientes: ancho 80 cm y profundidad 70 cm +\/- aprox 2 cm. M\u00e1s informaci\u00f3n en el manual de usuario Pizzo\/Baso.<\/p>\n<p><strong>La base tiene posibilidad para poner ruedas, las ruedas est\u00e1n disponibles como equipamiento adicional.<\/strong><\/p>\n<p>Fabricado en Estonia.<\/p>\n","protected":false},"featured_media":20249,"comment_status":"open","ping_status":"closed","template":"","meta":{"footnotes":""},"class_list":["post-19901","product","type-product","status-publish","has-post-thumbnail","hentry","product_cat-hornos-para-pizza-y-equipamiento-adicional"],"_links":{"self":[{"href":"https:\/\/www.grillsymbol.com\/es\/wp-json\/wp\/v2\/product\/19901","targetHints":{"allow":["GET"]}}],"collection":[{"href":"https:\/\/www.grillsymbol.com\/es\/wp-json\/wp\/v2\/product"}],"about":[{"href":"https:\/\/www.grillsymbol.com\/es\/wp-json\/wp\/v2\/types\/product"}],"replies":[{"embeddable":true,"href":"https:\/\/www.grillsymbol.com\/es\/wp-json\/wp\/v2\/comments?post=19901"}],"version-history":[{"count":0,"href":"https:\/\/www.grillsymbol.com\/es\/wp-json\/wp\/v2\/product\/19901\/revisions"}],"wp:featuredmedia":[{"embeddable":true,"href":"https:\/\/www.grillsymbol.com\/es\/wp-json\/wp\/v2\/media\/20249"}],"wp:attachment":[{"href":"https:\/\/www.grillsymbol.com\/es\/wp-json\/wp\/v2\/media?parent=19901"}],"curies":[{"name":"wp","href":"https:\/\/api.w.org\/{rel}","templated":true}]}}