{"id":19916,"date":"2023-02-20T10:10:18","date_gmt":"2023-02-20T10:10:18","guid":{"rendered":"https:\/\/www.grillsymbol.com\/?post_type=product&#038;p=19916"},"modified":"2023-10-20T10:47:33","modified_gmt":"2023-10-20T10:47:33","slug":"grillsymbol-baso-xl","status":"publish","type":"product","link":"https:\/\/www.grillsymbol.com\/es\/shop\/hornos-para-pizza-y-equipamiento-adicional\/grillsymbol-baso-xl\/","title":{"rendered":"Placa base grande para horno de pizza GrillSymbol Baso-XL"},"content":{"rendered":"<ul>\n<li>Medidas: 180 x 70 x 85 cm (anchura * profundidad * altura)<\/li>\n<li>Peso: 68 kg aprox<\/li>\n<li>Material: acero Cor-Ten y acero inoxidable<\/li>\n<li>Tiempo de montaje: 40-60 min aprox<\/li>\n<li>El horno de pizza se puede poner tanto en la parte izquierda como en la derecha<\/li>\n<li>Espacio para le\u00f1a y complementos<\/li>\n<li><strong>La base tiene posibilidad para poner ruedas, las ruedas est\u00e1n disponibles como equipamiento adicional<\/strong>\u00a0<strong>(c\u00f3digo del producto: Wheels-100)<\/strong><\/li>\n<li>La altura de las patas es regulable en dos posiciones para que la superficie de trabajo quede a la misma altura (85 cm) con y sin ruedas<\/li>\n<li>La mesa de preparaci\u00f3n con bordes altos es un excelente lugar para preparar masa o pizzas<\/li>\n<\/ul>\n<p>&nbsp;<\/p>\n<p><strong>\u00a1NB!<\/strong>\u00a0Los productos de acero Cor-Ten se entregan con una superficie sin tratar. El acero COR-TEN\u00ae completamente nuevo es de color gris como el acero laminado en caliente convencional. Puede encontrar las instrucciones de envejecimiento en nuestro sitio web o puede escanear directamente desde el producto.<\/p>\n<p>&nbsp;<\/p>\n<h5><a href=\"https:\/\/www.grillsymbol.com\/es\/instructions\/instrucciones-para-productos-cor-ten\/\" target=\"_blank\" rel=\"noopener\">Mira aqu\u00ed: Instrucciones para productos Cor-Ten<\/a><\/h5>\n","protected":false},"excerpt":{"rendered":"<p>La mesa base para horno de pizza Baso-XL es grande y pr\u00e1ctica. La mesa dispone de una c\u00f3moda y amplia zona de preparaci\u00f3n fabricada en acero inoxidable, diferentes niveles para accesorios y le\u00f1a.<\/p>\n<p><strong>Apto para modelos: Pizzo y Pizzo-inox.<\/strong><\/p>\n<p>La mesa base Baso-XL se puede utilizar con un horno de pizza de otro fabricante. Es importante que las dimensiones del fondo del horno sean las siguientes: ancho 80 cm y profundidad 70 cm +\/- aprox 2 cm. M\u00e1s informaci\u00f3n en el manual de usuario Pizzo\/Baso.<\/p>\n<p><strong>La base tiene posibilidad para poner ruedas, las ruedas est\u00e1n disponibles como equipamiento adicional.<\/strong><\/p>\n<p>Fabricado en Estonia.<\/p>\n<p>Fabricado en acero Cor-Ten. Cuando se usa correctamente, el acero Cor-Ten es llamativo, duradero y libre de mantenimiento, y resiste el paso del tiempo de una manera \u00fanica. La capa superficial es inicialmente gris\u00e1cea, luego se vuelve marr\u00f3n rojiza (un tono similar al \u00f3xido), y se oscurece a\u00fan m\u00e1s con el tiempo.<\/p>\n<p>&nbsp;<\/p>\n","protected":false},"featured_media":20280,"comment_status":"open","ping_status":"closed","template":"","meta":{"footnotes":""},"class_list":["post-19916","product","type-product","status-publish","has-post-thumbnail","hentry","product_cat-hornos-para-pizza-y-equipamiento-adicional"],"_links":{"self":[{"href":"https:\/\/www.grillsymbol.com\/es\/wp-json\/wp\/v2\/product\/19916","targetHints":{"allow":["GET"]}}],"collection":[{"href":"https:\/\/www.grillsymbol.com\/es\/wp-json\/wp\/v2\/product"}],"about":[{"href":"https:\/\/www.grillsymbol.com\/es\/wp-json\/wp\/v2\/types\/product"}],"replies":[{"embeddable":true,"href":"https:\/\/www.grillsymbol.com\/es\/wp-json\/wp\/v2\/comments?post=19916"}],"version-history":[{"count":0,"href":"https:\/\/www.grillsymbol.com\/es\/wp-json\/wp\/v2\/product\/19916\/revisions"}],"wp:featuredmedia":[{"embeddable":true,"href":"https:\/\/www.grillsymbol.com\/es\/wp-json\/wp\/v2\/media\/20280"}],"wp:attachment":[{"href":"https:\/\/www.grillsymbol.com\/es\/wp-json\/wp\/v2\/media?parent=19916"}],"curies":[{"name":"wp","href":"https:\/\/api.w.org\/{rel}","templated":true}]}}