{"id":19930,"date":"2023-02-20T10:15:03","date_gmt":"2023-02-20T10:15:04","guid":{"rendered":"https:\/\/www.grillsymbol.com\/?post_type=product&#038;p=19930"},"modified":"2023-10-20T10:50:11","modified_gmt":"2023-10-20T10:50:11","slug":"grillsymbol-baso-inox-xl","status":"publish","type":"product","link":"https:\/\/www.grillsymbol.com\/es\/shop\/hornos-para-pizza-y-equipamiento-adicional\/grillsymbol-baso-inox-xl\/","title":{"rendered":"Placa base grande para horno de pizza GrillSymbol Baso-inox-XL"},"content":{"rendered":"<ul>\n<li>Medidas: 180 x 70 x 85 cm (anchura * profundidad * altura)<\/li>\n<li>Peso: 68 kg aprox<\/li>\n<li>Material: acero inoxidable<\/li>\n<li>Tiempo de montaje: 40-60 min aprox<\/li>\n<li>El horno de pizza se puede poner tanto en la parte izquierda como en la derecha<\/li>\n<li>Espacio para le\u00f1a y complementos<\/li>\n<li><strong>La base tiene posibilidad para poner ruedas, las ruedas est\u00e1n disponibles como equipamiento adicional (c\u00f3digo del producto: Wheels-100)<\/strong><\/li>\n<li>La altura de las patas es regulable en dos posiciones para que la superficie de trabajo quede a la misma altura (85 cm) con y sin ruedas<\/li>\n<li>La mesa de preparaci\u00f3n con bordes altos es un excelente lugar para preparar masa o pizzas<\/li>\n<\/ul>\n","protected":false},"excerpt":{"rendered":"<p>La mesa base para horno de pizza Baso-inox-XL es grande y pr\u00e1ctica. Fabricado en acero inoxidable resistente, tiene un \u00e1rea de preparaci\u00f3n conveniente y grande. Adem\u00e1s, hay diferentes niveles para accesorios y le\u00f1a.<\/p>\n<p><strong>Apto para modelos: Pizzo y Pizzo-inox.<\/strong><\/p>\n<p>La mesa base Baso-inox-XL se puede utilizar con un horno de pizza de otro fabricante. Es importante que las dimensiones del fondo del horno sean las siguientes: ancho 80 cm y profundidad 70 cm +\/- aprox 2 cm. M\u00e1s informaci\u00f3n en el manual de usuario Pizzo\/Baso.<\/p>\n<p><strong>La base tiene posibilidad para poner ruedas, las ruedas est\u00e1n disponibles como equipamiento adicional.<\/strong><\/p>\n<p>Fabricado en Estonia.<\/p>\n","protected":false},"featured_media":20304,"comment_status":"open","ping_status":"closed","template":"","meta":{"footnotes":""},"class_list":["post-19930","product","type-product","status-publish","has-post-thumbnail","hentry","product_cat-hornos-para-pizza-y-equipamiento-adicional"],"_links":{"self":[{"href":"https:\/\/www.grillsymbol.com\/es\/wp-json\/wp\/v2\/product\/19930","targetHints":{"allow":["GET"]}}],"collection":[{"href":"https:\/\/www.grillsymbol.com\/es\/wp-json\/wp\/v2\/product"}],"about":[{"href":"https:\/\/www.grillsymbol.com\/es\/wp-json\/wp\/v2\/types\/product"}],"replies":[{"embeddable":true,"href":"https:\/\/www.grillsymbol.com\/es\/wp-json\/wp\/v2\/comments?post=19930"}],"version-history":[{"count":0,"href":"https:\/\/www.grillsymbol.com\/es\/wp-json\/wp\/v2\/product\/19930\/revisions"}],"wp:featuredmedia":[{"embeddable":true,"href":"https:\/\/www.grillsymbol.com\/es\/wp-json\/wp\/v2\/media\/20304"}],"wp:attachment":[{"href":"https:\/\/www.grillsymbol.com\/es\/wp-json\/wp\/v2\/media?parent=19930"}],"curies":[{"name":"wp","href":"https:\/\/api.w.org\/{rel}","templated":true}]}}