{"id":20992,"date":"2023-04-25T07:19:54","date_gmt":"2023-04-25T07:19:55","guid":{"rendered":"https:\/\/www.grillsymbol.com\/?post_type=product&#038;p=20992"},"modified":"2023-12-18T12:20:23","modified_gmt":"2023-12-18T12:20:23","slug":"petteri-wiimaa-macetero-acero-corten-lilly-s","status":"publish","type":"product","link":"https:\/\/www.grillsymbol.com\/es\/shop\/jardineras-acero-corten\/petteri-wiimaa-macetero-acero-corten-lilly-s\/","title":{"rendered":"Petteri Wiimaa Macetero acero Corten Lilly-S"},"content":{"rendered":"<ul>\n<li>Hecho de acero Cor-Ten de 2 mm<\/li>\n<li>Medidas: 100 x 22 cm<\/li>\n<li>Altura: 40 cm<\/li>\n<li>Peso: 20 kg aprox<\/li>\n<li>El macetero se entrega en partes, tiempo aproximado de montaje 20 min<\/li>\n<\/ul>\n<p>&nbsp;<\/p>\n<p><strong>\u00a1NB!<\/strong>\u00a0Tambi\u00e9n fabricamos maceteros a medida del cliente. (por ejemplo, macetas grandes para un espacio p\u00fablico)<br \/>\nArquitectos, procuradores y jardineros: escr\u00edbanos sobre sus deseos.<\/p>\n<p>&nbsp;<\/p>\n<h5><a href=\"https:\/\/www.grillsymbol.com\/es\/instructions\/instrucciones-para-productos-cor-ten\/\" target=\"_blank\" rel=\"noopener\">Mira aqu\u00ed: Instrucciones para productos Cor-Ten<\/a><\/h5>\n","protected":false},"excerpt":{"rendered":"<p>Como elemento de dise\u00f1o, Lilly-S permite separar \u00e1reas y crear \u00abparticiones\u00bb en funci\u00f3n de sus dimensiones. El fondo estrecho ocupa s\u00f3lo una peque\u00f1a parte del suelo. \u00a1Forma una fila y cambia la funcionalidad de tu terraza de forma r\u00e1pida y con estilo!<\/p>\n<p>El acero Cor-Ten es acero al carb\u00f3n casi puro, pero tratado para crear una capa protectora resistente a la intemperie en su superficie. La superficie es inicialmente de color marr\u00f3n rojizo (tono parecido al \u00f3xido), oscureci\u00e9ndose con el tiempo. Usado correctamente, el acero Cor-Ten es expresivo, duradero y libre de mantenimiento. Resiste el tiempo de una manera \u00f9nica.<\/p>\n<p><strong>Dise\u00f1o: Petteri Wiimaa<\/strong><\/p>\n","protected":false},"featured_media":23970,"comment_status":"open","ping_status":"closed","template":"","meta":{"footnotes":""},"class_list":["post-20992","product","type-product","status-publish","has-post-thumbnail","hentry","product_cat-jardineras-desmontables","product_cat-jardineras-acero-corten"],"_links":{"self":[{"href":"https:\/\/www.grillsymbol.com\/es\/wp-json\/wp\/v2\/product\/20992","targetHints":{"allow":["GET"]}}],"collection":[{"href":"https:\/\/www.grillsymbol.com\/es\/wp-json\/wp\/v2\/product"}],"about":[{"href":"https:\/\/www.grillsymbol.com\/es\/wp-json\/wp\/v2\/types\/product"}],"replies":[{"embeddable":true,"href":"https:\/\/www.grillsymbol.com\/es\/wp-json\/wp\/v2\/comments?post=20992"}],"version-history":[{"count":0,"href":"https:\/\/www.grillsymbol.com\/es\/wp-json\/wp\/v2\/product\/20992\/revisions"}],"wp:featuredmedia":[{"embeddable":true,"href":"https:\/\/www.grillsymbol.com\/es\/wp-json\/wp\/v2\/media\/23970"}],"wp:attachment":[{"href":"https:\/\/www.grillsymbol.com\/es\/wp-json\/wp\/v2\/media?parent=20992"}],"curies":[{"name":"wp","href":"https:\/\/api.w.org\/{rel}","templated":true}]}}