{"id":21026,"date":"2023-04-25T08:21:46","date_gmt":"2023-04-25T08:21:47","guid":{"rendered":"https:\/\/www.grillsymbol.com\/?post_type=product&#038;p=21026"},"modified":"2024-08-21T11:59:12","modified_gmt":"2024-08-21T11:59:12","slug":"grillsymbol-tapa-inoxidable-para-pozo-de-fuego-luna","status":"publish","type":"product","link":"https:\/\/www.grillsymbol.com\/es\/shop\/pozos-de-fuego\/grillsymbol-tapa-inoxidable-para-pozo-de-fuego-luna\/","title":{"rendered":"GrillSymbol Tapa inoxidable para pozo de fuego Luna"},"content":{"rendered":"<ul>\n<li>Hecho de acero inoxidable<\/li>\n<li>Di\u00e1metro: 79 cm<\/li>\n<li>Peso: 8 kg<\/li>\n<li>Las asas: racro inoxidable<\/li>\n<li>Las esquinas de la tapa se fijan con pernos M6<\/li>\n<li>Tiempo aproximado de montaje 5-10 min<\/li>\n<\/ul>\n","protected":false},"excerpt":{"rendered":"<p>Tapa inoxidable para pozo de fuego Luna.\u00a0Aporta al producto un aspecto m\u00e1s est\u00e9tico y oculta el fuego que hay dentro de la base. Tambi\u00e9n permite mantener la chimenea pr\u00e1cticamente seca.<\/p>\n<p><strong>Dise\u00f1o: Petteri Wiimaa<\/strong><\/p>\n<p>&nbsp;<\/p>\n<p>&nbsp;<\/p>\n","protected":false},"featured_media":21034,"comment_status":"open","ping_status":"closed","template":"","meta":{"footnotes":""},"class_list":["post-21026","product","type-product","status-publish","has-post-thumbnail","hentry","product_cat-pozos-de-fuego"],"_links":{"self":[{"href":"https:\/\/www.grillsymbol.com\/es\/wp-json\/wp\/v2\/product\/21026","targetHints":{"allow":["GET"]}}],"collection":[{"href":"https:\/\/www.grillsymbol.com\/es\/wp-json\/wp\/v2\/product"}],"about":[{"href":"https:\/\/www.grillsymbol.com\/es\/wp-json\/wp\/v2\/types\/product"}],"replies":[{"embeddable":true,"href":"https:\/\/www.grillsymbol.com\/es\/wp-json\/wp\/v2\/comments?post=21026"}],"version-history":[{"count":0,"href":"https:\/\/www.grillsymbol.com\/es\/wp-json\/wp\/v2\/product\/21026\/revisions"}],"wp:featuredmedia":[{"embeddable":true,"href":"https:\/\/www.grillsymbol.com\/es\/wp-json\/wp\/v2\/media\/21034"}],"wp:attachment":[{"href":"https:\/\/www.grillsymbol.com\/es\/wp-json\/wp\/v2\/media?parent=21026"}],"curies":[{"name":"wp","href":"https:\/\/api.w.org\/{rel}","templated":true}]}}