{"id":21847,"date":"2023-08-24T11:44:50","date_gmt":"2023-08-24T11:44:51","guid":{"rendered":"https:\/\/www.grillsymbol.com\/?post_type=product&#038;p=21847"},"modified":"2026-03-29T15:26:15","modified_gmt":"2026-03-29T15:26:15","slug":"grillsymbol-pozo-de-fuego-luna-o-119-cm-copy-copy-2","status":"publish","type":"product","link":"https:\/\/www.grillsymbol.com\/es\/shop\/pozos-de-fuego\/grillsymbol-pozo-de-fuego-luna-o-119-cm-copy-copy-2\/","title":{"rendered":"GrillSymbol Chimenea-estufa de le\u00f1a Amigo"},"content":{"rendered":"<ul>\n<li>Medidas: 41 x 54 x 210 cm (ancho * fondo * alto)<\/li>\n<li>Peso 50 kg aprox<\/li>\n<li>Material: acero Cor-Ten de 3 mm<\/li>\n<li>Puerta con vidrio resistente al calor (tama\u00f1o de la ventana 177*177 mm)<\/li>\n<li>Dimensiones de la placa de <strong>acero S355<\/strong>: 33 x 30 cm<\/li>\n<li>La chimenea consta de dos partes, se puede utilizar tanto alta como baja.<\/li>\n<li>El agua se drena en la parte inferior de la chimenea-estufa<\/li>\n<li>Se entrega en partes<\/li>\n<li>Tiempo aproximado de montaje 15-20 min<\/li>\n<\/ul>\n<p>&nbsp;<\/p>\n<p><strong>Amigo<\/strong> es el compa\u00f1ero perfecto en tu viaje culinario: encuentra una silla peque\u00f1a, algo de tiempo, ollas y sartenes, \u00a1y podr\u00e1s comenzar a cocinar! La altura de la superficie de trabajo es de 66 cm, que es exactamente la altura ideal para sentarse junto a la estufa en una silla de unos 40 cm de altura.<\/p>\n<p><strong>Para uso en exteriores.<\/strong> El producto se puede instalar sobre una base de madera si la base de la estufa est\u00e1 adecuadamente hecha a prueba de fuego y se siguen los requisitos de seguridad contra incendios espec\u00edficos del pa\u00eds.<\/p>\n<p><strong>\u00a1No lo dejes desatendido si hay materiales inflamables alrededor!<\/strong><\/p>\n<p><strong>\u00a1NB!<\/strong> Los productos de acero Cor-Ten se entregan con una superficie sin tratar. El acero Cor-Ten completamente nuevo es de color gris como el acero laminado en caliente convencional. Puede encontrar las instrucciones de envejecimiento en nuestro sitio web o puede escanear directamente desde el producto.<\/p>\n<p>&nbsp;<\/p>\n<h5><a href=\"https:\/\/www.grillsymbol.com\/es\/instructions\/instrucciones-para-productos-cor-ten\/\" target=\"_blank\" rel=\"noopener\">Mira aqu\u00ed: Instrucciones para productos Cor-Ten<\/a><\/h5>\n","protected":false},"excerpt":{"rendered":"<p>La chimenea <strong>Amigo\u00a0<\/strong>es pr\u00e1ctico y elegante! Amigo trabaja duro y da la seguridad para que la vida sin electricidad no se detenga. Lo importante es tener le\u00f1a a mano.<\/p>\n<p>Cocina o simplemente disfruta del calorcito.<\/p>\n<p>C\u00f3mo es habitual en un caballero, Amigo se adapta tanto a una terraza de una villa de lujo como al patio de una casa de campo. Soporta valientemente el fr\u00edo, la lluvia, la nieve y el viento y, a trav\u00e9s de una puerta de cristal muestra una luz acogedora, que se puede usar de fondo para meditar.<\/p>\n<p><strong>Dise\u00f1o: Petteri Wiimaa<\/strong><\/p>\n<p>El acero Cor-Ten es acero al carb\u00f3n casi puro, pero tratado para crear una capa protectora resistente a la intemperie en su superficie. La capa superficial es inicialmente gris\u00e1cea, luego se vuelve marr\u00f3n rojiza (un tono similar al \u00f3xido), y se oscurece a\u00fan m\u00e1s con el tiempo. Usado correctamente, el acero Cor-Ten es expresivo, duradero y libre de mantenimiento. Resiste el tiempo de una manera \u00f9nica.<\/p>\n<p>&nbsp;<\/p>\n","protected":false},"featured_media":21850,"comment_status":"open","ping_status":"closed","template":"","meta":{"footnotes":""},"class_list":["post-21847","product","type-product","status-publish","has-post-thumbnail","hentry","product_cat-pozos-de-fuego"],"_links":{"self":[{"href":"https:\/\/www.grillsymbol.com\/es\/wp-json\/wp\/v2\/product\/21847","targetHints":{"allow":["GET"]}}],"collection":[{"href":"https:\/\/www.grillsymbol.com\/es\/wp-json\/wp\/v2\/product"}],"about":[{"href":"https:\/\/www.grillsymbol.com\/es\/wp-json\/wp\/v2\/types\/product"}],"replies":[{"embeddable":true,"href":"https:\/\/www.grillsymbol.com\/es\/wp-json\/wp\/v2\/comments?post=21847"}],"version-history":[{"count":0,"href":"https:\/\/www.grillsymbol.com\/es\/wp-json\/wp\/v2\/product\/21847\/revisions"}],"wp:featuredmedia":[{"embeddable":true,"href":"https:\/\/www.grillsymbol.com\/es\/wp-json\/wp\/v2\/media\/21850"}],"wp:attachment":[{"href":"https:\/\/www.grillsymbol.com\/es\/wp-json\/wp\/v2\/media?parent=21847"}],"curies":[{"name":"wp","href":"https:\/\/api.w.org\/{rel}","templated":true}]}}