{"id":22126,"date":"2023-10-19T11:59:17","date_gmt":"2023-10-19T11:59:19","guid":{"rendered":"https:\/\/www.grillsymbol.com\/?post_type=product&#038;p=22126"},"modified":"2024-08-21T11:54:28","modified_gmt":"2024-08-21T11:54:28","slug":"grillsymbol-tapa-para-pozo-de-fuego-lucas-mini","status":"publish","type":"product","link":"https:\/\/www.grillsymbol.com\/es\/shop\/pozos-de-fuego\/grillsymbol-tapa-para-pozo-de-fuego-lucas-mini\/","title":{"rendered":"GrillSymbol Tapa para pozo de fuego Lucas Mini"},"content":{"rendered":"<ul>\n<li>Hecho de acero Cor-Ten de 2 mm<\/li>\n<li>Di\u00e1metro: 60 cm<\/li>\n<li>Peso: 6 kg<\/li>\n<li>Las esquinas de la tapa se fijan con pernos M6<\/li>\n<li>Tiempo aproximado de montaje 5-10 min<\/li>\n<\/ul>\n<p>&nbsp;<\/p>\n<p><strong>\u00a1NB!<\/strong> Los productos de acero Cor-Ten se entregan con una superficie sin tratar. El acero Cor-Ten completamente nuevo es de color gris como el acero laminado en caliente convencional. Puede encontrar las instrucciones de envejecimiento en nuestro sitio web o puede escanear directamente desde el producto.<\/p>\n<p>&nbsp;<\/p>\n<h5><a href=\"https:\/\/www.grillsymbol.com\/es\/instructions\/instrucciones-para-productos-cor-ten\/\" target=\"_blank\" rel=\"noopener\">Mira aqu\u00ed: Instrucciones para productos Cor-Ten<\/a><\/h5>\n<ul>\n<li style=\"list-style-type: none\"><\/li>\n<\/ul>\n","protected":false},"excerpt":{"rendered":"<p>Tapa para pozo de fuego Lucas Mini. Aporta al producto un aspecto m\u00e1s est\u00e9tico y oculta el fuego que hay dentro de la base. Tambi\u00e9n permite mantener la chimenea pr\u00e1cticamente seca.<\/p>\n<p><strong>Dise\u00f1o: Petteri Wiimaa<\/strong><\/p>\n<p>El acero Cor-Ten es acero al carb\u00f3n casi puro, pero tratado para crear una capa protectora resistente a la intemperie en su superficie. La capa superficial es inicialmente gris\u00e1cea, luego se vuelve marr\u00f3n rojiza (un tono similar al \u00f3xido), y se oscurece a\u00fan m\u00e1s con el tiempo. Usado correctamente, el acero Cor-Ten es expresivo, duradero y libre de mantenimiento. Resiste el tiempo de una manera \u00f9nica.<\/p>\n<p>&nbsp;<\/p>\n","protected":false},"featured_media":22928,"comment_status":"open","ping_status":"closed","template":"","meta":{"footnotes":""},"class_list":["post-22126","product","type-product","status-publish","has-post-thumbnail","hentry","product_cat-pozos-de-fuego"],"_links":{"self":[{"href":"https:\/\/www.grillsymbol.com\/es\/wp-json\/wp\/v2\/product\/22126","targetHints":{"allow":["GET"]}}],"collection":[{"href":"https:\/\/www.grillsymbol.com\/es\/wp-json\/wp\/v2\/product"}],"about":[{"href":"https:\/\/www.grillsymbol.com\/es\/wp-json\/wp\/v2\/types\/product"}],"replies":[{"embeddable":true,"href":"https:\/\/www.grillsymbol.com\/es\/wp-json\/wp\/v2\/comments?post=22126"}],"version-history":[{"count":0,"href":"https:\/\/www.grillsymbol.com\/es\/wp-json\/wp\/v2\/product\/22126\/revisions"}],"wp:featuredmedia":[{"embeddable":true,"href":"https:\/\/www.grillsymbol.com\/es\/wp-json\/wp\/v2\/media\/22928"}],"wp:attachment":[{"href":"https:\/\/www.grillsymbol.com\/es\/wp-json\/wp\/v2\/media?parent=22126"}],"curies":[{"name":"wp","href":"https:\/\/api.w.org\/{rel}","templated":true}]}}