{"id":22244,"date":"2023-10-31T13:20:16","date_gmt":"2023-10-31T13:20:34","guid":{"rendered":"https:\/\/www.grillsymbol.com\/?post_type=product&#038;p=22244"},"modified":"2023-12-18T12:55:29","modified_gmt":"2023-12-18T12:55:29","slug":"outlet-grillsymbol-barbacoa-de-carbon-chef-xxl-muestra","status":"publish","type":"product","link":"https:\/\/www.grillsymbol.com\/es\/shop\/outlet-es\/outlet-grillsymbol-barbacoa-de-carbon-chef-xxl-muestra\/","title":{"rendered":"OUTLET GrillSymbol Barbacoa de carb\u00f3n Chef XXL (muestra)"},"content":{"rendered":"<ul>\n<li>Medidas: 116 x 65 x 90\u00a0cm (ancho * fondo * alto)<\/li>\n<li>Peso: 70 kg<\/li>\n<li>El cuerpo de la barbacoa est\u00e1 fabricado en acero Cor-Ten de 3mm<\/li>\n<li>Superficie de cocci\u00f3n: 115 x 62 cm<\/li>\n<li>Las medidas de la rejilla: 62 x 38 cm (incluye dos rejillas)<\/li>\n<li>Las rejillas est\u00e1n hecha de acero inoxidable<\/li>\n<li>La parte inferior de la barbacoa tiene salidas de aire ajustables<\/li>\n<li>Las patas est\u00e1n hechas de acero inoxidable y se pueden quitar con pernos de mariposa<\/li>\n<li>Las patas tienen suelas que aumentan la estabilidad<\/li>\n<li>Material del ba\u00f1o para preparar el carb\u00f3n de la barbacoa: acero inoxidable de 2 mm<\/li>\n<li>La balda para el carb\u00f3n de la barbacoa: base de acero inoxidable de 1,2 mm y marco de 3 mm alrededor<\/li>\n<li>La barbacoa tiene protecci\u00f3n contra el viento y salpicaduras 116 x 15 cm (ancho * alto)<\/li>\n<\/ul>\n<p>&nbsp;<\/p>\n<p><b>Accesorios de la barbacoa de carb\u00f3n Chef XXL<\/b><b>: (no incluidos en el precio)<\/b><\/p>\n<p>&nbsp;<\/p>\n<ul>\n<li>Tapa de la barbacoa de acero inoxidable (cubre 2\/3 del \u00e1rea de la barbacoa, 62 x 76 cm)<\/li>\n<li>Rejilla cl\u00e1sica, acero redondo \u00f8 8 mm (cubre 1\/3 del \u00e1rea de la barbacoa, 62 x 38 cm)<\/li>\n<li>Barbacoa argentina (cubre 2\/3 del \u00e1rea de la barbacoa, 62 x 76 cm)<\/li>\n<li>Placa para cocinar: acero inoxidable de 5 mm (cubre 1\/3 del \u00e1rea de la barbacoa, 62 x 38 cm)<\/li>\n<li>Estantes laterales para barbacoa: acero inoxidable (2 uds)<\/li>\n<li>Estante de almacenamiento para las rejillas (almacena 3 rejillas)<\/li>\n<li>Adaptador para montar sart\u00e9n 1\/1 GN (cubre 1\/3 del \u00e1rea de la barbacoa, 62 x 38 cm)<\/li>\n<\/ul>\n<p>&nbsp;<\/p>\n<p><strong>NB!\u00a0<\/strong>Debido al uso de la barbacoa y al calor que emane, el acero de la barbacoa Cor-Ten se vuelve ligeramente m\u00e1s oscuro que en las fotos.<\/p>\n<p><strong>\u00a1NB!<\/strong>\u00a0Los productos de acero Cor-Ten se entregan con una superficie sin tratar. El acero COR-TEN\u00ae completamente nuevo es de color gris como el acero laminado en caliente convencional. Puede encontrar las instrucciones de envejecimiento en nuestro sitio web o puede escanear directamente desde el producto.<\/p>\n<p>&nbsp;<\/p>\n<h5><a href=\"https:\/\/www.grillsymbol.com\/es\/instructions\/instrucciones-para-productos-cor-ten\/\" target=\"_blank\" rel=\"noopener\">Mira aqu\u00ed: Instrucciones para productos Cor-Ten<\/a><\/h5>\n","protected":false},"excerpt":{"rendered":"<p><strong>NB! Este es un producto de muestra.<\/strong><\/p>\n<p><strong>Chef XXL<\/strong> es una barbacoa de carb\u00f3n grande, de alta productividad, confiable y fuerte. F\u00e1cil de montar y desmontar, ocupa poco espacio y cumple perfectamente su funci\u00f3n. El tama\u00f1o de la zona de la barbacoa es de 115 x 62 cm. El conjunto incluye 2 rejillas de acero inoxidable que cubren 2\/3 de la zona de la barbacoa, un ba\u00f1o de preparaci\u00f3n de carb\u00f3n y un ba\u00f1o de carb\u00f3n. La barbacoa tiene un protector de viento y salpicaduras de 15 cm de ancho, que se puede usar como una zona m\u00e1s fr\u00eda cuando se asa a la parrilla en la posici\u00f3n inferior.<\/p>\n<p>Las barbacoas de carb\u00f3n Chef\u00a0son una combinaci\u00f3n de viejos cl\u00e1sicos y materiales modernos. Forma antigua y cl\u00e1sica, detalles pr\u00e1cticos y materiales modernos. \u00a1El material tambi\u00e9n se ha usado como en los viejos tiempos! El cuerpo de la barbacoa est\u00e1 fabricado en <strong>acero Cor-Ten<\/strong> de 3 mm, que mantiene estable la temperatura durante la cocci\u00f3n.<\/p>\n<p>&nbsp;<\/p>\n","protected":false},"featured_media":13003,"comment_status":"open","ping_status":"closed","template":"","meta":{"footnotes":""},"class_list":["post-22244","product","type-product","status-publish","has-post-thumbnail","hentry","product_cat-outlet-es"],"_links":{"self":[{"href":"https:\/\/www.grillsymbol.com\/es\/wp-json\/wp\/v2\/product\/22244","targetHints":{"allow":["GET"]}}],"collection":[{"href":"https:\/\/www.grillsymbol.com\/es\/wp-json\/wp\/v2\/product"}],"about":[{"href":"https:\/\/www.grillsymbol.com\/es\/wp-json\/wp\/v2\/types\/product"}],"replies":[{"embeddable":true,"href":"https:\/\/www.grillsymbol.com\/es\/wp-json\/wp\/v2\/comments?post=22244"}],"version-history":[{"count":0,"href":"https:\/\/www.grillsymbol.com\/es\/wp-json\/wp\/v2\/product\/22244\/revisions"}],"wp:featuredmedia":[{"embeddable":true,"href":"https:\/\/www.grillsymbol.com\/es\/wp-json\/wp\/v2\/media\/13003"}],"wp:attachment":[{"href":"https:\/\/www.grillsymbol.com\/es\/wp-json\/wp\/v2\/media?parent=22244"}],"curies":[{"name":"wp","href":"https:\/\/api.w.org\/{rel}","templated":true}]}}