{"id":22299,"date":"2023-11-01T09:29:23","date_gmt":"2023-11-01T09:29:25","guid":{"rendered":"https:\/\/www.grillsymbol.com\/?post_type=product&#038;p=22299"},"modified":"2023-12-18T12:48:53","modified_gmt":"2023-12-18T12:48:53","slug":"outlet-grillsymbol-pozo-de-fuego-luna-o-119-cm-muestra","status":"publish","type":"product","link":"https:\/\/www.grillsymbol.com\/es\/shop\/outlet-es\/outlet-grillsymbol-pozo-de-fuego-luna-o-119-cm-muestra\/","title":{"rendered":"OUTLET GrillSymbol pozo de fuego Luna, \u00f8 119 cm (muestra)"},"content":{"rendered":"<ul>\n<li>Di\u00e1metro: 119 cm<\/li>\n<li>Altura: 47 cm<\/li>\n<li>Peso del set completo: 200 kg aprox<\/li>\n<li>Material de los paneles exteriores:\u00a0 acero Cor-Ten de 3 mm<\/li>\n<li>El pozo de fuego consta de dos partes: el panel exterior y el interior<\/li>\n<li>La superficie exterior no se calienta durante la elaboraci\u00f3n del fuego, ya que hay espacios de aire entre los dos paneles. Las piedras se extienden en una capa de unos 5 cm y debajo esta el aire que enfr\u00eda la superficie exterior del brasero.<\/li>\n<li>En medio canasta de cenizas\/le\u00f1a, que se pueda quitar y limpiar (Medidas: 60 x 60 x 12 cm)<\/li>\n<li>Incluye grava de granito, que se instala entre dos c\u00edrculos<\/li>\n<li>El pozo de fuego se apoya al suelo con 3 patas<\/li>\n<li>La tapa est\u00e1 disponible como accesorio<\/li>\n<li>Por su tama\u00f1o tambi\u00e9n es adecuado para espacios p\u00fablicos: jardines exteriores de restaurantes, campos de golf, zonas de fogatas en municipios\/pueblos rurales, etc<\/li>\n<\/ul>\n<p>&nbsp;<\/p>\n<p>El producto no debe instalarse sobre una superficie de madera, ya que el el pozo se calentar\u00e1 durante el fuego. Hay agujeros en el fondo de la hoguera de los que pueden caer peque\u00f1os trozos de carb\u00f3n. Los orificios en el fondo act\u00faan como desag\u00fces para evitar que se acumule agua estancada dentro de la hoguera.<\/p>\n<p><strong>\u00a1NB!<\/strong>\u00a0Los productos de acero Cor-Ten se entregan con una superficie sin tratar. El acero COR-TEN\u00ae completamente nuevo es de color gris como el acero laminado en caliente convencional. Puede encontrar las instrucciones de envejecimiento en nuestro sitio web o puede escanear directamente desde el producto.<\/p>\n<p>&nbsp;<\/p>\n<h5><a href=\"https:\/\/www.grillsymbol.com\/es\/instructions\/instrucciones-para-productos-cor-ten\/\" target=\"_blank\" rel=\"noopener\">Mira aqu\u00ed: Instrucciones para productos Cor-Ten<\/a><\/h5>\n","protected":false},"excerpt":{"rendered":"<p><strong>NB! Este es un producto de muestra.<\/strong><\/p>\n<p>Uno de los pozos de fuego m\u00e1s grandes de nuestra gama de productos.<\/p>\n<p>El pozo de fuego est\u00e1 hecho de acero Cor-Ten, que es acero al carbono casi puro, pero tratado para crear una capa protectora resistente a la intemperie en su superficie. La capa superficial es inicialmente gris\u00e1cea, luego se vuelve marr\u00f3n rojiza (un tono similar al \u00f3xido), y se oscurece a\u00fan m\u00e1s con el tiempo. Usado correctamente, el acero Cor-Ten es expresivo, duradero y libre de mantenimiento. Resiste el tiempo de una manera \u00f9nica.<\/p>\n<p>Las piedras entre las dos capas de metal tienen principalmente fines decorativos, pero tambi\u00e9n transmiten calor.<\/p>\n<p><strong>Dise\u00f1o: Petteri Wiimaa<\/strong><\/p>\n<p>&nbsp;<\/p>\n","protected":false},"featured_media":12380,"comment_status":"open","ping_status":"closed","template":"","meta":{"footnotes":""},"class_list":["post-22299","product","type-product","status-publish","has-post-thumbnail","hentry","product_cat-outlet-es"],"_links":{"self":[{"href":"https:\/\/www.grillsymbol.com\/es\/wp-json\/wp\/v2\/product\/22299","targetHints":{"allow":["GET"]}}],"collection":[{"href":"https:\/\/www.grillsymbol.com\/es\/wp-json\/wp\/v2\/product"}],"about":[{"href":"https:\/\/www.grillsymbol.com\/es\/wp-json\/wp\/v2\/types\/product"}],"replies":[{"embeddable":true,"href":"https:\/\/www.grillsymbol.com\/es\/wp-json\/wp\/v2\/comments?post=22299"}],"version-history":[{"count":0,"href":"https:\/\/www.grillsymbol.com\/es\/wp-json\/wp\/v2\/product\/22299\/revisions"}],"wp:featuredmedia":[{"embeddable":true,"href":"https:\/\/www.grillsymbol.com\/es\/wp-json\/wp\/v2\/media\/12380"}],"wp:attachment":[{"href":"https:\/\/www.grillsymbol.com\/es\/wp-json\/wp\/v2\/media?parent=22299"}],"curies":[{"name":"wp","href":"https:\/\/api.w.org\/{rel}","templated":true}]}}