{"id":23160,"date":"2024-01-18T14:19:52","date_gmt":"2024-01-18T14:19:54","guid":{"rendered":"https:\/\/grillsymbol.com\/?post_type=product&#038;p=23160"},"modified":"2024-09-11T08:54:34","modified_gmt":"2024-09-11T08:54:34","slug":"grillsymbol-rejilla-para-quemador-de-gas-40-y-60-cm","status":"publish","type":"product","link":"https:\/\/www.grillsymbol.com\/es\/shop\/tapas-para-paelleras\/grillsymbol-rejilla-para-quemador-de-gas-40-y-60-cm\/","title":{"rendered":"GrillSymbol Rejilla para quemador de gas 40 y 60 cm"},"content":{"rendered":"<p>SA-40 es adecuado para los modelos PRO-580, PRO-545, PRO-545 CAT, PRO-720, PRO-675, Basic-580, B400, B600, TW-580, TW-720 and TW-960.<\/p>\n","protected":false},"excerpt":{"rendered":"<p>Rejilla universal de acero inoxidable. Adecuado para su uso en quemador de gas.<\/p>\n<p>El dise\u00f1o de la rejilla para quemador de gas permite colocar sobre \u00e9l ollas y sartenes grandes y peque\u00f1as. Esta soluci\u00f3n hace que el uso de una quemador de gas sea multifuncional. Coloque la rejilla sobre la quemador de gas y cocine al aire libre directamente sobre el fuego de gas.<\/p>\n","protected":false},"featured_media":23166,"comment_status":"open","ping_status":"closed","template":"","meta":{"footnotes":""},"class_list":["post-23160","product","type-product","status-publish","has-post-thumbnail","hentry","product_cat-tapas-para-paelleras"],"_links":{"self":[{"href":"https:\/\/www.grillsymbol.com\/es\/wp-json\/wp\/v2\/product\/23160","targetHints":{"allow":["GET"]}}],"collection":[{"href":"https:\/\/www.grillsymbol.com\/es\/wp-json\/wp\/v2\/product"}],"about":[{"href":"https:\/\/www.grillsymbol.com\/es\/wp-json\/wp\/v2\/types\/product"}],"replies":[{"embeddable":true,"href":"https:\/\/www.grillsymbol.com\/es\/wp-json\/wp\/v2\/comments?post=23160"}],"version-history":[{"count":0,"href":"https:\/\/www.grillsymbol.com\/es\/wp-json\/wp\/v2\/product\/23160\/revisions"}],"wp:featuredmedia":[{"embeddable":true,"href":"https:\/\/www.grillsymbol.com\/es\/wp-json\/wp\/v2\/media\/23166"}],"wp:attachment":[{"href":"https:\/\/www.grillsymbol.com\/es\/wp-json\/wp\/v2\/media?parent=23160"}],"curies":[{"name":"wp","href":"https:\/\/api.w.org\/{rel}","templated":true}]}}