{"id":23198,"date":"2024-01-19T06:42:39","date_gmt":"2024-01-19T06:42:41","guid":{"rendered":"https:\/\/grillsymbol.com\/?post_type=product&#038;p=23198"},"modified":"2024-08-22T07:58:08","modified_gmt":"2024-08-22T07:58:08","slug":"grillsymbol-rejilla-para-quemador-de-gas-50-cm","status":"publish","type":"product","link":"https:\/\/www.grillsymbol.com\/es\/shop\/tapas-para-paelleras\/grillsymbol-rejilla-para-quemador-de-gas-50-cm\/","title":{"rendered":"GrillSymbol Rejilla para quemador de gas 50 cm"},"content":{"rendered":"<p>SA-50 es adecuado para los modelos Expert-720, B500.<\/p>\n<p>&nbsp;<\/p>\n","protected":false},"excerpt":{"rendered":"<p>Rejilla universal de acero inoxidable. Adecuado para su uso en quemador de gas.<\/p>\n<p>El dise\u00f1o de la rejilla para quemador de gas permite colocar sobre \u00e9l ollas y sartenes grandes y peque\u00f1as. Esta soluci\u00f3n hace que el uso de una quemador de gas sea multifuncional. Coloque la rejilla sobre la quemador de gas y cocine al aire libre directamente sobre el fuego de gas.<\/p>\n<p>&nbsp;<\/p>\n","protected":false},"featured_media":23204,"comment_status":"open","ping_status":"closed","template":"","meta":{"footnotes":""},"class_list":["post-23198","product","type-product","status-publish","has-post-thumbnail","hentry","product_cat-tapas-para-paelleras"],"_links":{"self":[{"href":"https:\/\/www.grillsymbol.com\/es\/wp-json\/wp\/v2\/product\/23198","targetHints":{"allow":["GET"]}}],"collection":[{"href":"https:\/\/www.grillsymbol.com\/es\/wp-json\/wp\/v2\/product"}],"about":[{"href":"https:\/\/www.grillsymbol.com\/es\/wp-json\/wp\/v2\/types\/product"}],"replies":[{"embeddable":true,"href":"https:\/\/www.grillsymbol.com\/es\/wp-json\/wp\/v2\/comments?post=23198"}],"version-history":[{"count":0,"href":"https:\/\/www.grillsymbol.com\/es\/wp-json\/wp\/v2\/product\/23198\/revisions"}],"wp:featuredmedia":[{"embeddable":true,"href":"https:\/\/www.grillsymbol.com\/es\/wp-json\/wp\/v2\/media\/23204"}],"wp:attachment":[{"href":"https:\/\/www.grillsymbol.com\/es\/wp-json\/wp\/v2\/media?parent=23198"}],"curies":[{"name":"wp","href":"https:\/\/api.w.org\/{rel}","templated":true}]}}