{"id":23326,"date":"2022-12-05T12:20:31","date_gmt":"2024-01-24T09:37:22","guid":{"rendered":"https:\/\/www.grillsymbol.com\/?post_type=product&#038;p=23326"},"modified":"2026-03-26T10:12:16","modified_gmt":"2026-03-26T10:12:16","slug":"petteri-wiimaa-station-casita-para-pajaros-y-soporte-de-pared","status":"publish","type":"product","link":"https:\/\/www.grillsymbol.com\/es\/shop\/otros-productos-de-jardin\/petteri-wiimaa-station-casita-para-pajaros-y-soporte-de-pared\/","title":{"rendered":"Petteri Wiimaa Station casita para p\u00e1jaros y soporte de pared"},"content":{"rendered":"<ul>\n<li>Hecho de acero Cor-Ten de 2 mm<\/li>\n<li>Dimensiones\u00a0exteriores: 66 x 30 x 24 cm (largo*ancho*alto)<\/li>\n<li>Las dimensiones del comedero: 59 x 30 cm<\/li>\n<li>Peso: 10 kg aprox<\/li>\n<li>Se entrega en partes, tiempo aproximado de montaje 15-20 min<\/li>\n<li>Set con soporte de pared de acero Cor-Ten,\u00a0cuerda, topes de la cuerda y comedero para p\u00e1jaros<\/li>\n<\/ul>\n<p>&nbsp;<\/p>\n<p><strong>\u00a1NB! \u00a1Es un\u00a0producto\u00a0pesado!\u00a0Sigue\u00a0los\u00a0requisitos\u00a0de seguridad\u00a0durante\u00a0la\u00a0instalaci\u00f3n:<\/strong><\/p>\n<ul>\n<li>Para evitar las consecuencias de una instalaci\u00f3n o uso incorrecto, opta por un lugar adecuado para la casa (por ejemplo, no apto para parques infantiles, la zona de descanso de la terraza, etc.). Los p\u00e1jaros tambi\u00e9n necesitan un poco de privacidad.<\/li>\n<li>Aprieta firmemente los topes de la cuerda para que la cuerda no se suelte del punto de fijaci\u00f3n.<\/li>\n<li>Aseg\u00farate de que la cuerda no se deslice sobre el punto de fijaci\u00f3n (rama de \u00e1rbol, viga, ojo de fijaci\u00f3n). Garantiza tambi\u00e9n que la cuerda no se deslice del punto de fijaci\u00f3n con viento fuerte, ya que la casa se balancea con el viento.<\/li>\n<li>Aseg\u00farate de que la cubierta de pl\u00e1stico del cable proteja donde el cable hace contacto con el metal.<\/li>\n<li>Comprueba el desgaste del cable anualmente. Si ves fibras de cuerda rotas, \u00a1reemplace la cuerda!<\/li>\n<\/ul>\n<p>&nbsp;<\/p>\n<p><strong>\u00a1NB!<\/strong>\u00a0Los productos de acero Cor-Ten se entregan con una superficie sin tratar. El acero Cor-Ten completamente nuevo es de color gris como el acero laminado en caliente convencional. Puede encontrar las instrucciones de envejecimiento en nuestro sitio web o puede escanear directamente desde el producto.<\/p>\n<p>&nbsp;<\/p>\n<h5><a href=\"https:\/\/grillsymbol.com\/es\/instructions\/instrucciones-para-productos-cor-ten\/\" target=\"_blank\" rel=\"noopener\">Mira aqu\u00ed: Instrucciones para productos Cor-Ten<\/a><\/h5>\n","protected":false},"excerpt":{"rendered":"<p>\u00ab\u00bfNos reunimos\u00a0y\u00a0hacemos\u00a0un buen\u00a0men\u00fa de\u00a0restaurante? \u00bfDonde\u00a0haya mucho\u00a0espacio\u00a0\u00a0y la lluvia\u00a0o la\u00a0nieve no caiga sobre tu cabeza?<\/p>\n<p>\u00a1Station\u00a0es perfecta para esto! En t\u00e9rminos de dimensiones,\u00a0es\u00a0uno de los nidos de p\u00e1jaros m\u00e1s grande:\u00a0\u00a1Nada menos que\u00a030 x 60 cm! No tienes\u00a0que preocuparte por reservar\u00a0mesa, porque el plato adjunto es de un tama\u00f1o\u00a0considerado. Un techo sobre tu cabeza,\u00a0bebederos en ambos lados, un abeto del norte para\u00a0simplemente trepar\u00a0al\u00a0techo: \u00bfqu\u00e9 m\u00e1s necesitas, p\u00e1jaro? Quiz\u00e1s\u00a0unas bolas de grasa\u2026<\/p>\n<p>La capa superficial es inicialmente gris\u00e1cea, luego se vuelve marr\u00f3n rojiza (un tono similar al \u00f3xido), y se oscurece a\u00fan m\u00e1s con el tiempo.<\/p>\n<p>&nbsp;<\/p>\n<p><strong>Dise\u00f1o: Petteri Wiimaa<\/strong><\/p>\n<p>&nbsp;<\/p>\n","protected":false},"featured_media":23231,"comment_status":"open","ping_status":"closed","template":"","meta":{"footnotes":""},"class_list":["post-23326","product","type-product","status-publish","has-post-thumbnail","hentry","product_cat-otros-productos-de-jardin"],"_links":{"self":[{"href":"https:\/\/www.grillsymbol.com\/es\/wp-json\/wp\/v2\/product\/23326","targetHints":{"allow":["GET"]}}],"collection":[{"href":"https:\/\/www.grillsymbol.com\/es\/wp-json\/wp\/v2\/product"}],"about":[{"href":"https:\/\/www.grillsymbol.com\/es\/wp-json\/wp\/v2\/types\/product"}],"replies":[{"embeddable":true,"href":"https:\/\/www.grillsymbol.com\/es\/wp-json\/wp\/v2\/comments?post=23326"}],"version-history":[{"count":0,"href":"https:\/\/www.grillsymbol.com\/es\/wp-json\/wp\/v2\/product\/23326\/revisions"}],"wp:featuredmedia":[{"embeddable":true,"href":"https:\/\/www.grillsymbol.com\/es\/wp-json\/wp\/v2\/media\/23231"}],"wp:attachment":[{"href":"https:\/\/www.grillsymbol.com\/es\/wp-json\/wp\/v2\/media?parent=23326"}],"curies":[{"name":"wp","href":"https:\/\/api.w.org\/{rel}","templated":true}]}}