{"id":23334,"date":"2022-12-05T12:21:20","date_gmt":"2024-01-24T12:20:06","guid":{"rendered":"https:\/\/www.grillsymbol.com\/?post_type=product&#038;p=23334"},"modified":"2024-11-05T07:48:49","modified_gmt":"2024-11-05T07:48:49","slug":"petteri-wiimaa-comedero-para-pajaros-circle","status":"publish","type":"product","link":"https:\/\/www.grillsymbol.com\/es\/shop\/otros-productos-de-jardin\/petteri-wiimaa-comedero-para-pajaros-circle\/","title":{"rendered":"Petteri Wiimaa comedero para p\u00e1jaros Circle 1=2"},"content":{"rendered":"<p>El comedero Circle se cuelga, pero \u00a0tambi\u00e9n se puede fijar. Para colgarlo, en el set encontrar\u00e1s una cuerda para colgar con una longitud de 1 m. Con la estaca de fijaci\u00f3n se puede fijar el comedero para p\u00e1jaros a una superficie de madera, por ejemplo, a la pared de una casa, a un poste del jardin, a un \u00e1rbol, etc. Para hacer esto, primero coloca la p\u00faa y luego conecta el comedero para p\u00e1jaros a la p\u00faa. \u00a1NB! Para la fijaci\u00f3n en madera, la punta de fijaci\u00f3n debe introducirse en la madera unos 10-15 mm. Aseg\u00faratede que la p\u00faa est\u00e9 instalada recta.<\/p>\n<p>&nbsp;<\/p>\n<ul>\n<li>Hecho de acero Cor-Ten<\/li>\n<li>Di\u00e1metro: 16,5 cm<\/li>\n<li>Peso: 300 g aprox<\/li>\n<li>El juego incluye una estaca de montaje, pernos de montaje de estacas, un cord\u00f3n para colgar y 2 ganchos para colgar bolas de grasa.<\/li>\n<\/ul>\n<p>&nbsp;<\/p>\n<p><strong>\u00a1<\/strong><strong>NB<\/strong><strong>!\u00a0<\/strong>Las p\u00faas del producto para fijar los alimentos son afiladas, los alimentos (por ejemplo, un trozo de manteca de cerdo, etc.) deben colocarse con cuidado y, si es posible, utiliza guantes.<\/p>\n<p>\u00a1NB!\u00a0Los productos de acero Cor-Ten se entregan con una superficie sin tratar. El acero Cor-Ten completamente nuevo es de color gris como el acero laminado en caliente convencional. Puede encontrar las instrucciones de envejecimiento en nuestro sitio web o puede escanear directamente desde el producto.<\/p>\n<p>&nbsp;<\/p>\n<h5><a href=\"https:\/\/grillsymbol.com\/es\/instructions\/instrucciones-para-productos-cor-ten\/\" target=\"_blank\" rel=\"noopener\">Mira aqu\u00ed: Instrucciones para productos Cor-Ten<\/a><\/h5>\n","protected":false},"excerpt":{"rendered":"<p><strong>Oferta especial: 1=2<\/strong><\/p>\n<p>Cu\u00e9lgalo o f\u00edjalo al balc\u00f3n, a la rama de un \u00e1rbol del jard\u00edn, a la pared de la casa, etc. Hecho de acero Cor-Ten resistente a la intemperie, el comedero para p\u00e1jaros Circle acerca la naturaleza a ti y a los p\u00e1jaros les gusta.<\/p>\n<p><strong>Nos preocupamos por la naturaleza.<\/strong> Los comederos para p\u00e1jaros Circle est\u00e1n fabricados hasta un 96% a partir de residuos de la producci\u00f3n. Los detalles de Circle se cortan de los bordes y esquinas que quedan de la producci\u00f3n de otros productos nuestros, que de otro modo terminar\u00edan en la basura. Circle est\u00e1 empaquetado en un sobre hecho de papel 100% reciclado.<\/p>\n<p><strong>Dise\u00f1o: Petteri Wiimaa<\/strong><\/p>\n<p>&nbsp;<\/p>\n","protected":false},"featured_media":19607,"comment_status":"open","ping_status":"closed","template":"","meta":{"footnotes":""},"class_list":["post-23334","product","type-product","status-publish","has-post-thumbnail","hentry","product_cat-otros-productos-de-jardin"],"_links":{"self":[{"href":"https:\/\/www.grillsymbol.com\/es\/wp-json\/wp\/v2\/product\/23334","targetHints":{"allow":["GET"]}}],"collection":[{"href":"https:\/\/www.grillsymbol.com\/es\/wp-json\/wp\/v2\/product"}],"about":[{"href":"https:\/\/www.grillsymbol.com\/es\/wp-json\/wp\/v2\/types\/product"}],"replies":[{"embeddable":true,"href":"https:\/\/www.grillsymbol.com\/es\/wp-json\/wp\/v2\/comments?post=23334"}],"version-history":[{"count":0,"href":"https:\/\/www.grillsymbol.com\/es\/wp-json\/wp\/v2\/product\/23334\/revisions"}],"wp:featuredmedia":[{"embeddable":true,"href":"https:\/\/www.grillsymbol.com\/es\/wp-json\/wp\/v2\/media\/19607"}],"wp:attachment":[{"href":"https:\/\/www.grillsymbol.com\/es\/wp-json\/wp\/v2\/media?parent=23334"}],"curies":[{"name":"wp","href":"https:\/\/api.w.org\/{rel}","templated":true}]}}