{"id":23808,"date":"2024-04-05T13:49:44","date_gmt":"2024-04-05T13:49:45","guid":{"rendered":"https:\/\/grillsymbol.com\/?post_type=product&#038;p=23808"},"modified":"2024-04-05T18:16:52","modified_gmt":"2024-04-05T18:16:52","slug":"grillsymbol-parrilla-vege-griddle-50x33-cm","status":"publish","type":"product","link":"https:\/\/www.grillsymbol.com\/es\/shop\/accesorios-bbq\/grillsymbol-parrilla-vege-griddle-50x33-cm\/","title":{"rendered":"GrillSymbol parrilla Vege Griddle, 50&#215;33 cm"},"content":{"rendered":"<p>Lo que hace que la parrilla Vege Griddle sea especial es la relaci\u00f3n entre la superficie met\u00e1lica y los espacios de aire, que evitan que las verduras se quemen con el fuego directo. La parilla retiene muy bien el calor debido al grosor y peso del material. Las l\u00edneas onduladas dejan un patr\u00f3n interesante en las verduras asadas. La Vege Griddle tambi\u00e9n es adecuada para asar carne, pescado, hamburguesas, etc.<\/p>\n<ul>\n<li>Material de la rejilla: acero laminado en caliente de 5 mm<\/li>\n<li>Dimensiones: 50x33cm<\/li>\n<li>Peso: 5,3 kilos<\/li>\n<\/ul>\n","protected":false},"excerpt":{"rendered":"<p>La parilla Vege Griddle \u00fanica fabricada en acero de 5 mm con un dise\u00f1o pr\u00e1ctico. Adecuado para los siguientes modelos:<\/p>\n<p>&nbsp;<\/p>\n<ul>\n<li>Chef<\/li>\n<li>Chef XL<\/li>\n<li>Naked Chef<\/li>\n<li>Naked Chef XS<\/li>\n<li>Naked Chef XL<\/li>\n<\/ul>\n","protected":false},"featured_media":23820,"comment_status":"open","ping_status":"closed","template":"","meta":{"footnotes":""},"class_list":["post-23808","product","type-product","status-publish","has-post-thumbnail","hentry","product_cat-accesorios-bbq"],"_links":{"self":[{"href":"https:\/\/www.grillsymbol.com\/es\/wp-json\/wp\/v2\/product\/23808","targetHints":{"allow":["GET"]}}],"collection":[{"href":"https:\/\/www.grillsymbol.com\/es\/wp-json\/wp\/v2\/product"}],"about":[{"href":"https:\/\/www.grillsymbol.com\/es\/wp-json\/wp\/v2\/types\/product"}],"replies":[{"embeddable":true,"href":"https:\/\/www.grillsymbol.com\/es\/wp-json\/wp\/v2\/comments?post=23808"}],"version-history":[{"count":0,"href":"https:\/\/www.grillsymbol.com\/es\/wp-json\/wp\/v2\/product\/23808\/revisions"}],"wp:featuredmedia":[{"embeddable":true,"href":"https:\/\/www.grillsymbol.com\/es\/wp-json\/wp\/v2\/media\/23820"}],"wp:attachment":[{"href":"https:\/\/www.grillsymbol.com\/es\/wp-json\/wp\/v2\/media?parent=23808"}],"curies":[{"name":"wp","href":"https:\/\/api.w.org\/{rel}","templated":true}]}}