{"id":23897,"date":"2024-05-30T06:06:39","date_gmt":"2024-05-30T06:06:41","guid":{"rendered":"https:\/\/www.grillsymbol.com\/?post_type=product&#038;p=23897"},"modified":"2024-05-30T07:11:16","modified_gmt":"2024-05-30T07:11:16","slug":"grillsymbol-barbacoa-de-carbon-naked-chef-xl-set","status":"publish","type":"product","link":"https:\/\/www.grillsymbol.com\/es\/shop\/barbacoas-ahumadora-y-barbacoas-de-carbon\/grillsymbol-barbacoa-de-carbon-naked-chef-xl-set\/","title":{"rendered":"GrillSymbol Barbacoa de carb\u00f3n Naked Chef XL Set con accesorios incluidos"},"content":{"rendered":"<ul>\n<li>Material: acero corten de 3 mm<\/li>\n<li>Medidas: 110 x 35 x 80 cm (ancho* fondo* alto)<\/li>\n<li>Peso: 30 kilos<\/li>\n<li>Superficie de cocci\u00f3n: 110 x 34 cm<\/li>\n<li>Las medidas de la rejilla son ca. 40 x 33 cm (la versi\u00f3n XL incluye dos rejillas)<\/li>\n<li>Utilice carb\u00f3n, briquetas o queme carb\u00f3n usted mismo.<\/li>\n<li>A los lados de la barbacoa hay orificios de ventilaci\u00f3n que garantizan un buen intercambio de aire.<\/li>\n<li>Se entrega en piezas, tiempo aproximado de montaje 30 min<\/li>\n<\/ul>\n<p>&nbsp;<\/p>\n<p>Accesorios incluidos:<\/p>\n<ul>\n<li>Parilla ZigZag Solid (acero): ZZG<\/li>\n<li>Set Prensa Hamburguesas y Plancha (acero): BPS<\/li>\n<li>Sart\u00e9n de hierro fundido: FP-16<\/li>\n<li>2 x brochetas (3 piezas): SKEW-47<\/li>\n<\/ul>\n<p>Equipamiento adicional:<\/p>\n<ul>\n<li>Tapa para Chef-NXL (acero inoxidable): CL-XL<\/li>\n<li>Parrilla Classic (acero inoxidable): CG-1<\/li>\n<li>Placa de barbacoa (acero): FTG<\/li>\n<li>Sart\u00e9n wok con adaptador: WPS<\/li>\n<li>Set Prensa Hamburguesas y Plancha (acero inoxidable): BPSI<\/li>\n<li>Soporte intermedio: CMR-XL<\/li>\n<\/ul>\n<p>&nbsp;<\/p>\n<p><strong>\u00a1NB! <\/strong>El producto no debe instalarse sobre una base de madera, ya que la parrilla tiene peque\u00f1as aberturas por las que pueden caer peque\u00f1as cantidades de ceniza o chispas.<\/p>\n<p>&nbsp;<\/p>\n<p><strong>\u00a1NB!<\/strong> Los productos de acero Cor-Ten se entregan con una superficie sin tratar. El acero Cor-Ten completamente nuevo es de color gris como el acero laminado en caliente convencional. Puede encontrar las instrucciones de envejecimiento en nuestro sitio web o puede escanear directamente desde el producto.<\/p>\n<p>&nbsp;<\/p>\n<h5><a href=\"https:\/\/www.grillsymbol.com\/es\/instructions\/instrucciones-para-productos-cor-ten\/\" target=\"_blank\" rel=\"noopener\">Mira aqu\u00ed: Instrucciones para productos Cor-Ten<\/a><\/h5>\n","protected":false},"excerpt":{"rendered":"<p><strong>Set con accesorios incluidos.<\/strong><\/p>\n<p>La barbacoa de carb\u00f3n Naked Chef XL es una parilla\/barbacoa para salchichas de primera calidad fabricada con materiales duraderos y de alta calidad. En 2024 lanzamos un nuevo modelo m\u00e1s funcional que su predecesor.<\/p>\n<p>Las patas de la parrilla y los peque\u00f1os detalles est\u00e1n dise\u00f1ados de tal manera que se pueden fabricar a partir de restos de producci\u00f3n de otros productos. Queremos utilizar el material de la forma m\u00e1s eficiente posible y as\u00ed reducir el impacto medioambiental.<\/p>\n<p>Ofrecemos una amplia gama de accesorios para la barbacoa de carb\u00f3n Chef-NXL.<\/p>\n","protected":false},"featured_media":23059,"comment_status":"open","ping_status":"closed","template":"","meta":{"footnotes":""},"class_list":["post-23897","product","type-product","status-publish","has-post-thumbnail","hentry","product_cat-barbacoas-ahumadora-y-barbacoas-de-carbon"],"_links":{"self":[{"href":"https:\/\/www.grillsymbol.com\/es\/wp-json\/wp\/v2\/product\/23897","targetHints":{"allow":["GET"]}}],"collection":[{"href":"https:\/\/www.grillsymbol.com\/es\/wp-json\/wp\/v2\/product"}],"about":[{"href":"https:\/\/www.grillsymbol.com\/es\/wp-json\/wp\/v2\/types\/product"}],"replies":[{"embeddable":true,"href":"https:\/\/www.grillsymbol.com\/es\/wp-json\/wp\/v2\/comments?post=23897"}],"version-history":[{"count":0,"href":"https:\/\/www.grillsymbol.com\/es\/wp-json\/wp\/v2\/product\/23897\/revisions"}],"wp:featuredmedia":[{"embeddable":true,"href":"https:\/\/www.grillsymbol.com\/es\/wp-json\/wp\/v2\/media\/23059"}],"wp:attachment":[{"href":"https:\/\/www.grillsymbol.com\/es\/wp-json\/wp\/v2\/media?parent=23897"}],"curies":[{"name":"wp","href":"https:\/\/api.w.org\/{rel}","templated":true}]}}