{"id":24277,"date":"2024-09-12T12:57:03","date_gmt":"2024-09-12T12:57:06","guid":{"rendered":"https:\/\/www.grillsymbol.com\/?post_type=product&#038;p=24277"},"modified":"2026-04-29T06:12:39","modified_gmt":"2026-04-29T06:12:39","slug":"grillsymbol-barbacoa-de-carbon-chef-xl","status":"publish","type":"product","link":"https:\/\/www.grillsymbol.com\/es\/shop\/barbacoas-ahumadora-y-barbacoas-de-carbon\/grillsymbol-barbacoa-de-carbon-chef-xl\/","title":{"rendered":"GrillSymbol Barbacoa de carb\u00f3n Chef XL"},"content":{"rendered":"<ul>\n<li>Medidas: 151 x 35 x 95 cm (ancho * fondo * alto)<\/li>\n<li>Peso: 70 kg<\/li>\n<li>Superficie de cocci\u00f3n: 109 x 34 cm<\/li>\n<li>Altura: la superficie de la rejilla de la barbacoa 80 cm, altura incluyendo la tapa 95 cm<\/li>\n<li>Las medidas de la rejilla: 50 x 33 cm, la versi\u00f3n XL incluye 2 rejillas (elecci\u00f3n de rejillas: ZZG, CG-1, VG, MG o FTG \u2013 <strong>al realizar el pedido, escriba su preferencia en el cuadro de informaci\u00f3n adicional<\/strong>)<\/li>\n<li>Capacidad de la rejilla: 1,5-2,5 kg de carne o salchichas<\/li>\n<li>Para hacer una barbacoa, utiliza carb\u00f3n, briquetas o quema el carb\u00f3n tu mismo<\/li>\n<li>Para el carb\u00f3n, la barbacoa tiene 2 bandejas de carb\u00f3n de <strong>acero inoxidable<\/strong>, f\u00e1ciles de vaciar<\/li>\n<li>A los lados de la barbacoa hay orificios de ventilaci\u00f3n que garantizan un buen intercambio de aire<\/li>\n<li>Hay muescas en la carcasa de la barbacoa, que se pueden utilizar para fijar la posici\u00f3n de las brochetas<\/li>\n<li>En la tapa hay una v\u00e1lvula de ventilaci\u00f3n que se puede utilizar para regular la ventilaci\u00f3n.<\/li>\n<li>La barbacoa tiene un term\u00f3metro externo con una escala de 0-300 \u00b0C<\/li>\n<li>La tapa, los paneles laterales y la balda inferior de la barbacoa est\u00e1n hechos de acero inoxidable<\/li>\n<li>Se entrega en piezas, tiempo aproximado de montaje 30 min<\/li>\n<\/ul>\n<p>&nbsp;<\/p>\n<p><strong>\u00a1NB!<\/strong><\/p>\n<ul>\n<li>Aunque durante las fuertes lluvias puede filtrarse un poco de agua en el interior de la barbacoa a trav\u00e9s de la microgrieta entre la tapa y el armaz\u00f3n de la barbacoa, no pasa nada: el exceso de agua sale por el orificio de ventilaci\u00f3n en la parte inferior de la barbacoa y el material no se da\u00f1ar\u00e1.<strong>\u00a0<\/strong><\/li>\n<li>Debido al uso de la barbacoa y al calor que emane, el acero de la barbacoa Cor-Ten se vuelve ligeramente m\u00e1s oscuro que en las fotos.<\/li>\n<li>Los productos de acero Cor-Ten se entregan con una superficie sin tratar. El acero Cor-Ten completamente nuevo es de color gris como el acero laminado en caliente convencional. Puede encontrar las instrucciones de envejecimiento en nuestro sitio web o puede escanear directamente desde el producto.<\/li>\n<\/ul>\n<p>&nbsp;<\/p>\n<h5><a href=\"https:\/\/www.grillsymbol.com\/es\/instructions\/instrucciones-para-productos-cor-ten\/\" target=\"_blank\" rel=\"noopener\">Mira aqu\u00ed: Instrucciones para productos Cor-Ten<\/a><\/h5>\n","protected":false},"excerpt":{"rendered":"<p><strong>La barbacoa de carb\u00f3n Chef-XL<\/strong> representa una combinaci\u00f3n de los buenos cl\u00e1sicos y materiales contempor\u00e1neos.. Forma antigua y cl\u00e1sica, detalles pr\u00e1cticos y materiales modernos.\u00a0<strong>En 2024, hemos lanzado un nuevo modelo que es m\u00e1s funcional que su predecesor: l<\/strong>a barbacoa tiene un mejor intercambio de aire, bandejas de carb\u00f3n m\u00e1s grandes, un estante grande de acero inoxidable y muescas para brochetas. Gracias a su gran superficie de cocci\u00f3n, se pueden utilizar dos rejillas de parrilla al mismo tiempo. O una rejilla con otros accesorios.<\/p>\n<p>\u00a1El material tambi\u00e9n se ha usado como en los viejos tiempos! El cuerpo de la barbacoa est\u00e1 fabricado en acero Cor-Ten de 3 mm, que mantiene estable la temperatura durante la cocci\u00f3n. Sin embargo, la rejilla de la barbacoa est\u00e1 hecha de acero de 5 mm. \u00a1Gracias a esto obtendremos el mejor resultado!<\/p>\n<p>Las patas de la parrilla y los detalles m\u00e1s peque\u00f1os est\u00e1n dise\u00f1ados de tal manera que puedan fabricarse a partir de residuos de materiales generados durante la producci\u00f3n de otros productos. Queremos encontrar un t\u00e9rmino medio en nuestros procesos de producci\u00f3n: materiales duraderos, m\u00ednimo desperdicio de producci\u00f3n y el menor impacto ambiental posible.<\/p>\n<p>El color marr\u00f3n rojizo del cuerpo de la barbacoa se combina con detalles de acero inoxidable, lo que significa que no solo es una muy buena barbacoa, sino que destaca entre otras por su apariencia impresionante.<\/p>\n<p>Cor-Ten y el acero inoxidable son materiales resistentes a la intemperie: la barbacoa Chef te espera los 365 d\u00edas del a\u00f1o bajo el cielo abierto y en cualquier clima.<\/p>\n<p>&nbsp;<\/p>\n","protected":false},"featured_media":24334,"comment_status":"open","ping_status":"closed","template":"","meta":{"footnotes":""},"class_list":["post-24277","product","type-product","status-publish","has-post-thumbnail","hentry","product_cat-barbacoas-ahumadora-y-barbacoas-de-carbon"],"_links":{"self":[{"href":"https:\/\/www.grillsymbol.com\/es\/wp-json\/wp\/v2\/product\/24277","targetHints":{"allow":["GET"]}}],"collection":[{"href":"https:\/\/www.grillsymbol.com\/es\/wp-json\/wp\/v2\/product"}],"about":[{"href":"https:\/\/www.grillsymbol.com\/es\/wp-json\/wp\/v2\/types\/product"}],"replies":[{"embeddable":true,"href":"https:\/\/www.grillsymbol.com\/es\/wp-json\/wp\/v2\/comments?post=24277"}],"version-history":[{"count":1,"href":"https:\/\/www.grillsymbol.com\/es\/wp-json\/wp\/v2\/product\/24277\/revisions"}],"predecessor-version":[{"id":35602,"href":"https:\/\/www.grillsymbol.com\/es\/wp-json\/wp\/v2\/product\/24277\/revisions\/35602"}],"wp:featuredmedia":[{"embeddable":true,"href":"https:\/\/www.grillsymbol.com\/es\/wp-json\/wp\/v2\/media\/24334"}],"wp:attachment":[{"href":"https:\/\/www.grillsymbol.com\/es\/wp-json\/wp\/v2\/media?parent=24277"}],"curies":[{"name":"wp","href":"https:\/\/api.w.org\/{rel}","templated":true}]}}