{"id":24351,"date":"2024-09-16T06:46:21","date_gmt":"2024-09-16T06:46:22","guid":{"rendered":"https:\/\/www.grillsymbol.com\/?post_type=product&#038;p=24351"},"modified":"2024-09-21T12:47:31","modified_gmt":"2024-09-21T12:47:31","slug":"petteri-wiimaa-macetero-acero-corten-myy-xxl","status":"publish","type":"product","link":"https:\/\/www.grillsymbol.com\/es\/shop\/jardineras-acero-corten\/petteri-wiimaa-macetero-acero-corten-myy-xxl\/","title":{"rendered":"Petteri Wiimaa Macetero acero Corten Myy XXL"},"content":{"rendered":"<ul>\n<li>Hecho de acero Cor-Ten de 2 mm<\/li>\n<li>Hay agujeros de drenaje en la parte inferior del macetero<\/li>\n<li>Di\u00e1metro: 80 cm<\/li>\n<li>Altura: 80 cm<\/li>\n<li>Peso: 44 kg<\/li>\n<li>El set incluye pernos M8 (DIN912), que se instalan debajo de la parte inferior. La maceta se apoya en el suelo sobre cabezas de pernos, creando un espacio de aire de 8 mm entre el fondo y la tierra dura.<\/li>\n<li>Patas opcionales disponibles para levantar la maceta con un elevador (SKU: PLS-1)<\/li>\n<li>La maceta se entrega por piezas, tiempo aproximado de montaje 15 min<\/li>\n<\/ul>\n<p>&nbsp;<\/p>\n<p><strong>\u00a1NB!<\/strong> La maceta est\u00e1 hecha a mano, por lo que pueden aparecer ligeros desniveles en los puntos de soldadura del producto sin capa de \u00f3xido. Sin embargo, a medida que se forma la capa de \u00f3xido Cor-Ten, estas irregularidades desvanecen.<\/p>\n<p><strong>\u00a1NB!<\/strong> Tambi\u00e9n fabricamos maceteros a medida del cliente (por ejemplo, macetas grandes para un espacio p\u00fablico).<br \/>\nArquitectos, procuradores y jardineros: escr\u00edbanos sobre sus deseos.<\/p>\n<p><strong>\u00a1NB!<\/strong> Los productos de acero Cor-Ten se entregan con una superficie sin tratar. El acero Cor-Ten completamente nuevo es de color gris como el acero laminado en caliente convencional. Puede encontrar las instrucciones de envejecimiento en nuestro sitio web o puede escanear directamente desde el producto.<\/p>\n<p>&nbsp;<\/p>\n<h5><a href=\"https:\/\/www.grillsymbol.com\/es\/instructions\/instrucciones-para-productos-cor-ten\/\" target=\"_blank\" rel=\"noopener\">Mira aqu\u00ed: Instrucciones para productos Cor-Ten<\/a><\/h5>\n","protected":false},"excerpt":{"rendered":"<p>El acero Cor-Ten es acero al carb\u00f3n casi puro, pero tratado para crear una capa protectora resistente a la intemperie en su superficie. La capa superficial es inicialmente gris\u00e1cea, luego se vuelve marr\u00f3n rojiza (un tono similar al \u00f3xido), y se oscurece a\u00fan m\u00e1s con el tiempo. Usado correctamente, el acero Cor-Ten es expresivo, duradero y libre de mantenimiento. Resiste el tiempo de una manera \u00f9nica.<\/p>\n<p><strong>Dise\u00f1o: Petteri Wiimaa<\/strong><\/p>\n<p>&nbsp;<\/p>\n","protected":false},"featured_media":24366,"comment_status":"open","ping_status":"closed","template":"","meta":{"footnotes":""},"class_list":["post-24351","product","type-product","status-publish","has-post-thumbnail","hentry","product_cat-jardineras-acero-corten"],"_links":{"self":[{"href":"https:\/\/www.grillsymbol.com\/es\/wp-json\/wp\/v2\/product\/24351","targetHints":{"allow":["GET"]}}],"collection":[{"href":"https:\/\/www.grillsymbol.com\/es\/wp-json\/wp\/v2\/product"}],"about":[{"href":"https:\/\/www.grillsymbol.com\/es\/wp-json\/wp\/v2\/types\/product"}],"replies":[{"embeddable":true,"href":"https:\/\/www.grillsymbol.com\/es\/wp-json\/wp\/v2\/comments?post=24351"}],"version-history":[{"count":0,"href":"https:\/\/www.grillsymbol.com\/es\/wp-json\/wp\/v2\/product\/24351\/revisions"}],"wp:featuredmedia":[{"embeddable":true,"href":"https:\/\/www.grillsymbol.com\/es\/wp-json\/wp\/v2\/media\/24366"}],"wp:attachment":[{"href":"https:\/\/www.grillsymbol.com\/es\/wp-json\/wp\/v2\/media?parent=24351"}],"curies":[{"name":"wp","href":"https:\/\/api.w.org\/{rel}","templated":true}]}}