{"id":24414,"date":"2024-11-01T11:00:30","date_gmt":"2024-11-01T11:00:30","guid":{"rendered":"https:\/\/www.grillsymbol.com\/?post_type=product&#038;p=24414"},"modified":"2024-11-01T11:04:53","modified_gmt":"2024-11-01T11:04:53","slug":"outlet-soporte-de-lena-grillsymbol-wall-l-23737170-cm","status":"publish","type":"product","link":"https:\/\/www.grillsymbol.com\/es\/shop\/outlet-es\/outlet-soporte-de-lena-grillsymbol-wall-l-23737170-cm\/","title":{"rendered":"OUTLET Soporte de le\u00f1a GrillSymbol WALL-L 237*37*170 cm (muestra)"},"content":{"rendered":"<ul>\n<li>Material: acero Cor-Ten de 2 mm<\/li>\n<li>Ancho: 237 cm<\/li>\n<li>Profundidad: 37 cm<\/li>\n<li>Alto: 170 cm<\/li>\n<li>Peso: 95 kg<\/li>\n<li>Capacidad: 1,5 m\u00b3 de le\u00f1a<\/li>\n<li>El set incluye soportes de montaje para fijar (madera, piedra, etc.)<\/li>\n<li>Tiempo aproximado de instalaci\u00f3n 2 horas (recomendamos que lo monten 2 personas)<\/li>\n<li>Es posible comprar 1 estante adicional por cada secci\u00f3n (c\u00f3digo del producto WSR)<\/li>\n<\/ul>\n<p>&nbsp;<\/p>\n<p><strong>\u00a1NB! Para garantizar la seguridad, el soporte de le\u00f1a debe fijarse al suelo. Elementos de fijaci\u00f3n adecuados: anclajes para hormig\u00f3n M8 (para hormig\u00f3n) o tornillos m\u00e1s grandes para superficies de madera.<\/strong><\/p>\n<p>&nbsp;<\/p>\n<p><strong>\u00a1NB!<\/strong>\u00a0Los productos de acero Cor-Ten se entregan con una superficie sin tratar. El acero COR-TEN\u00ae completamente nuevo es de color gris como el acero laminado en caliente convencional. Puede encontrar las instrucciones de envejecimiento en nuestro sitio web o puede escanear directamente desde el producto.<\/p>\n<p>&nbsp;<\/p>\n<h5><a href=\"https:\/\/www.grillsymbol.com\/es\/instructions\/instrucciones-para-productos-cor-ten\/\" target=\"_blank\" rel=\"noopener\">Mira aqu\u00ed: Instrucciones para productos Cor-Ten<\/a><\/h5>\n","protected":false},"excerpt":{"rendered":"<p><strong>\u00a1Nota! Producto de outlet. Lleva 1 a\u00f1o en el exterior.<\/strong><\/p>\n<p><strong>Wall es un estante modular para el almacenamiento de le\u00f1a. <\/strong>El set incluye 4 m\u00f3dulos, los m\u00f3dulos adicionales se pueden comprar por separado. Una soluci\u00f3n llamativa y de r\u00e1pida instalaci\u00f3n para almacenar le\u00f1a y separar zonas.<\/p>\n<p>El acero Cor-Ten es acero al carb\u00f3n casi puro, pero tratado para crear una capa protectora resistente a la intemperie en su superficie. La capa superficial es inicialmente gris\u00e1cea, luego se vuelve marr\u00f3n rojiza (un tono similar al \u00f3xido), y se oscurece a\u00fan m\u00e1s con el tiempo. Usado correctamente, el acero Cor-Ten es expresivo, duradero y libre de mantenimiento. Resiste el tiempo de una manera \u00f9nica.<\/p>\n<p><strong>Dise\u00f1o: Petteri Wiimaa<\/strong><\/p>\n","protected":false},"featured_media":18452,"comment_status":"open","ping_status":"closed","template":"","meta":{"footnotes":""},"class_list":["post-24414","product","type-product","status-publish","has-post-thumbnail","hentry","product_cat-outlet-es"],"_links":{"self":[{"href":"https:\/\/www.grillsymbol.com\/es\/wp-json\/wp\/v2\/product\/24414","targetHints":{"allow":["GET"]}}],"collection":[{"href":"https:\/\/www.grillsymbol.com\/es\/wp-json\/wp\/v2\/product"}],"about":[{"href":"https:\/\/www.grillsymbol.com\/es\/wp-json\/wp\/v2\/types\/product"}],"replies":[{"embeddable":true,"href":"https:\/\/www.grillsymbol.com\/es\/wp-json\/wp\/v2\/comments?post=24414"}],"version-history":[{"count":1,"href":"https:\/\/www.grillsymbol.com\/es\/wp-json\/wp\/v2\/product\/24414\/revisions"}],"predecessor-version":[{"id":35607,"href":"https:\/\/www.grillsymbol.com\/es\/wp-json\/wp\/v2\/product\/24414\/revisions\/35607"}],"wp:featuredmedia":[{"embeddable":true,"href":"https:\/\/www.grillsymbol.com\/es\/wp-json\/wp\/v2\/media\/18452"}],"wp:attachment":[{"href":"https:\/\/www.grillsymbol.com\/es\/wp-json\/wp\/v2\/media?parent=24414"}],"curies":[{"name":"wp","href":"https:\/\/api.w.org\/{rel}","templated":true}]}}