{"id":24530,"date":"2024-11-08T11:40:16","date_gmt":"2024-11-08T11:40:16","guid":{"rendered":"https:\/\/www.grillsymbol.com\/?post_type=product&#038;p=24530"},"modified":"2025-05-02T09:14:17","modified_gmt":"2025-05-02T09:14:17","slug":"grillsymbol-tapa-inoxidable-para-pozo-de-fuego-lucas-mini","status":"publish","type":"product","link":"https:\/\/www.grillsymbol.com\/es\/shop\/pozos-de-fuego\/grillsymbol-tapa-inoxidable-para-pozo-de-fuego-lucas-mini\/","title":{"rendered":"GrillSymbol Tapa inoxidable para pozo de fuego Lucas Mini"},"content":{"rendered":"<ul>\n<li>Hecho de acero inoxidable de 2 mm<\/li>\n<li>Di\u00e1metro: 60 cm<\/li>\n<li>Peso: 6 kg<\/li>\n<li>Las esquinas de la tapa se fijan con pernos M6<\/li>\n<li>Tiempo aproximado de montaje 5-10 min<\/li>\n<\/ul>\n<p>&nbsp;<\/p>\n","protected":false},"excerpt":{"rendered":"<p>Tapa para pozo de fuego Lucas Mini. Aporta al producto un aspecto m\u00e1s est\u00e9tico y oculta el fuego que hay dentro de la base. Tambi\u00e9n permite mantener la chimenea pr\u00e1cticamente seca.<\/p>\n<p><strong>Dise\u00f1o: Petteri Wiimaa<\/strong><\/p>\n<p>&nbsp;<\/p>\n","protected":false},"featured_media":25848,"comment_status":"open","ping_status":"closed","template":"","meta":{"footnotes":""},"class_list":["post-24530","product","type-product","status-publish","has-post-thumbnail","hentry","product_cat-pozos-de-fuego"],"_links":{"self":[{"href":"https:\/\/www.grillsymbol.com\/es\/wp-json\/wp\/v2\/product\/24530","targetHints":{"allow":["GET"]}}],"collection":[{"href":"https:\/\/www.grillsymbol.com\/es\/wp-json\/wp\/v2\/product"}],"about":[{"href":"https:\/\/www.grillsymbol.com\/es\/wp-json\/wp\/v2\/types\/product"}],"replies":[{"embeddable":true,"href":"https:\/\/www.grillsymbol.com\/es\/wp-json\/wp\/v2\/comments?post=24530"}],"version-history":[{"count":0,"href":"https:\/\/www.grillsymbol.com\/es\/wp-json\/wp\/v2\/product\/24530\/revisions"}],"wp:featuredmedia":[{"embeddable":true,"href":"https:\/\/www.grillsymbol.com\/es\/wp-json\/wp\/v2\/media\/25848"}],"wp:attachment":[{"href":"https:\/\/www.grillsymbol.com\/es\/wp-json\/wp\/v2\/media?parent=24530"}],"curies":[{"name":"wp","href":"https:\/\/api.w.org\/{rel}","templated":true}]}}