{"id":24572,"date":"2024-11-08T12:28:42","date_gmt":"2024-11-08T12:28:42","guid":{"rendered":"https:\/\/www.grillsymbol.com\/?post_type=product&#038;p=24572"},"modified":"2024-11-08T12:41:35","modified_gmt":"2024-11-08T12:41:35","slug":"grillsymbol-woodstock-estante-medio-m-l","status":"publish","type":"product","link":"https:\/\/www.grillsymbol.com\/es\/shop\/soportes-de-lena\/grillsymbol-woodstock-estante-medio-m-l\/","title":{"rendered":"GrillSymbol WoodStock estante medio M-L"},"content":{"rendered":"<ul>\n<li>Material: acero Cor-Ten de 2 mm<\/li>\n<li>Ancho: 60 cm<\/li>\n<li>Profundidad: 37 cm<\/li>\n<\/ul>\n<p style=\"margin: 0cm; line-height: 16.8pt; vertical-align: baseline;\">\n<p>&nbsp;<\/p>\n<p><strong>\u00a1NB!<\/strong> Los productos de acero Cor-Ten se entregan con una superficie sin tratar. El acero Cor-Ten completamente nuevo es de color gris como el acero laminado en caliente convencional. Puede encontrar las instrucciones de envejecimiento en nuestro sitio web o puede escanear directamente desde el producto.<\/p>\n<p>&nbsp;<\/p>\n<h5><a href=\"https:\/\/www.grillsymbol.com\/es\/instructions\/instrucciones-para-productos-cor-ten\/\" target=\"_blank\" rel=\"noopener\">Mira aqu\u00ed: Instrucciones para productos Cor-Ten<\/a><\/h5>\n","protected":false},"excerpt":{"rendered":"<p>&nbsp;<\/p>\n<p>El acero Cor-Ten es acero al carb\u00f3n casi puro, pero tratado para crear una capa protectora resistente a la intemperie en su superficie. La capa superficial es inicialmente gris\u00e1cea, luego se vuelve marr\u00f3n rojiza (un tono similar al \u00f3xido), y se oscurece a\u00fan m\u00e1s con el tiempo. Usado correctamente, el acero Cor-Ten es expresivo, duradero y libre de mantenimiento. Resiste el tiempo de una manera \u00f9nica.<\/p>\n<p><strong>Dise\u00f1o: Petteri Wiimaa<\/strong><\/p>\n","protected":false},"featured_media":24581,"comment_status":"open","ping_status":"closed","template":"","meta":{"footnotes":""},"class_list":["post-24572","product","type-product","status-publish","has-post-thumbnail","hentry","product_cat-soportes-de-lena"],"_links":{"self":[{"href":"https:\/\/www.grillsymbol.com\/es\/wp-json\/wp\/v2\/product\/24572","targetHints":{"allow":["GET"]}}],"collection":[{"href":"https:\/\/www.grillsymbol.com\/es\/wp-json\/wp\/v2\/product"}],"about":[{"href":"https:\/\/www.grillsymbol.com\/es\/wp-json\/wp\/v2\/types\/product"}],"replies":[{"embeddable":true,"href":"https:\/\/www.grillsymbol.com\/es\/wp-json\/wp\/v2\/comments?post=24572"}],"version-history":[{"count":0,"href":"https:\/\/www.grillsymbol.com\/es\/wp-json\/wp\/v2\/product\/24572\/revisions"}],"wp:featuredmedia":[{"embeddable":true,"href":"https:\/\/www.grillsymbol.com\/es\/wp-json\/wp\/v2\/media\/24581"}],"wp:attachment":[{"href":"https:\/\/www.grillsymbol.com\/es\/wp-json\/wp\/v2\/media?parent=24572"}],"curies":[{"name":"wp","href":"https:\/\/api.w.org\/{rel}","templated":true}]}}