{"id":24648,"date":"2024-11-14T12:28:42","date_gmt":"2024-11-14T12:28:43","guid":{"rendered":"https:\/\/www.grillsymbol.com\/?post_type=product&#038;p=24648"},"modified":"2024-11-14T12:41:42","modified_gmt":"2024-11-14T12:41:42","slug":"outlet-estufa-a-lena-exterior-grillsymbol-enzo","status":"publish","type":"product","link":"https:\/\/www.grillsymbol.com\/es\/shop\/outlet-es\/outlet-estufa-a-lena-exterior-grillsymbol-enzo\/","title":{"rendered":"OUTLET Estufa a le\u00f1a exterior GrillSymbol Enzo (prototipo)"},"content":{"rendered":"<ul>\n<li>Medidas: 43 x 37 x 132 (largo, ancho, alto)<\/li>\n<li>Peso: 50 kg<\/li>\n<li>Medidas de la rejilla: 41 x 35 cm<\/li>\n<li>Se transporta en dos partes<\/li>\n<li>Se monta en 10-15 minutos<\/li>\n<li>Hecho de acero Cor-Ten de 3 mm<\/li>\n<\/ul>\n<p>&nbsp;<\/p>\n<p><strong>Requerimientos de seguridad:<\/strong><\/p>\n<p>&nbsp;<\/p>\n<ul>\n<li>La chimenea debe colocarse sobre un material incombustible<\/li>\n<li>No deje sin vigilancia cerca de materiales inflamables (paredes de madera, etc.)<\/li>\n<li>Al hacer fuego, no llene el estante de p\u00f3lvora hasta el tope<\/li>\n<\/ul>\n<p>&nbsp;<\/p>\n<p><strong>\u00a1NB!<\/strong>\u00a0Los productos de acero Cor-Ten se entregan con una superficie sin tratar. El acero COR-TEN\u00ae completamente nuevo es de color gris como el acero laminado en caliente convencional. Puede encontrar las instrucciones de envejecimiento en nuestro sitio web o puede escanear directamente desde el producto.<\/p>\n<p>&nbsp;<\/p>\n<h5><a href=\"https:\/\/www.grillsymbol.com\/es\/instructions\/instrucciones-para-productos-cor-ten\/\" target=\"_blank\" rel=\"noopener\">Mira aqu\u00ed: Instrucciones para productos Cor-Ten<\/a><\/h5>\n","protected":false},"excerpt":{"rendered":"<p><strong>Enzo<\/strong> es una chimenea de exterior especial. A la sombra del modesto dise\u00f1o n\u00f3rdico, hay un c\u00e1lido coraz\u00f3n italiano. \u00a1Haz fuego en la chimenea y cada reuni\u00f3n ser\u00e1 un momento especial!<\/p>\n<p>Tambi\u00e9n puede asar en la chimenea, el set incluye una parrilla de acero inoxidable. La chimenea exterior est\u00e1 hecha de acero Cor Ten de 3 mm resistente a la intemperie y de alta calidad. \u00a1Vea tambi\u00e9n los <strong>estantes de le\u00f1a Enzo!<\/strong><\/p>\n<p>El acero Cor-Ten es acero al carb\u00f3n casi puro, pero tratado para crear una capa protectora resistente a la intemperie en su superficie. La capa superficial es inicialmente gris\u00e1cea, luego se vuelve marr\u00f3n rojiza (un tono similar al \u00f3xido), y se oscurece a\u00fan m\u00e1s con el tiempo. Usado correctamente, el acero Cor-Ten es expresivo, duradero y libre de mantenimiento. Resiste el tiempo de una manera \u00f9nica.<\/p>\n<p>&nbsp;<\/p>\n","protected":false},"featured_media":13854,"comment_status":"open","ping_status":"closed","template":"","meta":{"footnotes":""},"class_list":["post-24648","product","type-product","status-publish","has-post-thumbnail","hentry","product_cat-outlet-es"],"_links":{"self":[{"href":"https:\/\/www.grillsymbol.com\/es\/wp-json\/wp\/v2\/product\/24648","targetHints":{"allow":["GET"]}}],"collection":[{"href":"https:\/\/www.grillsymbol.com\/es\/wp-json\/wp\/v2\/product"}],"about":[{"href":"https:\/\/www.grillsymbol.com\/es\/wp-json\/wp\/v2\/types\/product"}],"replies":[{"embeddable":true,"href":"https:\/\/www.grillsymbol.com\/es\/wp-json\/wp\/v2\/comments?post=24648"}],"version-history":[{"count":0,"href":"https:\/\/www.grillsymbol.com\/es\/wp-json\/wp\/v2\/product\/24648\/revisions"}],"wp:featuredmedia":[{"embeddable":true,"href":"https:\/\/www.grillsymbol.com\/es\/wp-json\/wp\/v2\/media\/13854"}],"wp:attachment":[{"href":"https:\/\/www.grillsymbol.com\/es\/wp-json\/wp\/v2\/media?parent=24648"}],"curies":[{"name":"wp","href":"https:\/\/api.w.org\/{rel}","templated":true}]}}