{"id":25218,"date":"2025-05-22T10:33:31","date_gmt":"2025-05-22T10:33:33","guid":{"rendered":"https:\/\/www.grillsymbol.com\/shop\/uncategorized\/grillsymbol-parilla-argentina-grill-48-x-68-cm\/"},"modified":"2025-08-29T09:03:01","modified_gmt":"2025-08-29T09:03:01","slug":"grillsymbol-argentina-grill-48-x-68-cm","status":"publish","type":"product","link":"https:\/\/www.grillsymbol.com\/es\/shop\/accesorios-bbq\/grillsymbol-argentina-grill-48-x-68-cm\/","title":{"rendered":"GrillSymbol Argentina Asado M\u00f3dulo de parrilla 48 x 68 cm ARG-XXL"},"content":{"rendered":"<ul>\n<li style=\"font-weight: 400\"><span style=\"font-weight: 400\">De acero inoxidable (304)<\/span><\/li>\n<li style=\"font-weight: 400\"><span style=\"font-weight: 400\">Dimensiones de la rejilla para hornear 68 x 49 cm<\/span><\/li>\n<li style=\"font-weight: 400\"><span style=\"font-weight: 400\">Con colector de grasa y marco: 69 x 52 cm<\/span><\/li>\n<li style=\"font-weight: 400\"><span style=\"font-weight: 400\">Peso aprox. 15 kg <\/span><\/li>\n<li style=\"font-weight: 400\"><span style=\"font-weight: 400\">La altura de la estanter\u00eda se puede ajustar mediante un mecanismo de elevaci\u00f3n (soluci\u00f3n t\u00e9cnica: manivela y placa roscada)<\/span><\/li>\n<li style=\"font-weight: 400\"><span style=\"font-weight: 400\">El colector de grasa es f\u00e1cil de vaciar (\u00a1NO durante el asado!)<\/span><\/li>\n<li style=\"font-weight: 400\"><span style=\"font-weight: 400\">Adecuado para Chef-XXL y Chef-NXXL (modelos Cor-Ten y Plata)<\/span><\/li>\n<li style=\"font-weight: 400\">Gracias al colector de grasa y a las rejillas en forma de V, el resultado del asado en la parrilla argentina es m\u00e1s uniforme y se reduce el sabor a quemado<\/li>\n<li style=\"font-weight: 400\">\u00a1Disfruta de los mejores filetes, costillas, salchichas o verduras con el GrillSymbol Argentine XXL!<\/li>\n<\/ul>\n<p>&nbsp;<\/p>\n<p><span style=\"font-weight: 400\">\u00a1NB! El producto ha sido <\/span><span style=\"font-weight: 400\">pasivado<\/span><span style=\"font-weight: 400\">es decir, ha sido sometido a un proceso qu\u00edmico que elimina la capa de \u00f3xido, los residuos de soldadura y las marcas de mecanizado de la superficie de la pieza. Como resultado, el acero inoxidable es m\u00e1s resistente a la corrosi\u00f3n y tiene un color gris\u00e1ceo uniforme. <\/span><\/p>\n","protected":false},"excerpt":{"rendered":"<p><span style=\"font-weight: 400\">Parrilla argentina de acero inoxidable con mecanismo de elevaci\u00f3n y colector de grasa. El recogegrasas garantiza un mejor resultado de cocci\u00f3n al reducir las llamas durante la cocci\u00f3n. Los perfiles en forma de V est\u00e1n ligeramente inclinados y gu\u00edan la bandeja de recogida de grasa. Todo esto se traduce en un resultado de asado m\u00e1s uniforme y menos sabor a quemado. \u00a1Disfruta de los mejores filetes, costillas, salchichas o verduras con la parrilla GrillSymbol Argentina XXL! <\/span><\/p>\n","protected":false},"featured_media":25203,"comment_status":"open","ping_status":"closed","template":"","meta":{"footnotes":""},"class_list":["post-25218","product","type-product","status-publish","has-post-thumbnail","hentry","product_cat-accesorios-bbq"],"_links":{"self":[{"href":"https:\/\/www.grillsymbol.com\/es\/wp-json\/wp\/v2\/product\/25218","targetHints":{"allow":["GET"]}}],"collection":[{"href":"https:\/\/www.grillsymbol.com\/es\/wp-json\/wp\/v2\/product"}],"about":[{"href":"https:\/\/www.grillsymbol.com\/es\/wp-json\/wp\/v2\/types\/product"}],"replies":[{"embeddable":true,"href":"https:\/\/www.grillsymbol.com\/es\/wp-json\/wp\/v2\/comments?post=25218"}],"version-history":[{"count":0,"href":"https:\/\/www.grillsymbol.com\/es\/wp-json\/wp\/v2\/product\/25218\/revisions"}],"wp:featuredmedia":[{"embeddable":true,"href":"https:\/\/www.grillsymbol.com\/es\/wp-json\/wp\/v2\/media\/25203"}],"wp:attachment":[{"href":"https:\/\/www.grillsymbol.com\/es\/wp-json\/wp\/v2\/media?parent=25218"}],"curies":[{"name":"wp","href":"https:\/\/api.w.org\/{rel}","templated":true}]}}