{"id":25287,"date":"2025-05-23T09:35:01","date_gmt":"2025-05-23T09:35:02","guid":{"rendered":"https:\/\/www.grillsymbol.com\/shop\/uncategorized\/grillsymbol-barbacoa-de-carbon-chef-xxl-nuevo\/"},"modified":"2026-04-14T07:03:12","modified_gmt":"2026-04-14T07:03:12","slug":"grillsymbol-barbacoa-de-carbon-chef-xxl","status":"publish","type":"product","link":"https:\/\/www.grillsymbol.com\/es\/shop\/barbacoas-ahumadora-y-barbacoas-de-carbon\/grillsymbol-barbacoa-de-carbon-chef-xxl\/","title":{"rendered":"GrillSymbol Barbacoa de carb\u00f3n Chef XXL"},"content":{"rendered":"<p><strong><b>Datos t\u00e9cnicos:<\/b><\/strong><\/p>\n<ul>\n<li>Dimensiones:179 \u00d7 63 \u00d7 113 cm (ancho \u00d7 profundidad \u00d7 altura)<\/li>\n<li>Peso: 120 kg<\/li>\n<li>Superficie de cocci\u00f3n:116 \u00d7 62 cm<\/li>\n<li>Altura:nivel de la rejilla 91 cm, con tapa 113 cm<\/li>\n<li>Rejillas de cocci\u00f3n:fabricadas en acero inoxidable de 5 mm, dimensiones 61 \u00d7 38 cm (peso aprox. 10 kg cada una)<\/li>\n<li>Chef-XXL incluye 3 rejillas de acero inoxidable:Meat-XXL inox, FTG-XXL inox y Classic-XXL inox<\/li>\n<li>Accesorios opcionales:diferentes modelos de rejillas adicionales, sart\u00e9n WOK con adaptador y varillas para asar SKEW-77<\/li>\n<li>Para la barbacoa usar carb\u00f3n o briquetas de carbon<\/li>\n<li>Dispone de dos bandejas de acero inoxidable para carb\u00f3nde diferentes tama\u00f1os; ambas se pueden usar para asar. En la m\u00e1s profunda se puede preparar el carb\u00f3n previamente<\/li>\n<li>Ventilaci\u00f3n lateral:orificios que garantizan una buena circulaci\u00f3n de aire<\/li>\n<li>Soportes en el cuerpo de la barbacoapara fijar las varillas de asado en las cuatro caras<\/li>\n<li>Tapa con tres v\u00e1lvulas de ventilaci\u00f3npara regular el flujo de aire<\/li>\n<li>Term\u00f3metro externo en la tapacon escala de 0\u2013300 \u00b0C<\/li>\n<li>Tapa, paneles laterales y estante inferiorfabricados en acero inoxidable<\/li>\n<li>Ruedas con recubrimiento de goma y rodamiento directo, di\u00e1metro 100 mm<\/li>\n<li>El producto se entrega montado; solo es necesario fijar las repisas laterales y retirar la pel\u00edcula protectora de las piezas de acero inoxidable (tiempo estimado: 15\u201320 min).<\/li>\n<\/ul>\n<p>&nbsp;<\/p>\n<p><strong>\u00a1NB!\u00a0<\/strong><\/p>\n<ul>\n<li>Aunque durante lluvias intensas puede filtrarse una peque\u00f1a cantidad de agua por la microfisura entre la tapa y el cuerpo de la parrilla, esto no representa ning\u00fan problema: el exceso de agua se evac\u00faa a trav\u00e9s de los orificios situados en la base de la barbacoa y se dirige hacia los recipientes colectores, que pueden vaciarse f\u00e1cilmente.<\/li>\n<li>Con el uso y la exposici\u00f3n al calor, el acero Cor-Ten del cuerpo de la barbacoa se oscurece ligeramente respecto a las fotos del producto.<\/li>\n<li>El productono debe instalarse sobre una superficie de madera<strong><b>,<\/b><\/strong>\u00a0ya que la parrilla tiene peque\u00f1os orificios por los que pueden caer peque\u00f1as cantidades de ceniza o chispas. Se recomienda colocarla sobre una superficie ign\u00edfuga o adquirir como accesorio una base para la barbacoa, disponible en versi\u00f3n de\u00a0acero Cor-Ten<strong><b>\u00a0<\/b><\/strong>o<strong><b>\u00a0<\/b><\/strong>acero inoxidable<strong><b>.<\/b><\/strong><\/li>\n<li>Los productos de acero Cor-Ten se entregan con la superficie sin tratar. Al ser nuevos, presentan un color gris similar al del acero laminado en caliente. Lasinstrucciones de envejecimiento<strong><b>\u00a0<\/b><\/strong>est\u00e1n disponibles en nuestro sitio web o escaneando el c\u00f3digo directamente en el producto.<\/li>\n<\/ul>\n<p>&nbsp;<\/p>\n<h6><a href=\"https:\/\/www.grillsymbol.com\/es\/instructions\/instrucciones-para-productos-cor-ten\/\"><strong><b>Consulta aqu\u00ed: Gu\u00eda de envejecimiento de productos Cor-Ten<\/b><\/strong><\/a><\/h6>\n","protected":false},"excerpt":{"rendered":"<p><strong><b>Chef-XXL es una barbacoa de carb\u00f3n que combina el encanto cl\u00e1sico con materiales modernos.<\/b><\/strong>\u00a0Se trata de una barbacoa con una zona de cocci\u00f3n de tama\u00f1o excepcional, fabricada sin escatimar en materiales, lo que garantiza una durabilidad de d\u00e9cadas. Si es necesario, se puede utilizar toda la superficie de cocci\u00f3n de 116 x 62 cm al mismo tiempo. Por su tama\u00f1o y solidez, el Chef-XXL es ideal tanto para la terraza exterior de un restaurante, como para el patio de un verdadero entusiasta de la barbacoa.<\/p>\n<p>El cuerpo de la barbacoa est\u00e1 fabricado en acero Cor-Ten de 3 mm, lo que mantiene la temperatura estable durante el cocinado. A\u00fan m\u00e1s impresionantes son las rejillas grandes hechas de acero inoxidable de 5 mm. \u00a1Todo esto para garantizar el mejor resultado posible al momento de cocinar!<\/p>\n<p>El color marr\u00f3n rojizo del cuerpo de la barbacoa se combina con los detalles de acero inoxidable, dando como resultado no solo una barbacoa de excelente calidad, sino tambi\u00e9n una pieza que, por su aspecto impresionante, destaca claramente entre las dem\u00e1s.<\/p>\n<p>El Cor-Ten y el acero inoxidable son materiales resistentes a las condiciones clim\u00e1ticas, por lo que la barbacoa Chef-XXL te espera durante todo el a\u00f1o, incluso a cielo abierto y bajo cualquier tipo de clima.<\/p>\n","protected":false},"featured_media":25704,"comment_status":"open","ping_status":"closed","template":"","meta":{"footnotes":""},"class_list":["post-25287","product","type-product","status-publish","has-post-thumbnail","hentry","product_cat-barbacoas-ahumadora-y-barbacoas-de-carbon"],"_links":{"self":[{"href":"https:\/\/www.grillsymbol.com\/es\/wp-json\/wp\/v2\/product\/25287","targetHints":{"allow":["GET"]}}],"collection":[{"href":"https:\/\/www.grillsymbol.com\/es\/wp-json\/wp\/v2\/product"}],"about":[{"href":"https:\/\/www.grillsymbol.com\/es\/wp-json\/wp\/v2\/types\/product"}],"replies":[{"embeddable":true,"href":"https:\/\/www.grillsymbol.com\/es\/wp-json\/wp\/v2\/comments?post=25287"}],"version-history":[{"count":0,"href":"https:\/\/www.grillsymbol.com\/es\/wp-json\/wp\/v2\/product\/25287\/revisions"}],"wp:featuredmedia":[{"embeddable":true,"href":"https:\/\/www.grillsymbol.com\/es\/wp-json\/wp\/v2\/media\/25704"}],"wp:attachment":[{"href":"https:\/\/www.grillsymbol.com\/es\/wp-json\/wp\/v2\/media?parent=25287"}],"curies":[{"name":"wp","href":"https:\/\/api.w.org\/{rel}","templated":true}]}}