{"id":25380,"date":"2025-05-23T15:45:59","date_gmt":"2025-05-23T15:46:01","guid":{"rendered":"https:\/\/www.grillsymbol.com\/shop\/uncategorized\/grillsymbol-termometro-para-carne-y-liquidos\/"},"modified":"2025-05-23T15:46:01","modified_gmt":"2025-05-23T15:46:01","slug":"grillsymbol-termometro-para-carne-y-liquidos","status":"publish","type":"product","link":"https:\/\/www.grillsymbol.com\/es\/shop\/accesorios-bbq\/grillsymbol-termometro-para-carne-y-liquidos\/","title":{"rendered":"GrillSymbol Term\u00f3metro para carne y l\u00edquidos"},"content":{"rendered":"<ul>\n<li style=\"font-weight: 400\"><span style=\"font-weight: 400\">Term\u00f3metro digital<\/span><\/li>\n<li style=\"font-weight: 400\"><span style=\"font-weight: 400\">Dimensiones: 11,5 x 235 mm, peso: 43 g<\/span><\/li>\n<li style=\"font-weight: 400\"><span style=\"font-weight: 400\">Material: acero inoxidable<\/span><\/li>\n<li style=\"font-weight: 400\"><span style=\"font-weight: 400\">Tama\u00f1o de la pantalla: 28 x 12 mm<\/span><\/li>\n<li style=\"font-weight: 400\"><span style=\"font-weight: 400\">Fuente de alimentaci\u00f3n: 3 pilas LR44 (incluidas)<\/span><\/li>\n<li style=\"font-weight: 400\"><span style=\"font-weight: 400\">Precisi\u00f3n de medici\u00f3n: \u00b11\u00b0C<\/span><\/li>\n<li style=\"font-weight: 400\"><span style=\"font-weight: 400\">Rango de temperatura: -40\u00b0C a +300\u00b0C<\/span><\/li>\n<li style=\"font-weight: 400\"><span style=\"font-weight: 400\">Funciones: ON \/ OFF \/ HOLD, \u00b0C\/\u00b0F<\/span><\/li>\n<\/ul>\n","protected":false},"excerpt":{"rendered":"<p><span style=\"font-weight: 400\">Term\u00f3metro c\u00f3modo, ligero y ergon\u00f3mico para medir la temperatura de la carne, el pescado, los l\u00edquidos, los postres y mucho m\u00e1s.<\/span><\/p>\n","protected":false},"featured_media":25399,"comment_status":"open","ping_status":"closed","template":"","meta":{"footnotes":""},"class_list":["post-25380","product","type-product","status-publish","has-post-thumbnail","hentry","product_cat-accesorios-bbq"],"_links":{"self":[{"href":"https:\/\/www.grillsymbol.com\/es\/wp-json\/wp\/v2\/product\/25380","targetHints":{"allow":["GET"]}}],"collection":[{"href":"https:\/\/www.grillsymbol.com\/es\/wp-json\/wp\/v2\/product"}],"about":[{"href":"https:\/\/www.grillsymbol.com\/es\/wp-json\/wp\/v2\/types\/product"}],"replies":[{"embeddable":true,"href":"https:\/\/www.grillsymbol.com\/es\/wp-json\/wp\/v2\/comments?post=25380"}],"version-history":[{"count":0,"href":"https:\/\/www.grillsymbol.com\/es\/wp-json\/wp\/v2\/product\/25380\/revisions"}],"wp:featuredmedia":[{"embeddable":true,"href":"https:\/\/www.grillsymbol.com\/es\/wp-json\/wp\/v2\/media\/25399"}],"wp:attachment":[{"href":"https:\/\/www.grillsymbol.com\/es\/wp-json\/wp\/v2\/media?parent=25380"}],"curies":[{"name":"wp","href":"https:\/\/api.w.org\/{rel}","templated":true}]}}