{"id":25457,"date":"2025-05-29T12:49:57","date_gmt":"2025-05-29T12:49:59","guid":{"rendered":"https:\/\/www.grillsymbol.com\/shop\/uncategorized\/grillsymbol-termometro-magnetico-para-carne-con-lectura-rapida\/"},"modified":"2025-05-29T12:49:59","modified_gmt":"2025-05-29T12:49:59","slug":"grillsymbol-termometro-magnetico-para-carne-con-lectura-rapida","status":"publish","type":"product","link":"https:\/\/www.grillsymbol.com\/es\/shop\/accesorios-bbq\/grillsymbol-termometro-magnetico-para-carne-con-lectura-rapida\/","title":{"rendered":"GrillSymbol Term\u00f3metro magn\u00e9tico para carne con lectura r\u00e1pida"},"content":{"rendered":"<ul>\n<li style=\"font-weight: 400\"><span style=\"font-weight: 400\">Dimensiones plegado: 161 x 43 x 18 mm; tama\u00f1o de la pantalla: 41 x 23 mm<\/span><\/li>\n<li style=\"font-weight: 400\"><span style=\"font-weight: 400\">Sonda: acero inoxidable, di\u00e1metro 3,5 mm, di\u00e1metro de la punta 1,7 mm, longitud 108 mm<\/span><\/li>\n<li style=\"font-weight: 400\"><span style=\"font-weight: 400\">Cuerpo: pl\u00e1stico duradero, resistente al agua y a las ca\u00eddas<\/span><\/li>\n<li style=\"font-weight: 400\"><span style=\"font-weight: 400\">Encendido\/apagado autom\u00e1tico al abrir o plegar la sonda<\/span><\/li>\n<li style=\"font-weight: 400\"><span style=\"font-weight: 400\">Apagado autom\u00e1tico: se apaga autom\u00e1ticamente al cabo de 10 minutos<\/span><\/li>\n<li style=\"font-weight: 400\"><span style=\"font-weight: 400\">Fuente de alimentaci\u00f3n: Pila 3V CR2032, 1 ud (incluida)<\/span><\/li>\n<li style=\"font-weight: 400\"><span style=\"font-weight: 400\">Precisi\u00f3n de medici\u00f3n: \u00b11\u00b0C<\/span><\/li>\n<li style=\"font-weight: 400\"><span style=\"font-weight: 400\">Rango de temperatura: -50\u00b0C a +300\u00b0C<\/span><\/li>\n<li style=\"font-weight: 400\"><span style=\"font-weight: 400\">Funciones: ON \/ OFF \/ HOLD, \u00b0C\/\u00b0F<\/span><\/li>\n<li style=\"font-weight: 400\"><span style=\"font-weight: 400\">Parte trasera magn\u00e9tica<\/span><\/li>\n<li style=\"font-weight: 400\"><span style=\"font-weight: 400\">Abrebotellas<\/span><\/li>\n<li style=\"font-weight: 400\"><span style=\"font-weight: 400\">Incluye destornillador para cambiar la pila<\/span><\/li>\n<\/ul>\n","protected":false},"excerpt":{"rendered":"<p><span style=\"font-weight: 400\">Term\u00f3metro plegable, c\u00f3modo, r\u00e1pido y ergon\u00f3mico para medir la temperatura de la carne, el pescado, los l\u00edquidos, los postres y mucho m\u00e1s. Resistente al agua y a las ca\u00eddas.<\/span><\/p>\n","protected":false},"featured_media":25448,"comment_status":"open","ping_status":"closed","template":"","meta":{"footnotes":""},"class_list":["post-25457","product","type-product","status-publish","has-post-thumbnail","hentry","product_cat-accesorios-bbq"],"_links":{"self":[{"href":"https:\/\/www.grillsymbol.com\/es\/wp-json\/wp\/v2\/product\/25457","targetHints":{"allow":["GET"]}}],"collection":[{"href":"https:\/\/www.grillsymbol.com\/es\/wp-json\/wp\/v2\/product"}],"about":[{"href":"https:\/\/www.grillsymbol.com\/es\/wp-json\/wp\/v2\/types\/product"}],"replies":[{"embeddable":true,"href":"https:\/\/www.grillsymbol.com\/es\/wp-json\/wp\/v2\/comments?post=25457"}],"version-history":[{"count":0,"href":"https:\/\/www.grillsymbol.com\/es\/wp-json\/wp\/v2\/product\/25457\/revisions"}],"wp:featuredmedia":[{"embeddable":true,"href":"https:\/\/www.grillsymbol.com\/es\/wp-json\/wp\/v2\/media\/25448"}],"wp:attachment":[{"href":"https:\/\/www.grillsymbol.com\/es\/wp-json\/wp\/v2\/media?parent=25457"}],"curies":[{"name":"wp","href":"https:\/\/api.w.org\/{rel}","templated":true}]}}