{"id":25478,"date":"2025-05-30T07:54:11","date_gmt":"2025-05-30T07:54:13","guid":{"rendered":"https:\/\/www.grillsymbol.com\/shop\/uncategorized\/grillsymbol-smart-termometro-inalambrico-para-carne-con-4-sondas\/"},"modified":"2025-05-30T07:54:13","modified_gmt":"2025-05-30T07:54:13","slug":"grillsymbol-smart-termometro-inalambrico-para-carne-con-4-sondas","status":"publish","type":"product","link":"https:\/\/www.grillsymbol.com\/es\/shop\/accesorios-bbq\/grillsymbol-smart-termometro-inalambrico-para-carne-con-4-sondas\/","title":{"rendered":"GrillSymbol Smart term\u00f3metro inal\u00e1mbrico para carne, con 4 sondas"},"content":{"rendered":"<ul>\n<li style=\"font-weight: 400\"><span style=\"font-weight: 400\">Se conecta al tel\u00e9fono mediante la aplicaci\u00f3n PROBE PLUS (iOS y Android)<\/span><\/li>\n<li style=\"font-weight: 400\"><span style=\"font-weight: 400\">Alcance entre la sonda y la estaci\u00f3n de carga: hasta 50 m<\/span><\/li>\n<li style=\"font-weight: 400\"><span style=\"font-weight: 400\">Alcance entre la sonda y el tel\u00e9fono: hasta 80 m<\/span><\/li>\n<li style=\"font-weight: 400\"><span style=\"font-weight: 400\">Rango de medici\u00f3n de la sonda: de -10<\/span><span style=\"font-weight: 400\">\u2103<\/span><span style=\"font-weight: 400\"> a 100<\/span><span style=\"font-weight: 400\">\u2103<\/span><\/li>\n<li style=\"font-weight: 400\"><span style=\"font-weight: 400\">Tolerancia de temperatura de la sonda: &lt; 100\u00b0C, punta de la sonda &lt; 300\u00b0C<\/span><\/li>\n<li style=\"font-weight: 400\"><span style=\"font-weight: 400\">Material de la sonda: acero inoxidable 304, punta de la sonda de pl\u00e1stico resistente al calor<\/span><\/li>\n<li style=\"font-weight: 400\"><span style=\"font-weight: 400\">Precisi\u00f3n de la medici\u00f3n: \u00b11\u00b0C<\/span><\/li>\n<li style=\"font-weight: 400\"><span style=\"font-weight: 400\">Dimensiones de la sonda: 123,4 x 11,6 mm, di\u00e1metro: 5,5 mm<\/span><\/li>\n<li style=\"font-weight: 400\"><span style=\"font-weight: 400\">Dimensiones del cargador: 146 x 158 x 23,5 mm<\/span><\/li>\n<li style=\"font-weight: 400\"><span style=\"font-weight: 400\">Tipo de bater\u00eda: la sonda tiene un supercondensador; el mando a distancia tiene una bater\u00eda de iones de litio, 2000 mAh<\/span><\/li>\n<li style=\"font-weight: 400\"><span style=\"font-weight: 400\">Tiempo de carga: la sonda aprox. 20-30 minutos; el mando a distancia aprox. 6 horas<\/span><\/li>\n<li style=\"font-weight: 400\"><span style=\"font-weight: 400\">Tiempo de uso: la sonda hasta 24 horas a 25\u00b0C, m\u00e1s de 16 horas a 75\u00b0C; el mando a distancia (totalmente cargado) m\u00e1s de 300 horas<\/span><\/li>\n<li style=\"font-weight: 400\"><span style=\"font-weight: 400\">Resistente al agua: la sonda S\u00cd, el mando a distancia NO<\/span><\/li>\n<li style=\"font-weight: 400\"><span style=\"font-weight: 400\">Resistente a ca\u00eddas: la sonda S\u00cd, el mando a distancia NO<\/span><\/li>\n<\/ul>\n","protected":false},"excerpt":{"rendered":"<p><span style=\"font-weight: 400\">Term\u00f3metro inal\u00e1mbrico con cuatro sondas, que incluye una estaci\u00f3n de carga y un mando a distancia. El term\u00f3metro tiene un alcance de hasta 50 metros, ampliable mediante tel\u00e9fono y red Wi-Fi. El set incluye 4 sondas, un mando a distancia y una base de carga de bamb\u00fa.<\/span><\/p>\n<p><span style=\"font-weight: 400\">El term\u00f3metro es f\u00e1cil de usar. El tel\u00e9fono (o el mando a distancia) le avisa cuando la carne est\u00e1 lista.<\/span><\/p>\n","protected":false},"featured_media":25469,"comment_status":"open","ping_status":"closed","template":"","meta":{"footnotes":""},"class_list":["post-25478","product","type-product","status-publish","has-post-thumbnail","hentry","product_cat-accesorios-bbq"],"_links":{"self":[{"href":"https:\/\/www.grillsymbol.com\/es\/wp-json\/wp\/v2\/product\/25478","targetHints":{"allow":["GET"]}}],"collection":[{"href":"https:\/\/www.grillsymbol.com\/es\/wp-json\/wp\/v2\/product"}],"about":[{"href":"https:\/\/www.grillsymbol.com\/es\/wp-json\/wp\/v2\/types\/product"}],"replies":[{"embeddable":true,"href":"https:\/\/www.grillsymbol.com\/es\/wp-json\/wp\/v2\/comments?post=25478"}],"version-history":[{"count":0,"href":"https:\/\/www.grillsymbol.com\/es\/wp-json\/wp\/v2\/product\/25478\/revisions"}],"wp:featuredmedia":[{"embeddable":true,"href":"https:\/\/www.grillsymbol.com\/es\/wp-json\/wp\/v2\/media\/25469"}],"wp:attachment":[{"href":"https:\/\/www.grillsymbol.com\/es\/wp-json\/wp\/v2\/media?parent=25478"}],"curies":[{"name":"wp","href":"https:\/\/api.w.org\/{rel}","templated":true}]}}