{"id":25966,"date":"2025-09-03T11:30:43","date_gmt":"2025-09-03T11:30:43","guid":{"rendered":"https:\/\/www.grillsymbol.com\/shop\/uncategorized\/grillsymbol-sarten-de-hierro-fundido-para-panqueques\/"},"modified":"2025-09-03T11:30:43","modified_gmt":"2025-09-03T11:30:43","slug":"grillsymbol-sarten-de-hierro-fundido-para-panqueques","status":"publish","type":"product","link":"https:\/\/www.grillsymbol.com\/es\/shop\/sin categor\u00eda\/grillsymbol-sarten-de-hierro-fundido-para-panqueques\/","title":{"rendered":"GrillSymbol Sart\u00e9n de hierro fundido para panqueques"},"content":{"rendered":"<ul>\n<li style=\"font-weight: 400\"><span style=\"font-weight: 400\">Di\u00e1metro: 27 cm<\/span><\/li>\n<li style=\"font-weight: 400\"><span style=\"font-weight: 400\">Peso: 2 kg<\/span><\/li>\n<li style=\"font-weight: 400\"><span style=\"font-weight: 400\">Apta para su uso en parrillas, quemadores de gas o fuego abierto<\/span><\/li>\n<li style=\"font-weight: 400\"><span style=\"font-weight: 400\">Compatible con todo tipo de cocinas<\/span><\/li>\n<li style=\"font-weight: 400\"><span style=\"font-weight: 400\">En cocinas de cer\u00e1mica, es mejor levantar la sart\u00e9n de hierro fundido para evitar rayar la superficie<\/span><\/li>\n<li style=\"font-weight: 400\"><span style=\"font-weight: 400\">Requiere ser sazonada con aceite antes de su uso<\/span><\/li>\n<li style=\"font-weight: 400\"><span style=\"font-weight: 400\">Guarde la sart\u00e9n de hierro fundido en un lugar seco<\/span><\/li>\n<\/ul>\n","protected":false},"excerpt":{"rendered":"<p><span style=\"font-weight: 400\">Sart\u00e9n de hierro fundido para hacer tortitas.<\/span><\/p>\n<p><span style=\"font-weight: 400\">Sart\u00e9n de hierro fundido apta para usar en quemadores de gas, parrillas, estufas, etc. El hierro fundido ofrece una excelente conductividad t\u00e9rmica, durabilidad y un rendimiento duradero. Con los cuidados adecuados, una sart\u00e9n de hierro fundido puede durar d\u00e9cadas.<\/span><\/p>\n","protected":false},"featured_media":25957,"comment_status":"open","ping_status":"closed","template":"","meta":{"footnotes":""},"class_list":["post-25966","product","type-product","status-publish","has-post-thumbnail","hentry"],"_links":{"self":[{"href":"https:\/\/www.grillsymbol.com\/es\/wp-json\/wp\/v2\/product\/25966","targetHints":{"allow":["GET"]}}],"collection":[{"href":"https:\/\/www.grillsymbol.com\/es\/wp-json\/wp\/v2\/product"}],"about":[{"href":"https:\/\/www.grillsymbol.com\/es\/wp-json\/wp\/v2\/types\/product"}],"replies":[{"embeddable":true,"href":"https:\/\/www.grillsymbol.com\/es\/wp-json\/wp\/v2\/comments?post=25966"}],"version-history":[{"count":0,"href":"https:\/\/www.grillsymbol.com\/es\/wp-json\/wp\/v2\/product\/25966\/revisions"}],"wp:featuredmedia":[{"embeddable":true,"href":"https:\/\/www.grillsymbol.com\/es\/wp-json\/wp\/v2\/media\/25957"}],"wp:attachment":[{"href":"https:\/\/www.grillsymbol.com\/es\/wp-json\/wp\/v2\/media?parent=25966"}],"curies":[{"name":"wp","href":"https:\/\/api.w.org\/{rel}","templated":true}]}}