{"id":26104,"date":"2025-09-26T07:03:49","date_gmt":"2025-09-26T07:03:52","guid":{"rendered":"https:\/\/www.grillsymbol.com\/shop\/uncategorized\/grillsymbol-sarten-de-hierro-fundido-o-42-cm\/"},"modified":"2025-09-26T07:03:52","modified_gmt":"2025-09-26T07:03:52","slug":"grillsymbol-sarten-de-hierro-fundido-o-42-cm","status":"publish","type":"product","link":"https:\/\/www.grillsymbol.com\/es\/shop\/otros-utensilios-para-barbacoa\/grillsymbol-sarten-de-hierro-fundido-o-42-cm\/","title":{"rendered":"GrillSymbol Sart\u00e9n de hierro fundido \u00f8 42 cm"},"content":{"rendered":"<ul>\n<li style=\"font-weight: 400\"><span style=\"font-weight: 400\">Di\u00e1metro: 42 cm<\/span><\/li>\n<li style=\"font-weight: 400\"><span style=\"font-weight: 400\">Peso: 4,5 kg<\/span><\/li>\n<li style=\"font-weight: 400\"><span style=\"font-weight: 400\">Apta para su uso en parrillas, quemadores de gas o fuego abierto<\/span><\/li>\n<li style=\"font-weight: 400\"><span style=\"font-weight: 400\">Compatible con todo tipo de cocinas<\/span><\/li>\n<li style=\"font-weight: 400\"><span style=\"font-weight: 400\">En cocinas de cer\u00e1mica, es mejor levantar la sart\u00e9n de hierro fundido para evitar rayar la superficie<\/span><\/li>\n<li style=\"font-weight: 400\"><span style=\"font-weight: 400\">Requiere ser sazonada con aceite antes de su uso<\/span><\/li>\n<li style=\"font-weight: 400\"><span style=\"font-weight: 400\">Guarde la sart\u00e9n de hierro fundido en un lugar seco<\/span><\/li>\n<\/ul>\n","protected":false},"excerpt":{"rendered":"<p><span style=\"font-weight: 400\">Sart\u00e9n de hierro fundido apta para usar en quemadores de gas, parrillas, estufas, etc. El hierro fundido ofrece una excelente conductividad t\u00e9rmica, durabilidad y un rendimiento duradero. Con los cuidados adecuados, una sart\u00e9n de hierro fundido puede durar d\u00e9cadas.<\/span><\/p>\n","protected":false},"featured_media":26089,"comment_status":"open","ping_status":"closed","template":"","meta":{"footnotes":""},"class_list":["post-26104","product","type-product","status-publish","has-post-thumbnail","hentry","product_cat-otros-utensilios-para-barbacoa"],"_links":{"self":[{"href":"https:\/\/www.grillsymbol.com\/es\/wp-json\/wp\/v2\/product\/26104","targetHints":{"allow":["GET"]}}],"collection":[{"href":"https:\/\/www.grillsymbol.com\/es\/wp-json\/wp\/v2\/product"}],"about":[{"href":"https:\/\/www.grillsymbol.com\/es\/wp-json\/wp\/v2\/types\/product"}],"replies":[{"embeddable":true,"href":"https:\/\/www.grillsymbol.com\/es\/wp-json\/wp\/v2\/comments?post=26104"}],"version-history":[{"count":0,"href":"https:\/\/www.grillsymbol.com\/es\/wp-json\/wp\/v2\/product\/26104\/revisions"}],"wp:featuredmedia":[{"embeddable":true,"href":"https:\/\/www.grillsymbol.com\/es\/wp-json\/wp\/v2\/media\/26089"}],"wp:attachment":[{"href":"https:\/\/www.grillsymbol.com\/es\/wp-json\/wp\/v2\/media?parent=26104"}],"curies":[{"name":"wp","href":"https:\/\/api.w.org\/{rel}","templated":true}]}}