{"id":8783,"date":"2021-01-22T04:23:18","date_gmt":"2021-01-22T04:23:18","guid":{"rendered":"https:\/\/www.grillsymbol.com\/shop\/sin%20categor\u00eda\/grillsymbol-paella-wok-set-pro-545-inox\/"},"modified":"2023-10-13T09:07:16","modified_gmt":"2023-10-13T09:07:16","slug":"grillsymbol-quemador-de-sarten-wok-pro-545-inox-o-54-cm","status":"publish","type":"product","link":"https:\/\/www.grillsymbol.com\/es\/shop\/quemadores-de-sarten-wok\/grillsymbol-quemador-de-sarten-wok-pro-545-inox-o-54-cm\/","title":{"rendered":"GrillSymbol Quemador de sart\u00e9n wok PRO-545 inox, \u00f8 54 cm"},"content":{"rendered":"<ul>\n<li>Di\u00e1metro: 54 cm<\/li>\n<li>Capacidad: 20 porciones<\/li>\n<li>Altura: 85 cm<\/li>\n<li>Profundidad: 10 cm<\/li>\n<li>Peso: La sart\u00e9n 9 kg, kit completo 20 kg<\/li>\n<li>La sart\u00e9n esta hecha de acero inoxidable de 3 mm<\/li>\n<li>Quemador: 11,4 kW, di\u00e1metro 400 mm<\/li>\n<li>Los dos circuitos del quemador se pueden ajustar individualmente<\/li>\n<li>Consumo de gas a plena capacidad 1 kg\/h, en circunstancias normales desde 0,3 hasta 0,6 kg\/h<\/li>\n<li>El quemador se enciende el\u00e9ctricamente con la energ\u00eda de la bater\u00eda<\/li>\n<li>Las patas se desmontan y montan con tornillos (mariposa)<\/li>\n<\/ul>\n<p>&nbsp;<\/p>\n<p>\u00a1NB! La boquilla adecuada se monta en f\u00e1brica seg\u00fan el pa\u00eds de destino del pedido.<\/p>\n<p>\u00a1NB! El regulador de gas, la manguera de gas y la tapa no est\u00e1n incluidos en el set.<\/p>\n<p>&nbsp;<\/p>\n<p><strong>Ventajas del producto de la serie GrillSymbol PRO:<\/strong><\/p>\n<p>&nbsp;<\/p>\n<ul>\n<li>Triple Windshield \u2013 triple protecci\u00f3n contra el viento<\/li>\n<li>Triple Windshield \u2013 el calor se dirige directamente a la sart\u00e9n, no se desvanece<\/li>\n<li>Triple Windshield \u2013 menor consumo de gas<\/li>\n<li>Click and Cook- enciende el fuego con la bater\u00eda- olv\u00eddate de las cerillas<\/li>\n<li>Estructura y patas resistentes: el producto es estable<\/li>\n<li>Patas y protecci\u00f3n contra el viento de acero inoxidable: no se oxida y es f\u00e1cil de mantener<\/li>\n<li>El kit de soluci\u00f3n completa tambi\u00e9n incluye un regulador de gas y una manguera<\/li>\n<li>Listo para usar, premontado, el montaje toma solo dos minutos<\/li>\n<li>Las partes del quemador y de la protecci\u00f3n contra el viento se pueden usar con diferentes sartenes<\/li>\n<li>GrillSymbol \u2013 empresa familiar desde 1925. Los productos han sido desarrollados y fabricados en Estonia y probados en los pa\u00edses n\u00f3rdicos.<\/li>\n<\/ul>\n<p>&nbsp;<\/p>\n","protected":false},"excerpt":{"rendered":"<p><strong>PRO-545i: <\/strong>Wok de acero inoxidable de fondo grueso (3 mm) con muy buenas caracter\u00edsticas para cocinar y un potente quemador de gas. El wok c\u00f3ncavo te permite preparar una variedad de platos desde la cocina mediterr\u00e1nea hasta la japonesa. Se pueden preparar varias sopas en la sart\u00e9n de acero inoxidable. La forma convexa del recipiente tambi\u00e9n permite utilizar la sart\u00e9n como freidora. \u00a1Pero sobre todo, el PRO-545i es una gran herramienta para wokear!<\/p>\n<p><strong>PRO-545i <\/strong>es un modelo popular para usuarios dom\u00e9sticos que reciben a muchos invitados y organizan barbacoas. Estructura fuerte, potente quemador de gas y sart\u00e9n-wok con fondo curvo, son la mejor uni\u00f3n. Triple Windshield\u00a0garantiza la mejor protecci\u00f3n posible contra el viento y la llama de gas no se apagar\u00e1 ni con viento moderado.<\/p>\n","protected":false},"featured_media":16280,"comment_status":"open","ping_status":"closed","template":"","meta":{"footnotes":""},"class_list":["post-8783","product","type-product","status-publish","has-post-thumbnail","hentry","product_cat-quemadores-de-sarten-wok"],"_links":{"self":[{"href":"https:\/\/www.grillsymbol.com\/es\/wp-json\/wp\/v2\/product\/8783","targetHints":{"allow":["GET"]}}],"collection":[{"href":"https:\/\/www.grillsymbol.com\/es\/wp-json\/wp\/v2\/product"}],"about":[{"href":"https:\/\/www.grillsymbol.com\/es\/wp-json\/wp\/v2\/types\/product"}],"replies":[{"embeddable":true,"href":"https:\/\/www.grillsymbol.com\/es\/wp-json\/wp\/v2\/comments?post=8783"}],"version-history":[{"count":0,"href":"https:\/\/www.grillsymbol.com\/es\/wp-json\/wp\/v2\/product\/8783\/revisions"}],"wp:featuredmedia":[{"embeddable":true,"href":"https:\/\/www.grillsymbol.com\/es\/wp-json\/wp\/v2\/media\/16280"}],"wp:attachment":[{"href":"https:\/\/www.grillsymbol.com\/es\/wp-json\/wp\/v2\/media?parent=8783"}],"curies":[{"name":"wp","href":"https:\/\/api.w.org\/{rel}","templated":true}]}}