{"id":8841,"date":"2020-11-20T08:46:44","date_gmt":"2020-11-20T08:46:44","guid":{"rendered":"https:\/\/www.grillsymbol.com\/shop\/sin%20categor\u00eda\/grillsymbol-stainless-steel-fire-pit-luna-silver\/"},"modified":"2026-03-27T14:05:34","modified_gmt":"2026-03-27T14:05:34","slug":"grillsymbol-pozo-de-fuego-de-acero-inoxidable-luna-silver","status":"publish","type":"product","link":"https:\/\/www.grillsymbol.com\/es\/shop\/pozos-de-fuego\/grillsymbol-pozo-de-fuego-de-acero-inoxidable-luna-silver\/","title":{"rendered":"GrillSymbol pozo de fuego de acero inoxidable Luna-Silver"},"content":{"rendered":"<ul>\n<li>Hecho de acero inoxidable de 3-5 mm (AISI 304)<\/li>\n<li>El panel exterior no se calienta durante la cocci\u00f3n porque hay un espacio de aire entre los dos paneles<\/li>\n<li>El precio incluye la tapa, bajo la cual se puede mantener seca la le\u00f1a<\/li>\n<li>Di\u00e1metro: 119 cm<\/li>\n<li>Altura: 47 cm<\/li>\n<li>En medio canasta de cenizas\/le\u00f1a, que se pueda quitar y limpiar (Medidas: 60 x 60 x 12 cm)<\/li>\n<li>Peso del set completo: 200 kg (pozo de fuego: 100 kg aprox y piedras 100 kg aprox)<\/li>\n<li>Las piedras est\u00e1n incluidas en el set. Puedes elegir entre dos piedras diferentes: Valencia Rose (rosa claro) o Extra Black (negro). Por favor escribe el color de piedra apropiado en los comentarios del pedido<\/li>\n<li>El pozo de fuego se apoya al suelo con 3 patas<\/li>\n<li>Por su tama\u00f1o tambi\u00e9n es adecuado para espacios p\u00fablicos: jardines exteriores de restaurantes, campos de golf, zonas de fogatas en municipios\/pueblos rurales, etc<\/li>\n<\/ul>\n<p>&nbsp;<\/p>\n<p>El producto no debe instalarse sobre una superficie de madera, ya que el el pozo se calentar\u00e1 durante el fuego. Hay agujeros en el fondo de la hoguera de los que pueden caer peque\u00f1os trozos de carb\u00f3n. Los orificios en el fondo act\u00faan como desag\u00fces para evitar que se acumule agua estancada dentro de la hoguera.<\/p>\n<p><strong>\u00a1NB!<\/strong> Hay que tener en cuenta que el acero inoxidable no conserva su color en el interior, sino que se vuelve negro. Sin embargo, todas las superficies externas y visibles conservan la apariencia del acero inoxidable.<\/p>\n<p>El conjunto de parrilla ajustable en las fotos est\u00e1 disponible como accesorio (Otto y Arttu).<\/p>\n","protected":false},"excerpt":{"rendered":"<p>El pozo de fuego <strong>Luna-Silver<\/strong> est\u00e1 hecho de acero inoxidable hecho a mano. Se han dedicado muchas horas a terminar cada ejemplar y el resultado merece la pena. A primera vista, la modesta t\u00fanica tiene un brillo elegantemente oculto, \u00a1y la singularidad de Luna-Silver se revela r\u00e1pidamente! Esta fogata llama tu atenci\u00f3n y hacer fuego se convierte en un evento memorable.<\/p>\n<p><strong>Dise\u00f1o: Petteri Wiimaa<\/strong><\/p>\n<p>&nbsp;<\/p>\n","protected":false},"featured_media":23103,"comment_status":"open","ping_status":"closed","template":"","meta":{"footnotes":""},"class_list":["post-8841","product","type-product","status-publish","has-post-thumbnail","hentry","product_cat-pozos-de-fuego"],"_links":{"self":[{"href":"https:\/\/www.grillsymbol.com\/es\/wp-json\/wp\/v2\/product\/8841","targetHints":{"allow":["GET"]}}],"collection":[{"href":"https:\/\/www.grillsymbol.com\/es\/wp-json\/wp\/v2\/product"}],"about":[{"href":"https:\/\/www.grillsymbol.com\/es\/wp-json\/wp\/v2\/types\/product"}],"replies":[{"embeddable":true,"href":"https:\/\/www.grillsymbol.com\/es\/wp-json\/wp\/v2\/comments?post=8841"}],"version-history":[{"count":0,"href":"https:\/\/www.grillsymbol.com\/es\/wp-json\/wp\/v2\/product\/8841\/revisions"}],"wp:featuredmedia":[{"embeddable":true,"href":"https:\/\/www.grillsymbol.com\/es\/wp-json\/wp\/v2\/media\/23103"}],"wp:attachment":[{"href":"https:\/\/www.grillsymbol.com\/es\/wp-json\/wp\/v2\/media?parent=8841"}],"curies":[{"name":"wp","href":"https:\/\/api.w.org\/{rel}","templated":true}]}}