{"id":8880,"date":"2020-11-17T07:17:29","date_gmt":"2020-11-17T07:17:29","guid":{"rendered":"https:\/\/www.grillsymbol.com\/shop\/sin%20categor\u00eda\/grillsymbol-cor-ten-steel-flower-pot-set-clara\/"},"modified":"2026-03-26T14:05:25","modified_gmt":"2026-03-26T14:05:25","slug":"petteri-wiimaa-corten-juego-de-maceteros-clara-set","status":"publish","type":"product","link":"https:\/\/www.grillsymbol.com\/es\/shop\/jardineras-acero-corten\/petteri-wiimaa-corten-juego-de-maceteros-clara-set\/","title":{"rendered":"Petteri Wiimaa Corten juego de maceteros Clara Set"},"content":{"rendered":"<ul>\n<li>Hecho de acero Cor-Ten de 2 mm<\/li>\n<li>Hay agujeros de drenaje en la parte inferior de los maceteros<\/li>\n<li>El set incluye = 2 unds Clara M + 1 und Clara XL<\/li>\n<li>Clara M: 40*40*40 cm<\/li>\n<li>Clara XL: 60*60*60 cm<\/li>\n<li>Peso del set: 64 kg<\/li>\n<li>El macetero se entrega en partes, tiempo aproximado de montaje 50 min<\/li>\n<\/ul>\n<p>&nbsp;<\/p>\n<p><strong>\u00a1NB!<\/strong>\u00a0Tambi\u00e9n fabricamos maceteros a medida del cliente. (por ejemplo, macetas grandes para un espacio p\u00fablico)<br \/>\nArquitectos, procuradores y jardineros: escr\u00edbanos sobre sus deseos.<\/p>\n<p><strong>\u00a1NB!<\/strong> Los productos de acero Cor-Ten se entregan con una superficie sin tratar. El acero COR-TEN\u00ae completamente nuevo es de color gris como el acero laminado en caliente convencional. Puede encontrar las instrucciones de envejecimiento en nuestro sitio web o puede escanear directamente desde el producto.<\/p>\n<p>&nbsp;<\/p>\n<h5><a href=\"https:\/\/www.grillsymbol.com\/es\/instructions\/instrucciones-para-productos-cor-ten\/\" target=\"_blank\" rel=\"noopener\">Mira aqu\u00ed: Instrucciones para productos Cor-Ten<\/a><\/h5>\n","protected":false},"excerpt":{"rendered":"<p>El acero Cor-Ten es acero al carb\u00f3n casi puro, pero tratado para crear una capa protectora resistente a la intemperie en su superficie. La capa superficial es inicialmente gris\u00e1cea, luego se vuelve marr\u00f3n rojiza (un tono similar al \u00f3xido), y se oscurece a\u00fan m\u00e1s con el tiempo. Usado correctamente, el acero Cor-Ten es expresivo, duradero y libre de mantenimiento. Resiste el tiempo de una manera \u00f9nica.<\/p>\n<p>El set incluye = 2 unds Clara M + 1 und Clara XL<\/p>\n<p><strong>Dise\u00f1o: Petteri Wiimaa<\/strong><\/p>\n<p>&nbsp;<\/p>\n","protected":false},"featured_media":23607,"comment_status":"open","ping_status":"closed","template":"","meta":{"footnotes":""},"class_list":{"0":"post-8880","1":"product","2":"type-product","3":"status-publish","4":"has-post-thumbnail","5":"hentry","6":"product_cat-jardineras-desmontables","8":"product_cat-jardineras-acero-corten"},"_links":{"self":[{"href":"https:\/\/www.grillsymbol.com\/es\/wp-json\/wp\/v2\/product\/8880","targetHints":{"allow":["GET"]}}],"collection":[{"href":"https:\/\/www.grillsymbol.com\/es\/wp-json\/wp\/v2\/product"}],"about":[{"href":"https:\/\/www.grillsymbol.com\/es\/wp-json\/wp\/v2\/types\/product"}],"replies":[{"embeddable":true,"href":"https:\/\/www.grillsymbol.com\/es\/wp-json\/wp\/v2\/comments?post=8880"}],"version-history":[{"count":0,"href":"https:\/\/www.grillsymbol.com\/es\/wp-json\/wp\/v2\/product\/8880\/revisions"}],"wp:featuredmedia":[{"embeddable":true,"href":"https:\/\/www.grillsymbol.com\/es\/wp-json\/wp\/v2\/media\/23607"}],"wp:attachment":[{"href":"https:\/\/www.grillsymbol.com\/es\/wp-json\/wp\/v2\/media?parent=8880"}],"curies":[{"name":"wp","href":"https:\/\/api.w.org\/{rel}","templated":true}]}}