{"id":8935,"date":"2020-10-08T03:52:35","date_gmt":"2020-10-08T03:52:35","guid":{"rendered":"https:\/\/www.grillsymbol.com\/shop\/sin%20categor\u00eda\/grillsymbol-cor-ten-steel-flower-pot-fat-ballerina-l\/"},"modified":"2024-03-31T17:40:40","modified_gmt":"2024-03-31T17:40:40","slug":"petteri-wiimaa-jardinera-acero-corten-fat-ballerina-l","status":"publish","type":"product","link":"https:\/\/www.grillsymbol.com\/es\/shop\/jardineras-acero-corten\/petteri-wiimaa-jardinera-acero-corten-fat-ballerina-l\/","title":{"rendered":"Petteri Wiimaa Macetero acero Corten Fat Ballerina L"},"content":{"rendered":"<ul>\n<li>Hecho de acero Cor-Ten de 2 mm<\/li>\n<li>Medidas: 50 x 50 x 50 cm (largo * ancho * alto)<\/li>\n<li>Altura con las patas: 59 cm<\/li>\n<li>Peso 24 kg aprox<\/li>\n<li>El agua se drena en la parte inferior del macetero<\/li>\n<li>El macetero se entrega en partes, tiempo aproximado de montaje 20 min<\/li>\n<\/ul>\n<p>&nbsp;<\/p>\n<p><strong>\u00a1NB!<\/strong> Tambi\u00e9n fabricamos maceteros a medida del cliente. (por ejemplo, macetas grandes para un espacio p\u00fablico). Arquitectos, procuradores y jardineros: escr\u00edbanos sobre sus deseos.<\/p>\n<p><strong>\u00a1NB!<\/strong> Los productos de acero Cor-Ten se entregan con una superficie sin tratar. El acero Cor-Ten completamente nuevo es de color gris como el acero laminado en caliente convencional. Puede encontrar las instrucciones de envejecimiento en nuestro sitio web o puede escanear directamente desde el producto.<\/p>\n<p>&nbsp;<\/p>\n<h5><a href=\"https:\/\/www.grillsymbol.com\/es\/instructions\/instrucciones-para-productos-cor-ten\/\" target=\"_blank\" rel=\"noopener\">Mira aqu\u00ed: Instrucciones para productos Cor-Ten<\/a><\/h5>\n","protected":false},"excerpt":{"rendered":"<p>El acero Cor-Ten es acero al carb\u00f3n casi puro, pero tratado para crear una capa protectora resistente a la intemperie en su superficie. La capa superficial es inicialmente gris\u00e1cea, luego se vuelve marr\u00f3n rojiza (un tono similar al \u00f3xido), y se oscurece a\u00fan m\u00e1s con el tiempo. Usado correctamente, el acero Cor-Ten es expresivo, duradero y libre de mantenimiento. Resiste el tiempo de una manera \u00f9nica.<\/p>\n<p><strong>Dise\u00f1o: Petteri Wiimaa<\/strong><\/p>\n<p>&nbsp;<\/p>\n","protected":false},"featured_media":23758,"comment_status":"open","ping_status":"closed","template":"","meta":{"footnotes":""},"class_list":{"0":"post-8935","1":"product","2":"type-product","3":"status-publish","4":"has-post-thumbnail","5":"hentry","6":"product_cat-jardineras-desmontables","8":"product_cat-jardineras-acero-corten"},"_links":{"self":[{"href":"https:\/\/www.grillsymbol.com\/es\/wp-json\/wp\/v2\/product\/8935","targetHints":{"allow":["GET"]}}],"collection":[{"href":"https:\/\/www.grillsymbol.com\/es\/wp-json\/wp\/v2\/product"}],"about":[{"href":"https:\/\/www.grillsymbol.com\/es\/wp-json\/wp\/v2\/types\/product"}],"replies":[{"embeddable":true,"href":"https:\/\/www.grillsymbol.com\/es\/wp-json\/wp\/v2\/comments?post=8935"}],"version-history":[{"count":0,"href":"https:\/\/www.grillsymbol.com\/es\/wp-json\/wp\/v2\/product\/8935\/revisions"}],"wp:featuredmedia":[{"embeddable":true,"href":"https:\/\/www.grillsymbol.com\/es\/wp-json\/wp\/v2\/media\/23758"}],"wp:attachment":[{"href":"https:\/\/www.grillsymbol.com\/es\/wp-json\/wp\/v2\/media?parent=8935"}],"curies":[{"name":"wp","href":"https:\/\/api.w.org\/{rel}","templated":true}]}}