{"id":9045,"date":"2020-03-31T07:33:36","date_gmt":"2020-03-31T07:33:36","guid":{"rendered":"https:\/\/www.grillsymbol.com\/shop\/sin%20categor\u00eda\/grillsymbol-paella-gas-burner-25-kw\/"},"modified":"2022-04-24T19:37:28","modified_gmt":"2022-04-24T19:37:28","slug":"quemador-de-gas-grillsymbol-para-exterior-b700","status":"publish","type":"product","link":"https:\/\/www.grillsymbol.com\/es\/shop\/paelleros\/quemador-de-gas-grillsymbol-para-exterior-b700\/","title":{"rendered":"Quemador de gas GrillSymbol para exterior B700"},"content":{"rendered":"<ul>\n<li>Quemador: 25 kW, di\u00e1metro 70 cm<\/li>\n<li>Los tres circuitos del paellero se pueden ajustar por separado<\/li>\n<li>Consumo de gas a plena capacidad : 1,7 kg\/h, en condiciones normales 0,5-1 kg\/h<\/li>\n<\/ul>\n","protected":false},"excerpt":{"rendered":"<p>Una excelente soluci\u00f3n para la elaboraci\u00f3n de diversos platos y conservas en la cocina de verano. Tambi\u00e9n apto para paelleras, tama\u00f1o de la sart\u00e9n a partir de 80 cm.<\/p>\n","protected":false},"featured_media":3999,"comment_status":"open","ping_status":"closed","template":"","meta":{"footnotes":""},"class_list":["post-9045","product","type-product","status-publish","has-post-thumbnail","hentry","product_cat-paelleros"],"_links":{"self":[{"href":"https:\/\/www.grillsymbol.com\/es\/wp-json\/wp\/v2\/product\/9045","targetHints":{"allow":["GET"]}}],"collection":[{"href":"https:\/\/www.grillsymbol.com\/es\/wp-json\/wp\/v2\/product"}],"about":[{"href":"https:\/\/www.grillsymbol.com\/es\/wp-json\/wp\/v2\/types\/product"}],"replies":[{"embeddable":true,"href":"https:\/\/www.grillsymbol.com\/es\/wp-json\/wp\/v2\/comments?post=9045"}],"version-history":[{"count":0,"href":"https:\/\/www.grillsymbol.com\/es\/wp-json\/wp\/v2\/product\/9045\/revisions"}],"wp:featuredmedia":[{"embeddable":true,"href":"https:\/\/www.grillsymbol.com\/es\/wp-json\/wp\/v2\/media\/3999"}],"wp:attachment":[{"href":"https:\/\/www.grillsymbol.com\/es\/wp-json\/wp\/v2\/media?parent=9045"}],"curies":[{"name":"wp","href":"https:\/\/api.w.org\/{rel}","templated":true}]}}