{"id":9108,"date":"2019-06-18T12:56:19","date_gmt":"2019-06-18T12:56:19","guid":{"rendered":"https:\/\/www.grillsymbol.com\/shop\/sin%20categor\u00eda\/grillsymbol-cor-ten-steel-flower-pot-set-sisters\/"},"modified":"2023-12-21T09:08:27","modified_gmt":"2023-12-21T09:08:27","slug":"petteri-wiimaa-corten-juego-de-maceteros-sisters-set","status":"publish","type":"product","link":"https:\/\/www.grillsymbol.com\/es\/shop\/jardineras-acero-corten\/petteri-wiimaa-corten-juego-de-maceteros-sisters-set\/","title":{"rendered":"Petteri Wiimaa Corten juego de maceteros Sisters Set"},"content":{"rendered":"<ul>\n<li>Hechos de acero Cor-Ten de 2 mm<\/li>\n<li>El agua se drena en la parte inferior del macetero<\/li>\n<\/ul>\n<p>&nbsp;<\/p>\n<p><strong>El set incluye 3 maceteros de diferentes tama\u00f1os:<\/strong><\/p>\n<p>1 und Meri: di\u00e1metro 46 cm\/ altura 65 cm\/ peso 19 kg<br \/>\n1 und Myy: di\u00e1metro 53 cm\/ altura 49 cm\/ peso 18 kg<br \/>\n1 und Mia: di\u00e1metro 60 cm\/ altura 37 cm\/ peso 18 kg<\/p>\n<p>&nbsp;<\/p>\n<p><strong>\u00a1NB!<\/strong> La maceta est\u00e1 hecha a mano, por lo que pueden aparecer ligeros desniveles en los puntos de soldadura del producto sin capa de \u00f3xido. Sin embargo, a medida que se forma la capa de \u00f3xido Cor-Ten, estas irregularidades desvanecen.<\/p>\n<p><strong>\u00a1NB!<\/strong>\u00a0Tambi\u00e9n fabricamos maceteros a medida del cliente. (por ejemplo, macetas grandes para un espacio p\u00fablico)<br \/>\nArquitectos, procuradores y jardineros: escr\u00edbanos sobre sus deseos.<\/p>\n<p><strong>\u00a1NB!<\/strong> Los productos de acero Cor-Ten se entregan con una superficie sin tratar. El acero Cor-Ten completamente nuevo es de color gris como el acero laminado en caliente convencional. Puede encontrar las instrucciones de envejecimiento en nuestro sitio web o puede escanear directamente desde el producto.<\/p>\n<p>&nbsp;<\/p>\n<h5><a href=\"https:\/\/www.grillsymbol.com\/es\/instructions\/instrucciones-para-productos-cor-ten\/\" target=\"_blank\" rel=\"noopener\">Mira aqu\u00ed: Instrucciones para productos Cor-Ten<\/a><\/h5>\n","protected":false},"excerpt":{"rendered":"<p>El acero Cor-Ten es acero al carb\u00f3n casi puro, pero tratado para crear una capa protectora resistente a la intemperie en su superficie. La capa superficial es inicialmente gris\u00e1cea, luego se vuelve marr\u00f3n rojiza (un tono similar al \u00f3xido), y se oscurece a\u00fan m\u00e1s con el tiempo. Usado correctamente, el acero Cor-Ten es expresivo, duradero y libre de mantenimiento. Resiste el tiempo de una manera \u00f9nica.<\/p>\n<p><strong>Dise\u00f1o: Petteri Wiimaa<\/strong><\/p>\n<p>&nbsp;<\/p>\n","protected":false},"featured_media":12410,"comment_status":"open","ping_status":"closed","template":"","meta":{"footnotes":""},"class_list":["post-9108","product","type-product","status-publish","has-post-thumbnail","hentry","product_cat-jardineras-acero-corten"],"_links":{"self":[{"href":"https:\/\/www.grillsymbol.com\/es\/wp-json\/wp\/v2\/product\/9108","targetHints":{"allow":["GET"]}}],"collection":[{"href":"https:\/\/www.grillsymbol.com\/es\/wp-json\/wp\/v2\/product"}],"about":[{"href":"https:\/\/www.grillsymbol.com\/es\/wp-json\/wp\/v2\/types\/product"}],"replies":[{"embeddable":true,"href":"https:\/\/www.grillsymbol.com\/es\/wp-json\/wp\/v2\/comments?post=9108"}],"version-history":[{"count":0,"href":"https:\/\/www.grillsymbol.com\/es\/wp-json\/wp\/v2\/product\/9108\/revisions"}],"wp:featuredmedia":[{"embeddable":true,"href":"https:\/\/www.grillsymbol.com\/es\/wp-json\/wp\/v2\/media\/12410"}],"wp:attachment":[{"href":"https:\/\/www.grillsymbol.com\/es\/wp-json\/wp\/v2\/media?parent=9108"}],"curies":[{"name":"wp","href":"https:\/\/api.w.org\/{rel}","templated":true}]}}