{"id":9302,"date":"2019-05-02T05:06:34","date_gmt":"2019-05-02T05:06:34","guid":{"rendered":"https:\/\/www.grillsymbol.com\/shop\/sin%20categor\u00eda\/grillsymbol-wok-pan-wp-545\/"},"modified":"2022-04-20T16:42:30","modified_gmt":"2022-04-20T16:42:30","slug":"grillsymbol-sarten-wok-wp-545-o-54-cm","status":"publish","type":"product","link":"https:\/\/www.grillsymbol.com\/es\/shop\/paelleras-y-sartenes-wok\/grillsymbol-sarten-wok-wp-545-o-54-cm\/","title":{"rendered":"GrillSymbol sart\u00e9n wok WP-545, \u00f8 54 cm"},"content":{"rendered":"<ul>\n<li>Di\u00e1metro: 54 cm<\/li>\n<li>Capacidad: 20 porciones<\/li>\n<li>Profundidad: 10 cm<\/li>\n<li>Peso: 9 kg<\/li>\n<li>La sart\u00e9n esta hecha de acero laminado en caliente de 3 mm<\/li>\n<\/ul>\n","protected":false},"excerpt":{"rendered":"<p>Ideal para cocinar en una cocina exterior, en una fogata o en un quemador de gas.<\/p>\n<p>La sart\u00e9n de acero, profunda y de fondo grueso (3 mm) tiene una gran capacidad. La forma curva de la sart\u00e9n, permite utilizarla como freidora: Churros, bu\u00f1uelos, tempura, rollitos de primavera, etc.<\/p>\n<p>Si tienes el set de sartenes GrillSymbol PRO-580 o PRO-580 inox, te recomendamos que compres la sart\u00e9n wok con adaptador, es decir, el producto WS-545i, y te llevas un set de sartenes multifuncional, donde cambiando de sart\u00e9n, podr\u00e1s hacer una gran variedad de platos.<\/p>\n<p>Disponible tambi\u00e9n la tapa ligera de aluminio L545.<\/p>\n","protected":false},"featured_media":14020,"comment_status":"open","ping_status":"closed","template":"","meta":{"footnotes":""},"class_list":["post-9302","product","type-product","status-publish","has-post-thumbnail","hentry","product_cat-paelleras-y-sartenes-wok"],"_links":{"self":[{"href":"https:\/\/www.grillsymbol.com\/es\/wp-json\/wp\/v2\/product\/9302","targetHints":{"allow":["GET"]}}],"collection":[{"href":"https:\/\/www.grillsymbol.com\/es\/wp-json\/wp\/v2\/product"}],"about":[{"href":"https:\/\/www.grillsymbol.com\/es\/wp-json\/wp\/v2\/types\/product"}],"replies":[{"embeddable":true,"href":"https:\/\/www.grillsymbol.com\/es\/wp-json\/wp\/v2\/comments?post=9302"}],"version-history":[{"count":0,"href":"https:\/\/www.grillsymbol.com\/es\/wp-json\/wp\/v2\/product\/9302\/revisions"}],"wp:featuredmedia":[{"embeddable":true,"href":"https:\/\/www.grillsymbol.com\/es\/wp-json\/wp\/v2\/media\/14020"}],"wp:attachment":[{"href":"https:\/\/www.grillsymbol.com\/es\/wp-json\/wp\/v2\/media?parent=9302"}],"curies":[{"name":"wp","href":"https:\/\/api.w.org\/{rel}","templated":true}]}}