{"id":9338,"date":"2019-05-02T04:54:11","date_gmt":"2019-05-02T04:54:11","guid":{"rendered":"https:\/\/www.grillsymbol.com\/shop\/sin%20categor\u00eda\/grillsymbol-wok-solution-450-inox\/"},"modified":"2022-04-19T19:12:42","modified_gmt":"2022-04-19T19:12:42","slug":"grillsymbol-sarten-wok-450-inox","status":"publish","type":"product","link":"https:\/\/www.grillsymbol.com\/es\/shop\/paelleras-y-sartenes-wok\/grillsymbol-sarten-wok-450-inox\/","title":{"rendered":"GrillSymbol sart\u00e9n wok 450 inox"},"content":{"rendered":"<ul>\n<li>Di\u00e1metro: 45 cm<\/li>\n<li>Capacidad: 10-12 porciones<\/li>\n<li>Profundidad: 10 cm<\/li>\n<li>Peso: 6 kg<\/li>\n<li>La sart\u00e9n esta hecha de acero inoxidable de 3 mm<\/li>\n<li>Incluye el adaptador<\/li>\n<\/ul>\n","protected":false},"excerpt":{"rendered":"<p><strong>WS-450<\/strong> se puede instalar\u00a0 en los modelos PRO-460 y PRO-460 inox y en la estufa de gas TW-460\/ TW-460i. El set incluye sart\u00e9n + adaptador. Si lo combinas con la soluci\u00f3n de wok, obtienes un juego de sartenes multifuncional, donde puedes preparar una amplia variedad de platos cambiando la sart\u00e9n.<\/p>\n<p>El wok de 45 cm de di\u00e1metro es espacioso. La forma curva de la sart\u00e9n (adem\u00e1s de para hacer platos wok) permite utilizar la sart\u00e9n como freidora: Churros, bu\u00f1uelos, tempura, rollitos de primavera, etc. El wok de acero inoxidable es una herramienta ideal para hacer distintas sopas.<\/p>\n<p>Disponible tapa ligera de aluminio L450.<\/p>\n","protected":false},"featured_media":13983,"comment_status":"open","ping_status":"closed","template":"","meta":{"footnotes":""},"class_list":["post-9338","product","type-product","status-publish","has-post-thumbnail","hentry","product_cat-paelleras-y-sartenes-wok"],"_links":{"self":[{"href":"https:\/\/www.grillsymbol.com\/es\/wp-json\/wp\/v2\/product\/9338","targetHints":{"allow":["GET"]}}],"collection":[{"href":"https:\/\/www.grillsymbol.com\/es\/wp-json\/wp\/v2\/product"}],"about":[{"href":"https:\/\/www.grillsymbol.com\/es\/wp-json\/wp\/v2\/types\/product"}],"replies":[{"embeddable":true,"href":"https:\/\/www.grillsymbol.com\/es\/wp-json\/wp\/v2\/comments?post=9338"}],"version-history":[{"count":0,"href":"https:\/\/www.grillsymbol.com\/es\/wp-json\/wp\/v2\/product\/9338\/revisions"}],"wp:featuredmedia":[{"embeddable":true,"href":"https:\/\/www.grillsymbol.com\/es\/wp-json\/wp\/v2\/media\/13983"}],"wp:attachment":[{"href":"https:\/\/www.grillsymbol.com\/es\/wp-json\/wp\/v2\/media?parent=9338"}],"curies":[{"name":"wp","href":"https:\/\/api.w.org\/{rel}","templated":true}]}}