{"id":9354,"date":"2019-04-24T05:59:26","date_gmt":"2019-04-24T05:59:26","guid":{"rendered":"https:\/\/www.grillsymbol.com\/shop\/sin%20categor\u00eda\/grillsymbol-naked-chef-xl-charcoal-bbq\/"},"modified":"2026-03-31T09:11:40","modified_gmt":"2026-03-31T09:11:40","slug":"grillsymbol-barbacoa-de-carbon-naked-chef-xl","status":"publish","type":"product","link":"https:\/\/www.grillsymbol.com\/es\/shop\/barbacoas-ahumadora-y-barbacoas-de-carbon\/grillsymbol-barbacoa-de-carbon-naked-chef-xl\/","title":{"rendered":"GrillSymbol Barbacoa de carb\u00f3n Naked Chef XL"},"content":{"rendered":"<ul>\n<li>Material: acero Cor-Ten de 3 mm<\/li>\n<li>Medidas: 122X35 x 80 cm (largo * ancho * alto)<\/li>\n<li>Peso: 30 kg<\/li>\n<li>Superficie de cocci\u00f3n: 110 x 34 cm<\/li>\n<li>Las medidas de la rejilla: 40 x 33 cm (acero inoxidable, 2 piezas)<\/li>\n<li>Para hacer una barbacoa, utiliza carb\u00f3n, briquetas o quema el carb\u00f3n tu mismo<\/li>\n<li>A los lados de la barbacoa hay orificios de ventilaci\u00f3n que garantizan un buen intercambio de aire<\/li>\n<li>Se entregan por piezas, tiempo aproximado de montaje 30 min<\/li>\n<\/ul>\n<p>&nbsp;<\/p>\n<p>Equipamiento adicional:<\/p>\n<ul>\n<li>Tapa de la barbacoa de acero inoxidable: CL-XL<\/li>\n<li>Rejilla de acero para cocinar: ZZG<\/li>\n<li>Rejilla de acero inoxidable: CG-1<\/li>\n<li>Bandeja de horno de acero: FTG<\/li>\n<li>Juego de sartenes wok: WPS<\/li>\n<li>Juego de plancha de acero: BPS<\/li>\n<li>Juego de planchas de acero inoxidable: BPSI<\/li>\n<li>Sart\u00e9n de hierro fundido: FP-16<\/li>\n<li>Juego de brochetas: SKEW-47<\/li>\n<li>Superficie de las estanter\u00edas intermedias: CMR-XL<\/li>\n<\/ul>\n<p>&nbsp;<\/p>\n<p><strong>\u00a1NB!<\/strong>\u00a0Los productos de acero Cor-Ten se entregan con una superficie sin tratar. El acero Cor-Ten completamente nuevo es de color gris como el acero laminado en caliente convencional. Puede encontrar las instrucciones de envejecimiento en nuestro sitio web o puede escanear directamente desde el producto.<\/p>\n<p>&nbsp;<\/p>\n<h5><a href=\"https:\/\/www.grillsymbol.com\/es\/instructions\/instrucciones-para-productos-cor-ten\/\" target=\"_blank\" rel=\"noopener\">Mira aqu\u00ed: Instrucciones para productos Cor-Ten<\/a><\/h5>\n","protected":false},"excerpt":{"rendered":"<p>Las barbacoas de carb\u00f3n Naked Chef son barbacoas cl\u00e1sicas para shashlik o salchichas hechas de materiales modernos. En 2024, hemos lanzado un nuevo modelo que es m\u00e1s funcional que su predecesor.<\/p>\n<p>\u00a1El material tambi\u00e9n se ha usado como en los viejos tiempos! El cuerpo de la barbacoa est\u00e1 fabricado en acero Cor-Ten de 3 mm, que mantiene estable la temperatura durante la cocci\u00f3n. Las patas de la parrilla y los detalles m\u00e1s peque\u00f1os est\u00e1n dise\u00f1ados de tal manera que puedan fabricarse a partir de residuos de materiales generados durante la producci\u00f3n de otros productos.<\/p>\n<p>Queremos encontrar un t\u00e9rmino medio en nuestros procesos de producci\u00f3n: materiales duraderos, m\u00ednimo desperdicio de producci\u00f3n y el menor impacto ambiental posible.<\/p>\n<p>Ofrecemos una selecci\u00f3n de equipos para la barbacoa Chef-NXL.<\/p>\n","protected":false},"featured_media":23071,"comment_status":"open","ping_status":"closed","template":"","meta":{"footnotes":""},"class_list":["post-9354","product","type-product","status-publish","has-post-thumbnail","hentry","product_cat-barbacoas-ahumadora-y-barbacoas-de-carbon"],"_links":{"self":[{"href":"https:\/\/www.grillsymbol.com\/es\/wp-json\/wp\/v2\/product\/9354","targetHints":{"allow":["GET"]}}],"collection":[{"href":"https:\/\/www.grillsymbol.com\/es\/wp-json\/wp\/v2\/product"}],"about":[{"href":"https:\/\/www.grillsymbol.com\/es\/wp-json\/wp\/v2\/types\/product"}],"replies":[{"embeddable":true,"href":"https:\/\/www.grillsymbol.com\/es\/wp-json\/wp\/v2\/comments?post=9354"}],"version-history":[{"count":0,"href":"https:\/\/www.grillsymbol.com\/es\/wp-json\/wp\/v2\/product\/9354\/revisions"}],"wp:featuredmedia":[{"embeddable":true,"href":"https:\/\/www.grillsymbol.com\/es\/wp-json\/wp\/v2\/media\/23071"}],"wp:attachment":[{"href":"https:\/\/www.grillsymbol.com\/es\/wp-json\/wp\/v2\/media?parent=9354"}],"curies":[{"name":"wp","href":"https:\/\/api.w.org\/{rel}","templated":true}]}}