{"id":9485,"date":"2019-04-18T09:06:14","date_gmt":"2019-04-18T09:06:14","guid":{"rendered":"https:\/\/www.grillsymbol.com\/shop\/sin%20categor\u00eda\/paella-skillet-wild-chef-set-460\/"},"modified":"2024-11-07T10:45:18","modified_gmt":"2024-11-07T10:45:18","slug":"outlet-grillsymbol-paellera-para-fuego-de-lena-wild-chef-set-o-46-cm","status":"publish","type":"product","link":"https:\/\/www.grillsymbol.com\/es\/shop\/outlet-es\/outlet-grillsymbol-paellera-para-fuego-de-lena-wild-chef-set-o-46-cm\/","title":{"rendered":"OUTLET GrillSymbol paellera para fuego de le\u00f1a Wild Chef Set, \u00f8 46 cm"},"content":{"rendered":"<ul>\n<li>Di\u00e1metro de la sart\u00e9n: 46 cm<\/li>\n<li>Capacidad: 4-8 porciones<\/li>\n<li>Altura: 5 cm<\/li>\n<li>Peso: 5 kg<\/li>\n<li>Hecha de acero de 3 mm<\/li>\n<li>Material de la parrilla en medio de la sart\u00e9n: acero de 8 mm<\/li>\n<li>La sart\u00e9n es adecuada para la parrilla de carb\u00f3n Weber de 47 cm<\/li>\n<li>3 patas, altura desde el suelo 25 cm<\/li>\n<li>Las patas se ajustan con roscas<\/li>\n<li>Las patas son firmes y fuertes<\/li>\n<\/ul>\n<p>&nbsp;<\/p>\n<p>El producto no debe instalarse sobre una superficie de madera, ya que la base se calentar\u00e1 cuando se haga el fuego. Hay agujeros en el fondo de la hoguera y pueden caer peque\u00f1os trozos de carb\u00f3n. Los orificios en el fondo act\u00faan como desag\u00fces para evitar que se acumule agua estancada dentro de la hoguera.<\/p>\n","protected":false},"excerpt":{"rendered":"<p>Sart\u00e9n multifuncional con buenas caracter\u00edsticas para cocinar, donde los alimentos se pueden fre\u00edr, hervir y asar al mismo tiempo. Patas f\u00e1ciles de instalar incluidas.<\/p>\n<p>La sart\u00e9n es perfecta para cocinar carnes, pescados y verduras, as\u00ed como para preparar diversos arroces o tortitas. En el centro de la sart\u00e9n hay una abertura cubierta con una rejilla (di\u00e1metro 10 cm), que se puede utilizar como placa de cocci\u00f3n o para asar carne a la parrilla a fuego abierto. La capacidad de la sart\u00e9n es de hasta 4 litros gracias al borde alto, lo que permite hacer incluso guisos a la parrilla o al fuego abierto.<\/p>\n","protected":false},"featured_media":9486,"comment_status":"open","ping_status":"closed","template":"","meta":{"footnotes":""},"class_list":["post-9485","product","type-product","status-publish","has-post-thumbnail","hentry","product_cat-outlet-es"],"_links":{"self":[{"href":"https:\/\/www.grillsymbol.com\/es\/wp-json\/wp\/v2\/product\/9485","targetHints":{"allow":["GET"]}}],"collection":[{"href":"https:\/\/www.grillsymbol.com\/es\/wp-json\/wp\/v2\/product"}],"about":[{"href":"https:\/\/www.grillsymbol.com\/es\/wp-json\/wp\/v2\/types\/product"}],"replies":[{"embeddable":true,"href":"https:\/\/www.grillsymbol.com\/es\/wp-json\/wp\/v2\/comments?post=9485"}],"version-history":[{"count":0,"href":"https:\/\/www.grillsymbol.com\/es\/wp-json\/wp\/v2\/product\/9485\/revisions"}],"wp:featuredmedia":[{"embeddable":true,"href":"https:\/\/www.grillsymbol.com\/es\/wp-json\/wp\/v2\/media\/9486"}],"wp:attachment":[{"href":"https:\/\/www.grillsymbol.com\/es\/wp-json\/wp\/v2\/media?parent=9485"}],"curies":[{"name":"wp","href":"https:\/\/api.w.org\/{rel}","templated":true}]}}