{"id":9561,"date":"2019-04-17T09:54:15","date_gmt":"2019-04-17T09:54:15","guid":{"rendered":"https:\/\/www.grillsymbol.com\/shop\/sin%20categor\u00eda\/grillsymbol-paella-frying-pan-set-basic-720\/"},"modified":"2023-10-13T08:52:14","modified_gmt":"2023-10-13T08:52:14","slug":"grillsymbol-barbacoa-paellero-basic-720-o-72-cm","status":"publish","type":"product","link":"https:\/\/www.grillsymbol.com\/es\/shop\/barbacoas-paellero\/grillsymbol-barbacoa-paellero-basic-720-o-72-cm\/","title":{"rendered":"GrillSymbol Barbacoa paellero Expert-720, \u00f8 72 cm"},"content":{"rendered":"<ul>\n<li>Di\u00e1metro: 72 cm<\/li>\n<li>Di\u00e1metro de base: 61 cm<\/li>\n<li>Capacidad: 20-30 porciones<\/li>\n<li>Altura: 85 cm<\/li>\n<li>Altura del borde de la sart\u00e9n: 5 cm<\/li>\n<li>Peso: La sart\u00e9n 10 kg, el kit completo 20 kg<\/li>\n<li>La sart\u00e9n est\u00e1 hecha de acero de 3 mm, las patas est\u00e1n pintadas en acero (gris\/ negro)<\/li>\n<li>La protecci\u00f3n contra el viento de acero inoxidable es f\u00e1cil de mantener<\/li>\n<li>El quemador: 13,5 kW, di\u00e1metro de 500 mm (Garcima)<\/li>\n<li>Los dos circuitos del quemador se pueden ajustar por separado<\/li>\n<li>Consumo de gas a plena capacidad 1 kg\/h, en circunstancias normales desde 0,4 hasta 0,7 kg\/h<\/li>\n<li>Las patas se desmontan y montan con tornillos (mariposa)<\/li>\n<li>Listo para usar, premontado, el montaje toma solo unos minutos<\/li>\n<\/ul>\n<p>&nbsp;<\/p>\n<p>\u00a1NB! La boquilla adecuada se monta en f\u00e1brica seg\u00fan el pa\u00eds de destino del pedido.<\/p>\n<p>\u00a1NB! El regulador de gas, la manguera de gas y la tapa no est\u00e1n incluidos en el set.<\/p>\n","protected":false},"excerpt":{"rendered":"<p><strong>Sart\u00e9n de acero con borde alto\u00a0<\/strong>y muy buenas caracter\u00edsticas para cocinar \u2013 carne, pescado, verduras, y una variedad de arroces. Tambi\u00e9n es ideal para hacer unas deliciosas crepes\/ tortitas. \u00a1Usa tu imaginaci\u00f3n y prepara tu plato favorito!<\/p>\n<p><strong>Expert-720<\/strong> es lo suficientemente grande como para adaptarse a un peque\u00f1o proveedor. Estructura fuerte, potente quemador de gas, peso ligero y sart\u00e9n con borde alto, es una uni\u00f3n perfecta. Permite preparar diversos platos con ingredientes tanto crudos como precocinados. En la sart\u00e9n caben 20-30 porciones, dependiendo de lo que vayan a preparar. El fondo plano de la bandeja permite mantener la comida caliente. A medida que se calienta, el fondo de la sart\u00e9n se vuelve ligeramente c\u00f3ncavo en el medio. El borde de la sart\u00e9n de 5 cm de altura,\u00a0 permite guisar y cocer al vapor los alimentos (debajo de la tapa), lo que es una gran ventaja en comparaci\u00f3n con una sart\u00e9n con el borde bajo.<\/p>\n","protected":false},"featured_media":24660,"comment_status":"open","ping_status":"closed","template":"","meta":{"footnotes":""},"class_list":["post-9561","product","type-product","status-publish","has-post-thumbnail","hentry","product_cat-barbacoas-paellero"],"_links":{"self":[{"href":"https:\/\/www.grillsymbol.com\/es\/wp-json\/wp\/v2\/product\/9561","targetHints":{"allow":["GET"]}}],"collection":[{"href":"https:\/\/www.grillsymbol.com\/es\/wp-json\/wp\/v2\/product"}],"about":[{"href":"https:\/\/www.grillsymbol.com\/es\/wp-json\/wp\/v2\/types\/product"}],"replies":[{"embeddable":true,"href":"https:\/\/www.grillsymbol.com\/es\/wp-json\/wp\/v2\/comments?post=9561"}],"version-history":[{"count":0,"href":"https:\/\/www.grillsymbol.com\/es\/wp-json\/wp\/v2\/product\/9561\/revisions"}],"wp:featuredmedia":[{"embeddable":true,"href":"https:\/\/www.grillsymbol.com\/es\/wp-json\/wp\/v2\/media\/24660"}],"wp:attachment":[{"href":"https:\/\/www.grillsymbol.com\/es\/wp-json\/wp\/v2\/media?parent=9561"}],"curies":[{"name":"wp","href":"https:\/\/api.w.org\/{rel}","templated":true}]}}